{"id":42586,"date":"2025-02-25T09:40:20","date_gmt":"2025-02-25T09:40:20","guid":{"rendered":"https:\/\/afiliapub.com\/what-is-your-talent\/"},"modified":"2025-10-14T13:02:17","modified_gmt":"2025-10-14T13:02:17","slug":"candidate-se-as-nossas-ofertas-de-emprego","status":"publish","type":"page","link":"https:\/\/afiliapub.com\/pt-br\/candidate-se-as-nossas-ofertas-de-emprego\/","title":{"rendered":"Candidate-se \u00e0s nossas ofertas de emprego"},"content":{"rendered":"\t\t<div data-elementor-type=\"wp-page\" data-elementor-id=\"42586\" class=\"elementor elementor-42586 elementor-41967\">\n\t\t\t\t\t\t<section class=\"elementor-section elementor-top-section elementor-element elementor-element-683b83c elementor-section-boxed elementor-section-height-default elementor-section-height-default\" data-id=\"683b83c\" data-element_type=\"section\" data-e-type=\"section\">\n\t\t\t\t\t\t<div class=\"elementor-container elementor-column-gap-default\">\n\t\t\t\t\t<div class=\"elementor-column elementor-col-100 elementor-top-column elementor-element elementor-element-e13866a\" data-id=\"e13866a\" data-element_type=\"column\" data-e-type=\"column\">\n\t\t\t<div class=\"elementor-widget-wrap elementor-element-populated\">\n\t\t\t\t\t\t<div class=\"elementor-element elementor-element-320cc37 elementor-widget elementor-widget-elementskit-heading\" data-id=\"320cc37\" data-element_type=\"widget\" data-e-type=\"widget\" data-widget_type=\"elementskit-heading.default\">\n\t\t\t\t<div class=\"elementor-widget-container\">\n\t\t\t\t\t<div class=\"ekit-wid-con\" ><div class=\"ekit-heading elementskit-section-title-wraper text_center   ekit_heading_tablet-   ekit_heading_mobile-\"><h2 class=\"ekit-heading--title elementskit-section-title \">Seu talento, nossa vis\u00e3o - Construa seu caminho profissional<\/h2><\/div><\/div>\t\t\t\t<\/div>\n\t\t\t\t<\/div>\n\t\t\t\t\t<\/div>\n\t\t<\/div>\n\t\t\t\t\t<\/div>\n\t\t<\/section>\n\t\t\t\t<section class=\"elementor-section elementor-top-section elementor-element elementor-element-9e055b8 elementor-section-boxed elementor-section-height-default elementor-section-height-default\" data-id=\"9e055b8\" data-element_type=\"section\" data-e-type=\"section\">\n\t\t\t\t\t\t<div class=\"elementor-container elementor-column-gap-default\">\n\t\t\t\t\t<div class=\"elementor-column elementor-col-100 elementor-top-column elementor-element elementor-element-780da1a\" data-id=\"780da1a\" data-element_type=\"column\" data-e-type=\"column\">\n\t\t\t<div class=\"elementor-widget-wrap elementor-element-populated\">\n\t\t\t\t\t\t<div class=\"elementor-element elementor-element-c185415 elementor-widget elementor-widget-elementskit-heading\" data-id=\"c185415\" data-element_type=\"widget\" data-e-type=\"widget\" data-widget_type=\"elementskit-heading.default\">\n\t\t\t\t<div class=\"elementor-widget-container\">\n\t\t\t\t\t<div class=\"ekit-wid-con\" ><div class=\"ekit-heading elementskit-section-title-wraper text_left   ekit_heading_tablet-   ekit_heading_mobile-\">\t\t\t\t<div class='ekit-heading__description'>\n\t\t\t\t\t<p>Na Afiliapub estamos constantemente \u00e0 procura de\u00a0<strong>novos talentos que possam contribuir com seus conhecimentos e estejam entusiasmados com o Marketing de Afiliados<\/strong>, portanto, se sua carreira profissional est\u00e1 focada em qualquer uma dessas posi\u00e7\u00f5es, gostar\u00edamos de ouvi-lo e considerar sua candidatura.<\/p>\n\t\t\t\t<\/div>\n\t\t\t<\/div><\/div>\t\t\t\t<\/div>\n\t\t\t\t<\/div>\n\t\t\t\t\t<\/div>\n\t\t<\/div>\n\t\t\t\t\t<\/div>\n\t\t<\/section>\n\t\t\t\t<section class=\"elementor-section elementor-top-section elementor-element elementor-element-a5d317b elementor-section-content-middle elementor-reverse-mobile elementor-section-boxed elementor-section-height-default elementor-section-height-default\" data-id=\"a5d317b\" data-element_type=\"section\" data-e-type=\"section\">\n\t\t\t\t\t\t<div class=\"elementor-container elementor-column-gap-default\">\n\t\t\t\t\t<div class=\"elementor-column elementor-col-50 elementor-top-column elementor-element elementor-element-12c7b6b\" data-id=\"12c7b6b\" data-element_type=\"column\" data-e-type=\"column\">\n\t\t\t<div class=\"elementor-widget-wrap elementor-element-populated\">\n\t\t\t\t\t\t<div class=\"elementor-element elementor-element-b52893c animate-charcter elementor-widget elementor-widget-heading\" data-id=\"b52893c\" data-element_type=\"widget\" data-e-type=\"widget\" data-widget_type=\"heading.default\">\n\t\t\t\t<div class=\"elementor-widget-container\">\n\t\t\t\t\t<h2 class=\"elementor-heading-title elementor-size-default\">Fa\u00e7a parte da equipe!<\/h2>\t\t\t\t<\/div>\n\t\t\t\t<\/div>\n\t\t\t\t<div class=\"elementor-element elementor-element-a230135 elementor-hidden-mobile elementor-widget elementor-widget-elementskit-heading\" data-id=\"a230135\" data-element_type=\"widget\" data-e-type=\"widget\" data-widget_type=\"elementskit-heading.default\">\n\t\t\t\t<div class=\"elementor-widget-container\">\n\t\t\t\t\t<div class=\"ekit-wid-con\" ><div class=\"ekit-heading elementskit-section-title-wraper    ekit_heading_tablet-   ekit_heading_mobile-\">\t\t\t\t<div class='ekit-heading__description'>\n\t\t\t\t\t<p>Explore nossas oportunidades atuais e junte-se a uma equipe que valoriza inova\u00e7\u00e3o, resultados e colabora\u00e7\u00e3o:<\/p>\n<ul>\n<li><strong>Especialista em Web Analytics:<\/strong> Otimiza o desempenho da campanha por meio da an\u00e1lise de tr\u00e1fego e convers\u00e3o, maximizando a receita e a efici\u00eancia.<\/li>\n<li><strong>Especialista em PPC:<\/strong> Gerencia publicidade paga para direcionar tr\u00e1fego lucrativo e aumentar as convers\u00f5es para promo\u00e7\u00f5es de terceiros.<\/li>\n<li><strong>Estrategista de conte\u00fado digital:<\/strong> Desenvolve estrat\u00e9gias de conte\u00fado para atrair e converter usu\u00e1rios por meio de SEO e marketing orientado a valor.<\/li>\n<li><strong>Influenciador s\u00eanior:<\/strong> Aumenta as vendas criando conte\u00fado aut\u00eantico e alavancando a confian\u00e7a e o engajamento do p\u00fablico.<\/li>\n<li><strong>Especialista em campanhas de marketing B2B:<\/strong> Cria campanhas para atrair parceiros estrat\u00e9gicos e expandir oportunidades de neg\u00f3cios.<\/li>\n<li><strong>Gerente de divulga\u00e7\u00e3o de SEO:<\/strong> fortalece a autoridade do site por meio de cria\u00e7\u00e3o de links e networking para aumentar o tr\u00e1fego e a visibilidade.<\/li>\n<li><strong>Especialista em gera\u00e7\u00e3o de leads:<\/strong> captura e converte leads qualificados, refinando funis para maximizar vendas e comiss\u00f5es.<\/li>\n<\/ul>\n\t\t\t\t<\/div>\n\t\t\t<\/div><\/div>\t\t\t\t<\/div>\n\t\t\t\t<\/div>\n\t\t\t\t\t<\/div>\n\t\t<\/div>\n\t\t\t\t<div class=\"elementor-column elementor-col-50 elementor-top-column elementor-element elementor-element-03236a6\" data-id=\"03236a6\" data-element_type=\"column\" data-e-type=\"column\" data-settings=\"{&quot;background_background&quot;:&quot;classic&quot;}\">\n\t\t\t<div class=\"elementor-widget-wrap elementor-element-populated\">\n\t\t\t\t\t\t<div class=\"elementor-element elementor-element-7c7fa2e elementor-widget elementor-widget-image\" data-id=\"7c7fa2e\" data-element_type=\"widget\" data-e-type=\"widget\" data-widget_type=\"image.default\">\n\t\t\t\t<div class=\"elementor-widget-container\">\n\t\t\t\t\t\t\t\t\t\t\t\t\t\t\t<img fetchpriority=\"high\" decoding=\"async\" width=\"350\" height=\"335\" src=\"https:\/\/afiliapub.com\/wp-content\/uploads\/2025\/04\/team-WEB-1.png\" class=\"attachment-large size-large wp-image-43207\" alt=\"\" srcset=\"https:\/\/afiliapub.com\/wp-content\/uploads\/2025\/04\/team-WEB-1.png 350w, https:\/\/afiliapub.com\/wp-content\/uploads\/2025\/04\/team-WEB-1-300x287.png 300w\" sizes=\"(max-width: 350px) 100vw, 350px\" \/>\t\t\t\t\t\t\t\t\t\t\t\t\t\t\t<\/div>\n\t\t\t\t<\/div>\n\t\t\t\t\t<\/div>\n\t\t<\/div>\n\t\t\t\t\t<\/div>\n\t\t<\/section>\n\t\t\t\t<section class=\"elementor-section elementor-top-section elementor-element elementor-element-aacba0e elementor-section-boxed elementor-section-height-default elementor-section-height-default\" data-id=\"aacba0e\" data-element_type=\"section\" data-e-type=\"section\">\n\t\t\t\t\t\t<div class=\"elementor-container elementor-column-gap-default\">\n\t\t\t\t\t<div class=\"elementor-column elementor-col-100 elementor-top-column elementor-element elementor-element-9016d3e\" data-id=\"9016d3e\" data-element_type=\"column\" data-e-type=\"column\">\n\t\t\t<div class=\"elementor-widget-wrap elementor-element-populated\">\n\t\t\t\t\t\t<div class=\"elementor-element elementor-element-18a86fd elementor-widget elementor-widget-elementskit-heading\" data-id=\"18a86fd\" data-element_type=\"widget\" data-e-type=\"widget\" data-widget_type=\"elementskit-heading.default\">\n\t\t\t\t<div class=\"elementor-widget-container\">\n\t\t\t\t\t<div class=\"ekit-wid-con\" ><div class=\"ekit-heading elementskit-section-title-wraper text_left   ekit_heading_tablet-   ekit_heading_mobile-\">\t\t\t\t<div class='ekit-heading__description'>\n\t\t\t\t\t<p>Inscreva-se hoje e leve sua carreira para o pr\u00f3ximo n\u00edvel.<\/p>\n<p>Como enviar sua inscri\u00e7\u00e3o:<\/p>\n<ol>\n<li>Conecte-se conosco no <strong><a href=\"https:\/\/www.linkedin.com\/in\/afiliapub-srl-ba12091a3\/\">LinkedIn<\/a> <\/strong>\u2013 Entre em contato e deixe-nos saber que voc\u00ea est\u00e1 interessado.<\/li>\n<li>Envie seu curr\u00edculo e portf\u00f3lio atualizados para <strong><a href=\"mailto:professional@afiliapub.com\">professional@afiliapub.com<\/a><\/strong> \u2013 Certifique-se de destacar sua experi\u00eancia e habilidades relevantes.<\/li>\n<\/ol>\n<p>Estamos ansiosos para ouvir de voc\u00ea. Boa sorte!<\/p>\n\t\t\t\t<\/div>\n\t\t\t<\/div><\/div>\t\t\t\t<\/div>\n\t\t\t\t<\/div>\n\t\t\t\t\t<\/div>\n\t\t<\/div>\n\t\t\t\t\t<\/div>\n\t\t<\/section>\n\t\t\t\t<section class=\"elementor-section elementor-top-section elementor-element elementor-element-bdf49c8 elementor-section-boxed elementor-section-height-default elementor-section-height-default\" data-id=\"bdf49c8\" data-element_type=\"section\" data-e-type=\"section\">\n\t\t\t\t\t\t<div class=\"elementor-container elementor-column-gap-default\">\n\t\t\t\t\t<div class=\"elementor-column elementor-col-100 elementor-top-column elementor-element elementor-element-44031cd\" data-id=\"44031cd\" data-element_type=\"column\" data-e-type=\"column\">\n\t\t\t<div class=\"elementor-widget-wrap elementor-element-populated\">\n\t\t\t\t\t\t<div class=\"elementor-element elementor-element-558c1dc elementor-widget elementor-widget-spacer\" data-id=\"558c1dc\" data-element_type=\"widget\" data-e-type=\"widget\" data-widget_type=\"spacer.default\">\n\t\t\t\t<div class=\"elementor-widget-container\">\n\t\t\t\t\t\t\t<div class=\"elementor-spacer\">\n\t\t\t<div class=\"elementor-spacer-inner\"><\/div>\n\t\t<\/div>\n\t\t\t\t\t\t<\/div>\n\t\t\t\t<\/div>\n\t\t\t\t\t<\/div>\n\t\t<\/div>\n\t\t\t\t\t<\/div>\n\t\t<\/section>\n\t\t\t\t<section class=\"elementor-section elementor-top-section elementor-element elementor-element-75e364b elementor-section-boxed elementor-section-height-default elementor-section-height-default\" data-id=\"75e364b\" data-element_type=\"section\" data-e-type=\"section\">\n\t\t\t\t\t\t<div class=\"elementor-container elementor-column-gap-default\">\n\t\t\t\t\t<div class=\"elementor-column elementor-col-100 elementor-top-column elementor-element elementor-element-4d03edd\" data-id=\"4d03edd\" data-element_type=\"column\" data-e-type=\"column\">\n\t\t\t<div class=\"elementor-widget-wrap elementor-element-populated\">\n\t\t\t\t\t\t<div class=\"elementor-element elementor-element-8715805 elementor-widget elementor-widget-html\" data-id=\"8715805\" data-element_type=\"widget\" data-e-type=\"widget\" data-widget_type=\"html.default\">\n\t\t\t\t<div class=\"elementor-widget-container\">\n\t\t\t\t\t<style>\n    \n    ol{\n        color:#5F5F5F!important\n    }\n    ol li{\n       margin-top:40px!imnoprtant\n    }\n    \n<\/style>\t\t\t\t<\/div>\n\t\t\t\t<\/div>\n\t\t\t\t\t<\/div>\n\t\t<\/div>\n\t\t\t\t\t<\/div>\n\t\t<\/section>\n\t\t\t\t<\/div>\n\t\t","protected":false},"excerpt":{"rendered":"<p>Seu talento, nossa vis\u00e3o &#8211; Construa seu caminho profissional Na Afiliapub estamos constantemente \u00e0 procura de\u00a0novos talentos que possam contribuir com seus conhecimentos e estejam entusiasmados com o Marketing de Afiliados, portanto, se sua carreira profissional est\u00e1 focada em qualquer uma dessas posi\u00e7\u00f5es, gostar\u00edamos de ouvi-lo e considerar sua candidatura. Fa\u00e7a parte da equipe! Explore [&hellip;]<\/p>\n","protected":false},"author":4306,"featured_media":0,"parent":0,"menu_order":0,"comment_status":"closed","ping_status":"closed","template":"","meta":{"footnotes":""},"class_list":["post-42586","page","type-page","status-publish","hentry"],"yoast_head":"<!-- This site is optimized with the Yoast SEO Premium plugin v18.1 (Yoast SEO v27.0) - https:\/\/yoast.com\/product\/yoast-seo-premium-wordpress\/ -->\n<title>Candidate-se \u00e0s nossas ofertas de emprego | Afiliapub<\/title>\n<meta name=\"robots\" content=\"index, follow, max-snippet:-1, max-image-preview:large, max-video-preview:-1\" \/>\n<link rel=\"canonical\" href=\"https:\/\/afiliapub.com\/ofertas-de-trabajo\/\" \/>\n<meta property=\"og:locale\" content=\"pt_BR\" \/>\n<meta property=\"og:type\" content=\"article\" \/>\n<meta property=\"og:title\" content=\"Candidate-se \u00e0s nossas ofertas de emprego\" \/>\n<meta property=\"og:description\" content=\"Seu talento, nossa vis\u00e3o &#8211; Construa seu caminho profissional Na Afiliapub estamos constantemente \u00e0 procura de\u00a0novos talentos que possam contribuir com seus conhecimentos e estejam entusiasmados com o Marketing de Afiliados, portanto, se sua carreira profissional est\u00e1 focada em qualquer uma dessas posi\u00e7\u00f5es, gostar\u00edamos de ouvi-lo e considerar sua candidatura. Fa\u00e7a parte da equipe! Explore [&hellip;]\" \/>\n<meta property=\"og:url\" content=\"https:\/\/afiliapub.com\/ofertas-de-trabajo\/\" \/>\n<meta property=\"og:site_name\" content=\"Afiliapub\" \/>\n<meta property=\"article:modified_time\" content=\"2025-10-14T13:02:17+00:00\" \/>\n<meta property=\"og:image\" content=\"https:\/\/afiliapub.com\/wp-content\/uploads\/2025\/04\/team-WEB-1.png\" \/>\n<meta name=\"twitter:card\" content=\"summary_large_image\" \/>\n<meta name=\"twitter:label1\" content=\"Est. tempo de leitura\" \/>\n\t<meta name=\"twitter:data1\" content=\"2 minutos\" \/>\n<script type=\"application\/ld+json\" class=\"yoast-schema-graph\">{\"@context\":\"https:\/\/schema.org\",\"@graph\":[{\"@type\":\"WebPage\",\"@id\":\"https:\/\/afiliapub.com\/ofertas-de-trabajo\/\",\"url\":\"https:\/\/afiliapub.com\/ofertas-de-trabajo\/\",\"name\":\"Candidate-se \u00e0s nossas ofertas de emprego | Afiliapub\",\"isPartOf\":{\"@id\":\"https:\/\/afiliapub.com\/#website\"},\"primaryImageOfPage\":{\"@id\":\"https:\/\/afiliapub.com\/ofertas-de-trabajo\/#primaryimage\"},\"image\":{\"@id\":\"https:\/\/afiliapub.com\/ofertas-de-trabajo\/#primaryimage\"},\"thumbnailUrl\":\"https:\/\/afiliapub.com\/wp-content\/uploads\/2025\/04\/team-WEB-1.png\",\"datePublished\":\"2025-02-25T09:40:20+00:00\",\"dateModified\":\"2025-10-14T13:02:17+00:00\",\"breadcrumb\":{\"@id\":\"https:\/\/afiliapub.com\/ofertas-de-trabajo\/#breadcrumb\"},\"inLanguage\":\"pt-BR\",\"potentialAction\":[{\"@type\":\"ReadAction\",\"target\":[\"https:\/\/afiliapub.com\/ofertas-de-trabajo\/\"]}]},{\"@type\":\"ImageObject\",\"inLanguage\":\"pt-BR\",\"@id\":\"https:\/\/afiliapub.com\/ofertas-de-trabajo\/#primaryimage\",\"url\":\"https:\/\/afiliapub.com\/wp-content\/uploads\/2025\/04\/team-WEB-1.png\",\"contentUrl\":\"https:\/\/afiliapub.com\/wp-content\/uploads\/2025\/04\/team-WEB-1.png\"},{\"@type\":\"BreadcrumbList\",\"@id\":\"https:\/\/afiliapub.com\/ofertas-de-trabajo\/#breadcrumb\",\"itemListElement\":[{\"@type\":\"ListItem\",\"position\":1,\"name\":\"Accueil\",\"item\":\"https:\/\/afiliapub.com\/en\/\"},{\"@type\":\"ListItem\",\"position\":2,\"name\":\"Candidate-se \u00e0s nossas ofertas de emprego\"}]},{\"@type\":\"WebSite\",\"@id\":\"https:\/\/afiliapub.com\/#website\",\"url\":\"https:\/\/afiliapub.com\/\",\"name\":\"Afiliapub\",\"description\":\"Os principais afiliados na rede dedicada aos paises de lingua portuguesa e espanhola: Brasil, Portugal, Espanha e todos os paises da America Latina\",\"publisher\":{\"@id\":\"https:\/\/afiliapub.com\/#organization\"},\"potentialAction\":[{\"@type\":\"SearchAction\",\"target\":{\"@type\":\"EntryPoint\",\"urlTemplate\":\"https:\/\/afiliapub.com\/?s={search_term_string}\"},\"query-input\":{\"@type\":\"PropertyValueSpecification\",\"valueRequired\":true,\"valueName\":\"search_term_string\"}}],\"inLanguage\":\"pt-BR\"},{\"@type\":\"Organization\",\"@id\":\"https:\/\/afiliapub.com\/#organization\",\"name\":\"Afiliapub\",\"url\":\"https:\/\/afiliapub.com\/\",\"logo\":{\"@type\":\"ImageObject\",\"inLanguage\":\"pt-BR\",\"@id\":\"https:\/\/afiliapub.com\/#\/schema\/logo\/image\/\",\"url\":\"https:\/\/afiliapub.com\/wp-content\/uploads\/2024\/03\/logo-afiliapub-1200-630.png\",\"contentUrl\":\"https:\/\/afiliapub.com\/wp-content\/uploads\/2024\/03\/logo-afiliapub-1200-630.png\",\"width\":1200,\"height\":630,\"caption\":\"Afiliapub\"},\"image\":{\"@id\":\"https:\/\/afiliapub.com\/#\/schema\/logo\/image\/\"}}]}<\/script>\n<!-- \/ Yoast SEO Premium plugin. -->","yoast_head_json":{"title":"Candidate-se \u00e0s nossas ofertas de emprego | Afiliapub","robots":{"index":"index","follow":"follow","max-snippet":"max-snippet:-1","max-image-preview":"max-image-preview:large","max-video-preview":"max-video-preview:-1"},"canonical":"https:\/\/afiliapub.com\/ofertas-de-trabajo\/","og_locale":"pt_BR","og_type":"article","og_title":"Candidate-se \u00e0s nossas ofertas de emprego","og_description":"Seu talento, nossa vis\u00e3o &#8211; Construa seu caminho profissional Na Afiliapub estamos constantemente \u00e0 procura de\u00a0novos talentos que possam contribuir com seus conhecimentos e estejam entusiasmados com o Marketing de Afiliados, portanto, se sua carreira profissional est\u00e1 focada em qualquer uma dessas posi\u00e7\u00f5es, gostar\u00edamos de ouvi-lo e considerar sua candidatura. Fa\u00e7a parte da equipe! Explore [&hellip;]","og_url":"https:\/\/afiliapub.com\/ofertas-de-trabajo\/","og_site_name":"Afiliapub","article_modified_time":"2025-10-14T13:02:17+00:00","og_image":[{"url":"https:\/\/afiliapub.com\/wp-content\/uploads\/2025\/04\/team-WEB-1.png","type":"","width":"","height":""}],"twitter_card":"summary_large_image","twitter_misc":{"Est. tempo de leitura":"2 minutos"},"schema":{"@context":"https:\/\/schema.org","@graph":[{"@type":"WebPage","@id":"https:\/\/afiliapub.com\/ofertas-de-trabajo\/","url":"https:\/\/afiliapub.com\/ofertas-de-trabajo\/","name":"Candidate-se \u00e0s nossas ofertas de emprego | Afiliapub","isPartOf":{"@id":"https:\/\/afiliapub.com\/#website"},"primaryImageOfPage":{"@id":"https:\/\/afiliapub.com\/ofertas-de-trabajo\/#primaryimage"},"image":{"@id":"https:\/\/afiliapub.com\/ofertas-de-trabajo\/#primaryimage"},"thumbnailUrl":"https:\/\/afiliapub.com\/wp-content\/uploads\/2025\/04\/team-WEB-1.png","datePublished":"2025-02-25T09:40:20+00:00","dateModified":"2025-10-14T13:02:17+00:00","breadcrumb":{"@id":"https:\/\/afiliapub.com\/ofertas-de-trabajo\/#breadcrumb"},"inLanguage":"pt-BR","potentialAction":[{"@type":"ReadAction","target":["https:\/\/afiliapub.com\/ofertas-de-trabajo\/"]}]},{"@type":"ImageObject","inLanguage":"pt-BR","@id":"https:\/\/afiliapub.com\/ofertas-de-trabajo\/#primaryimage","url":"https:\/\/afiliapub.com\/wp-content\/uploads\/2025\/04\/team-WEB-1.png","contentUrl":"https:\/\/afiliapub.com\/wp-content\/uploads\/2025\/04\/team-WEB-1.png"},{"@type":"BreadcrumbList","@id":"https:\/\/afiliapub.com\/ofertas-de-trabajo\/#breadcrumb","itemListElement":[{"@type":"ListItem","position":1,"name":"Accueil","item":"https:\/\/afiliapub.com\/en\/"},{"@type":"ListItem","position":2,"name":"Candidate-se \u00e0s nossas ofertas de emprego"}]},{"@type":"WebSite","@id":"https:\/\/afiliapub.com\/#website","url":"https:\/\/afiliapub.com\/","name":"Afiliapub","description":"Os principais afiliados na rede dedicada aos paises de lingua portuguesa e espanhola: Brasil, Portugal, Espanha e todos os paises da America Latina","publisher":{"@id":"https:\/\/afiliapub.com\/#organization"},"potentialAction":[{"@type":"SearchAction","target":{"@type":"EntryPoint","urlTemplate":"https:\/\/afiliapub.com\/?s={search_term_string}"},"query-input":{"@type":"PropertyValueSpecification","valueRequired":true,"valueName":"search_term_string"}}],"inLanguage":"pt-BR"},{"@type":"Organization","@id":"https:\/\/afiliapub.com\/#organization","name":"Afiliapub","url":"https:\/\/afiliapub.com\/","logo":{"@type":"ImageObject","inLanguage":"pt-BR","@id":"https:\/\/afiliapub.com\/#\/schema\/logo\/image\/","url":"https:\/\/afiliapub.com\/wp-content\/uploads\/2024\/03\/logo-afiliapub-1200-630.png","contentUrl":"https:\/\/afiliapub.com\/wp-content\/uploads\/2024\/03\/logo-afiliapub-1200-630.png","width":1200,"height":630,"caption":"Afiliapub"},"image":{"@id":"https:\/\/afiliapub.com\/#\/schema\/logo\/image\/"}}]}},"_links":{"self":[{"href":"https:\/\/afiliapub.com\/pt-br\/wp-json\/wp\/v2\/pages\/42586","targetHints":{"allow":["GET"]}}],"collection":[{"href":"https:\/\/afiliapub.com\/pt-br\/wp-json\/wp\/v2\/pages"}],"about":[{"href":"https:\/\/afiliapub.com\/pt-br\/wp-json\/wp\/v2\/types\/page"}],"author":[{"embeddable":true,"href":"https:\/\/afiliapub.com\/pt-br\/wp-json\/wp\/v2\/users\/4306"}],"replies":[{"embeddable":true,"href":"https:\/\/afiliapub.com\/pt-br\/wp-json\/wp\/v2\/comments?post=42586"}],"version-history":[{"count":24,"href":"https:\/\/afiliapub.com\/pt-br\/wp-json\/wp\/v2\/pages\/42586\/revisions"}],"predecessor-version":[{"id":46216,"href":"https:\/\/afiliapub.com\/pt-br\/wp-json\/wp\/v2\/pages\/42586\/revisions\/46216"}],"wp:attachment":[{"href":"https:\/\/afiliapub.com\/pt-br\/wp-json\/wp\/v2\/media?parent=42586"}],"curies":[{"name":"wp","href":"https:\/\/api.w.org\/{rel}","templated":true}]}}