{"id":21005,"date":"2022-06-03T06:19:27","date_gmt":"2022-06-03T06:19:27","guid":{"rendered":"https:\/\/afiliapub.com\/?page_id=21005"},"modified":"2024-06-03T15:35:13","modified_gmt":"2024-06-03T15:35:13","slug":"contato","status":"publish","type":"page","link":"https:\/\/afiliapub.com\/pt-br\/contato\/","title":{"rendered":"Contato"},"content":{"rendered":"\t\t<div data-elementor-type=\"wp-page\" data-elementor-id=\"21005\" class=\"elementor elementor-21005 elementor-5149\">\n\t\t\t\t\t\t<section class=\"elementor-section elementor-top-section elementor-element elementor-element-51aeb44 elementor-section-boxed elementor-section-height-default elementor-section-height-default\" data-id=\"51aeb44\" data-element_type=\"section\" data-e-type=\"section\">\n\t\t\t\t\t\t<div class=\"elementor-container elementor-column-gap-default\">\n\t\t\t\t\t<div class=\"elementor-column elementor-col-100 elementor-top-column elementor-element elementor-element-6c27459\" data-id=\"6c27459\" data-element_type=\"column\" data-e-type=\"column\">\n\t\t\t<div class=\"elementor-widget-wrap elementor-element-populated\">\n\t\t\t\t\t\t<div class=\"elementor-element elementor-element-53a3099 elementor-widget elementor-widget-elementskit-heading\" data-id=\"53a3099\" data-element_type=\"widget\" data-e-type=\"widget\" data-widget_type=\"elementskit-heading.default\">\n\t\t\t\t<div class=\"elementor-widget-container\">\n\t\t\t\t\t<div class=\"ekit-wid-con\" ><div class=\"ekit-heading elementskit-section-title-wraper text_left   ekit_heading_tablet-   ekit_heading_mobile-\"><h1 class=\"ekit-heading--title elementskit-section-title \"><span><span>Contato<\/span><\/span><\/h1>\t\t\t\t<div class='ekit-heading__description'>\n\t\t\t\t\t<p>Voc\u00ea tem alguma pergunta?\u00a0 Entre em contato conosco<\/p>\n\t\t\t\t<\/div>\n\t\t\t<\/div><\/div>\t\t\t\t<\/div>\n\t\t\t\t<\/div>\n\t\t\t\t\t<\/div>\n\t\t<\/div>\n\t\t\t\t\t<\/div>\n\t\t<\/section>\n\t\t\t\t<section class=\"elementor-section elementor-top-section elementor-element elementor-element-9a7b12a elementor-section-boxed elementor-section-height-default elementor-section-height-default\" data-id=\"9a7b12a\" data-element_type=\"section\" data-e-type=\"section\">\n\t\t\t\t\t\t<div class=\"elementor-container elementor-column-gap-default\">\n\t\t\t\t\t<div class=\"elementor-column elementor-col-100 elementor-top-column elementor-element elementor-element-a12facb\" data-id=\"a12facb\" data-element_type=\"column\" data-e-type=\"column\">\n\t\t\t<div class=\"elementor-widget-wrap elementor-element-populated\">\n\t\t\t\t\t\t<div class=\"elementor-element elementor-element-9ceb226 elementor-widget elementor-widget-shortcode\" data-id=\"9ceb226\" data-element_type=\"widget\" data-e-type=\"widget\" data-widget_type=\"shortcode.default\">\n\t\t\t\t<div class=\"elementor-widget-container\">\n\t\t\t\t\t\t\t<div class=\"elementor-shortcode\"><div class=\"wpforms-container wpforms-container-full\" id=\"wpforms-17854\"><form id=\"wpforms-form-17854\" class=\"wpforms-validate wpforms-form\" data-formid=\"17854\" method=\"post\" enctype=\"multipart\/form-data\" action=\"\/pt-br\/wp-json\/wp\/v2\/pages\/21005\" data-token=\"9a22bbe24a49c7133ded074216ceb5b4\"><noscript class=\"wpforms-error-noscript\">Ative o JavaScript no seu navegador para preencher este formul\u00e1rio.<\/noscript><div class=\"wpforms-field-container\"><div id=\"wpforms-17854-field_0-container\" class=\"wpforms-field wpforms-field-name\" data-field-id=\"0\"><label class=\"wpforms-field-label wpforms-label-hide\" for=\"wpforms-17854-field_0\">Nome e sobrenome <span class=\"wpforms-required-label\">*<\/span><\/label><input type=\"text\" id=\"wpforms-17854-field_0\" class=\"wpforms-field-large wpforms-field-required\" name=\"wpforms[fields][0]\" placeholder=\"Nome e sobrenome\" required><\/div><div id=\"wpforms-17854-field_1-container\" class=\"wpforms-field wpforms-field-email\" data-field-id=\"1\"><label class=\"wpforms-field-label wpforms-label-hide\" for=\"wpforms-17854-field_1\">Endere\u00e7o de e-mail <span class=\"wpforms-required-label\">*<\/span><\/label><input type=\"email\" id=\"wpforms-17854-field_1\" class=\"wpforms-field-large wpforms-field-required\" name=\"wpforms[fields][1]\" placeholder=\"Endere\u00e7o de e-mail *\" required><\/div><div id=\"wpforms-17854-field_3-container\" class=\"wpforms-field wpforms-field-phone\" data-field-id=\"3\"><label class=\"wpforms-field-label wpforms-label-hide\" for=\"wpforms-17854-field_3\">Telefone<\/label><input type=\"tel\" id=\"wpforms-17854-field_3\" class=\"wpforms-field-large\" data-rule-int-phone-field=\"true\" name=\"wpforms[fields][3]\" placeholder=\"Telefone\" ><\/div><div id=\"wpforms-17854-field_2-container\" class=\"wpforms-field wpforms-field-textarea\" data-field-id=\"2\"><label class=\"wpforms-field-label wpforms-label-hide\" for=\"wpforms-17854-field_2\">Coment\u00e1rio ou mensagem <span class=\"wpforms-required-label\">*<\/span><\/label><textarea id=\"wpforms-17854-field_2\" class=\"wpforms-field-small wpforms-field-required\" name=\"wpforms[fields][2]\" placeholder=\"Coment\u00e1rio ou mensagem\" required><\/textarea><\/div><\/div><div class=\"wpforms-recaptcha-container wpforms-is-recaptcha\" ><div class=\"g-recaptcha\" data-sitekey=\"6Lfhg1MfAAAAAGtVgRO2rsMSU0t1O-BKw9-IxRT1\" data-size=\"invisible\"><\/div><\/div><div class=\"wpforms-submit-container\" ><input type=\"hidden\" name=\"wpforms[id]\" value=\"17854\"><input type=\"hidden\" name=\"wpforms[author]\" value=\"4313\"><button type=\"submit\" name=\"wpforms[submit]\" class=\"wpforms-submit \" id=\"wpforms-submit-17854\" value=\"wpforms-submit\" aria-live=\"assertive\" data-alt-text=\"Sending...\" data-submit-text=\"Enviar\">Enviar<\/button><\/div><\/form><\/div>  <!-- .wpforms-container --><\/div>\n\t\t\t\t\t\t<\/div>\n\t\t\t\t<\/div>\n\t\t\t\t\t<\/div>\n\t\t<\/div>\n\t\t\t\t\t<\/div>\n\t\t<\/section>\n\t\t\t\t<section class=\"elementor-section elementor-top-section elementor-element elementor-element-2a7361a elementor-section-boxed elementor-section-height-default elementor-section-height-default\" data-id=\"2a7361a\" data-element_type=\"section\" data-e-type=\"section\">\n\t\t\t\t\t\t<div class=\"elementor-container elementor-column-gap-default\">\n\t\t\t\t\t<div class=\"elementor-column elementor-col-100 elementor-top-column elementor-element elementor-element-4c6a1a9\" data-id=\"4c6a1a9\" data-element_type=\"column\" data-e-type=\"column\">\n\t\t\t<div class=\"elementor-widget-wrap elementor-element-populated\">\n\t\t\t\t\t\t<div class=\"elementor-element elementor-element-ef2fe85 elementor-widget elementor-widget-google_maps\" data-id=\"ef2fe85\" data-element_type=\"widget\" data-e-type=\"widget\" data-widget_type=\"google_maps.default\">\n\t\t\t\t<div class=\"elementor-widget-container\">\n\t\t\t\t\t\t\t<div class=\"elementor-custom-embed\">\n\t\t\t<iframe loading=\"lazy\"\n\t\t\t\t\tsrc=\"https:\/\/maps.google.com\/maps?q=%20C.%20Mayor%2C%2058%2C%2028013%20Madrid&#038;t=m&#038;z=10&#038;output=embed&#038;iwloc=near\"\n\t\t\t\t\ttitle=\" C. Mayor, 58, 28013 Madrid\"\n\t\t\t\t\taria-label=\" C. Mayor, 58, 28013 Madrid\"\n\t\t\t><\/iframe>\n\t\t<\/div>\n\t\t\t\t\t\t<\/div>\n\t\t\t\t<\/div>\n\t\t\t\t\t<\/div>\n\t\t<\/div>\n\t\t\t\t\t<\/div>\n\t\t<\/section>\n\t\t\t\t<section class=\"elementor-section elementor-top-section elementor-element elementor-element-7c3fcf8 elementor-section-boxed elementor-section-height-default elementor-section-height-default\" data-id=\"7c3fcf8\" data-element_type=\"section\" data-e-type=\"section\">\n\t\t\t\t\t\t<div class=\"elementor-container elementor-column-gap-default\">\n\t\t\t\t\t<div class=\"elementor-column elementor-col-100 elementor-top-column elementor-element elementor-element-a337e2a\" data-id=\"a337e2a\" data-element_type=\"column\" data-e-type=\"column\">\n\t\t\t<div class=\"elementor-widget-wrap elementor-element-populated\">\n\t\t\t\t\t\t<div class=\"elementor-element elementor-element-a6d870f elementor-widget elementor-widget-spacer\" data-id=\"a6d870f\" data-element_type=\"widget\" data-e-type=\"widget\" data-widget_type=\"spacer.default\">\n\t\t\t\t<div class=\"elementor-widget-container\">\n\t\t\t\t\t\t\t<div class=\"elementor-spacer\">\n\t\t\t<div class=\"elementor-spacer-inner\"><\/div>\n\t\t<\/div>\n\t\t\t\t\t\t<\/div>\n\t\t\t\t<\/div>\n\t\t\t\t\t<\/div>\n\t\t<\/div>\n\t\t\t\t\t<\/div>\n\t\t<\/section>\n\t\t\t\t<\/div>\n\t\t","protected":false},"excerpt":{"rendered":"<p>Contato Voc\u00ea tem alguma pergunta?\u00a0 Entre em contato conosco<\/p>\n","protected":false},"author":4313,"featured_media":0,"parent":0,"menu_order":0,"comment_status":"closed","ping_status":"closed","template":"","meta":{"footnotes":""},"class_list":["post-21005","page","type-page","status-publish","hentry"],"yoast_head":"<!-- This site is optimized with the Yoast SEO Premium plugin v18.1 (Yoast SEO v27.0) - https:\/\/yoast.com\/product\/yoast-seo-premium-wordpress\/ -->\n<title>Contato | Afiliapub<\/title>\n<meta name=\"description\" content=\"Nosso time ficar\u00e1 encantado em responder \u00e0s suas perguntas. Escreva-nos e responderemos o mais breve poss\u00edvel.\" \/>\n<meta name=\"robots\" content=\"noindex, follow\" \/>\n<meta property=\"og:locale\" content=\"pt_BR\" \/>\n<meta property=\"og:type\" content=\"article\" \/>\n<meta property=\"og:title\" content=\"Contato\" \/>\n<meta property=\"og:description\" content=\"Nosso time ficar\u00e1 encantado em responder \u00e0s suas perguntas. Escreva-nos e responderemos o mais breve poss\u00edvel.\" \/>\n<meta property=\"og:url\" content=\"https:\/\/afiliapub.com\/contacto\/\" \/>\n<meta property=\"og:site_name\" content=\"Afiliapub\" \/>\n<meta property=\"article:modified_time\" content=\"2024-06-03T15:35:13+00:00\" \/>\n<meta property=\"og:image\" content=\"https:\/\/afiliapub.com\/wp-content\/uploads\/2024\/03\/logo-afiliapub-1200-630.png\" \/>\n\t<meta property=\"og:image:width\" content=\"1200\" \/>\n\t<meta property=\"og:image:height\" content=\"630\" \/>\n\t<meta property=\"og:image:type\" content=\"image\/png\" \/>\n<meta name=\"twitter:card\" content=\"summary_large_image\" \/>\n<meta name=\"twitter:label1\" content=\"Est. tempo de leitura\" \/>\n\t<meta name=\"twitter:data1\" content=\"1 minuto\" \/>\n<script type=\"application\/ld+json\" class=\"yoast-schema-graph\">{\"@context\":\"https:\/\/schema.org\",\"@graph\":[{\"@type\":\"WebPage\",\"@id\":\"https:\/\/afiliapub.com\/contacto\/\",\"url\":\"https:\/\/afiliapub.com\/contacto\/\",\"name\":\"Contato | Afiliapub\",\"isPartOf\":{\"@id\":\"https:\/\/afiliapub.com\/#website\"},\"datePublished\":\"2022-06-03T06:19:27+00:00\",\"dateModified\":\"2024-06-03T15:35:13+00:00\",\"description\":\"Nosso time ficar\u00e1 encantado em responder \u00e0s suas perguntas. Escreva-nos e responderemos o mais breve poss\u00edvel.\",\"breadcrumb\":{\"@id\":\"https:\/\/afiliapub.com\/contacto\/#breadcrumb\"},\"inLanguage\":\"pt-BR\",\"potentialAction\":[{\"@type\":\"ReadAction\",\"target\":[\"https:\/\/afiliapub.com\/contacto\/\"]}]},{\"@type\":\"BreadcrumbList\",\"@id\":\"https:\/\/afiliapub.com\/contacto\/#breadcrumb\",\"itemListElement\":[{\"@type\":\"ListItem\",\"position\":1,\"name\":\"Accueil\",\"item\":\"https:\/\/afiliapub.com\/en\/\"},{\"@type\":\"ListItem\",\"position\":2,\"name\":\"Contato\"}]},{\"@type\":\"WebSite\",\"@id\":\"https:\/\/afiliapub.com\/#website\",\"url\":\"https:\/\/afiliapub.com\/\",\"name\":\"Afiliapub\",\"description\":\"Os principais afiliados na rede dedicada aos paises de lingua portuguesa e espanhola: Brasil, Portugal, Espanha e todos os paises da America Latina\",\"publisher\":{\"@id\":\"https:\/\/afiliapub.com\/#organization\"},\"potentialAction\":[{\"@type\":\"SearchAction\",\"target\":{\"@type\":\"EntryPoint\",\"urlTemplate\":\"https:\/\/afiliapub.com\/?s={search_term_string}\"},\"query-input\":{\"@type\":\"PropertyValueSpecification\",\"valueRequired\":true,\"valueName\":\"search_term_string\"}}],\"inLanguage\":\"pt-BR\"},{\"@type\":\"Organization\",\"@id\":\"https:\/\/afiliapub.com\/#organization\",\"name\":\"Afiliapub\",\"url\":\"https:\/\/afiliapub.com\/\",\"logo\":{\"@type\":\"ImageObject\",\"inLanguage\":\"pt-BR\",\"@id\":\"https:\/\/afiliapub.com\/#\/schema\/logo\/image\/\",\"url\":\"https:\/\/afiliapub.com\/wp-content\/uploads\/2024\/03\/logo-afiliapub-1200-630.png\",\"contentUrl\":\"https:\/\/afiliapub.com\/wp-content\/uploads\/2024\/03\/logo-afiliapub-1200-630.png\",\"width\":1200,\"height\":630,\"caption\":\"Afiliapub\"},\"image\":{\"@id\":\"https:\/\/afiliapub.com\/#\/schema\/logo\/image\/\"}}]}<\/script>\n<!-- \/ Yoast SEO Premium plugin. -->","yoast_head_json":{"title":"Contato | Afiliapub","description":"Nosso time ficar\u00e1 encantado em responder \u00e0s suas perguntas. Escreva-nos e responderemos o mais breve poss\u00edvel.","robots":{"index":"noindex","follow":"follow"},"og_locale":"pt_BR","og_type":"article","og_title":"Contato","og_description":"Nosso time ficar\u00e1 encantado em responder \u00e0s suas perguntas. Escreva-nos e responderemos o mais breve poss\u00edvel.","og_url":"https:\/\/afiliapub.com\/contacto\/","og_site_name":"Afiliapub","article_modified_time":"2024-06-03T15:35:13+00:00","og_image":[{"width":1200,"height":630,"url":"https:\/\/afiliapub.com\/wp-content\/uploads\/2024\/03\/logo-afiliapub-1200-630.png","type":"image\/png"}],"twitter_card":"summary_large_image","twitter_misc":{"Est. tempo de leitura":"1 minuto"},"schema":{"@context":"https:\/\/schema.org","@graph":[{"@type":"WebPage","@id":"https:\/\/afiliapub.com\/contacto\/","url":"https:\/\/afiliapub.com\/contacto\/","name":"Contato | Afiliapub","isPartOf":{"@id":"https:\/\/afiliapub.com\/#website"},"datePublished":"2022-06-03T06:19:27+00:00","dateModified":"2024-06-03T15:35:13+00:00","description":"Nosso time ficar\u00e1 encantado em responder \u00e0s suas perguntas. Escreva-nos e responderemos o mais breve poss\u00edvel.","breadcrumb":{"@id":"https:\/\/afiliapub.com\/contacto\/#breadcrumb"},"inLanguage":"pt-BR","potentialAction":[{"@type":"ReadAction","target":["https:\/\/afiliapub.com\/contacto\/"]}]},{"@type":"BreadcrumbList","@id":"https:\/\/afiliapub.com\/contacto\/#breadcrumb","itemListElement":[{"@type":"ListItem","position":1,"name":"Accueil","item":"https:\/\/afiliapub.com\/en\/"},{"@type":"ListItem","position":2,"name":"Contato"}]},{"@type":"WebSite","@id":"https:\/\/afiliapub.com\/#website","url":"https:\/\/afiliapub.com\/","name":"Afiliapub","description":"Os principais afiliados na rede dedicada aos paises de lingua portuguesa e espanhola: Brasil, Portugal, Espanha e todos os paises da America Latina","publisher":{"@id":"https:\/\/afiliapub.com\/#organization"},"potentialAction":[{"@type":"SearchAction","target":{"@type":"EntryPoint","urlTemplate":"https:\/\/afiliapub.com\/?s={search_term_string}"},"query-input":{"@type":"PropertyValueSpecification","valueRequired":true,"valueName":"search_term_string"}}],"inLanguage":"pt-BR"},{"@type":"Organization","@id":"https:\/\/afiliapub.com\/#organization","name":"Afiliapub","url":"https:\/\/afiliapub.com\/","logo":{"@type":"ImageObject","inLanguage":"pt-BR","@id":"https:\/\/afiliapub.com\/#\/schema\/logo\/image\/","url":"https:\/\/afiliapub.com\/wp-content\/uploads\/2024\/03\/logo-afiliapub-1200-630.png","contentUrl":"https:\/\/afiliapub.com\/wp-content\/uploads\/2024\/03\/logo-afiliapub-1200-630.png","width":1200,"height":630,"caption":"Afiliapub"},"image":{"@id":"https:\/\/afiliapub.com\/#\/schema\/logo\/image\/"}}]}},"_links":{"self":[{"href":"https:\/\/afiliapub.com\/pt-br\/wp-json\/wp\/v2\/pages\/21005","targetHints":{"allow":["GET"]}}],"collection":[{"href":"https:\/\/afiliapub.com\/pt-br\/wp-json\/wp\/v2\/pages"}],"about":[{"href":"https:\/\/afiliapub.com\/pt-br\/wp-json\/wp\/v2\/types\/page"}],"author":[{"embeddable":true,"href":"https:\/\/afiliapub.com\/pt-br\/wp-json\/wp\/v2\/users\/4313"}],"replies":[{"embeddable":true,"href":"https:\/\/afiliapub.com\/pt-br\/wp-json\/wp\/v2\/comments?post=21005"}],"version-history":[{"count":28,"href":"https:\/\/afiliapub.com\/pt-br\/wp-json\/wp\/v2\/pages\/21005\/revisions"}],"predecessor-version":[{"id":38326,"href":"https:\/\/afiliapub.com\/pt-br\/wp-json\/wp\/v2\/pages\/21005\/revisions\/38326"}],"wp:attachment":[{"href":"https:\/\/afiliapub.com\/pt-br\/wp-json\/wp\/v2\/media?parent=21005"}],"curies":[{"name":"wp","href":"https:\/\/api.w.org\/{rel}","templated":true}]}}