{"id":44303,"date":"2025-02-25T09:40:20","date_gmt":"2025-02-25T09:40:20","guid":{"rendered":"https:\/\/afiliapub.com\/what-is-your-talent-2\/"},"modified":"2025-10-14T13:01:43","modified_gmt":"2025-10-14T13:01:43","slug":"ofertas-de-trabajo","status":"publish","type":"page","link":"https:\/\/afiliapub.com\/latam\/ofertas-de-trabajo\/","title":{"rendered":"Ofertas de trabajo"},"content":{"rendered":"\t\t<div data-elementor-type=\"wp-page\" data-elementor-id=\"44303\" class=\"elementor elementor-44303 elementor-41967\">\n\t\t\t\t\t\t<section class=\"elementor-section elementor-top-section elementor-element elementor-element-683b83c elementor-section-boxed elementor-section-height-default elementor-section-height-default\" data-id=\"683b83c\" data-element_type=\"section\" data-e-type=\"section\">\n\t\t\t\t\t\t<div class=\"elementor-container elementor-column-gap-default\">\n\t\t\t\t\t<div class=\"elementor-column elementor-col-100 elementor-top-column elementor-element elementor-element-e13866a\" data-id=\"e13866a\" data-element_type=\"column\" data-e-type=\"column\">\n\t\t\t<div class=\"elementor-widget-wrap elementor-element-populated\">\n\t\t\t\t\t\t<div class=\"elementor-element elementor-element-320cc37 elementor-widget elementor-widget-elementskit-heading\" data-id=\"320cc37\" data-element_type=\"widget\" data-e-type=\"widget\" data-widget_type=\"elementskit-heading.default\">\n\t\t\t\t<div class=\"elementor-widget-container\">\n\t\t\t\t\t<div class=\"ekit-wid-con\" ><div class=\"ekit-heading elementskit-section-title-wraper text_center   ekit_heading_tablet-   ekit_heading_mobile-\"><h2 class=\"ekit-heading--title elementskit-section-title \">Tu Talento, Nuestra Visi\u00f3n: Impulsa tu Carrera<\/h2><\/div><\/div>\t\t\t\t<\/div>\n\t\t\t\t<\/div>\n\t\t\t\t\t<\/div>\n\t\t<\/div>\n\t\t\t\t\t<\/div>\n\t\t<\/section>\n\t\t\t\t<section class=\"elementor-section elementor-top-section elementor-element elementor-element-9e055b8 elementor-section-boxed elementor-section-height-default elementor-section-height-default\" data-id=\"9e055b8\" data-element_type=\"section\" data-e-type=\"section\">\n\t\t\t\t\t\t<div class=\"elementor-container elementor-column-gap-default\">\n\t\t\t\t\t<div class=\"elementor-column elementor-col-100 elementor-top-column elementor-element elementor-element-780da1a\" data-id=\"780da1a\" data-element_type=\"column\" data-e-type=\"column\">\n\t\t\t<div class=\"elementor-widget-wrap elementor-element-populated\">\n\t\t\t\t\t\t<div class=\"elementor-element elementor-element-c185415 elementor-widget elementor-widget-elementskit-heading\" data-id=\"c185415\" data-element_type=\"widget\" data-e-type=\"widget\" data-widget_type=\"elementskit-heading.default\">\n\t\t\t\t<div class=\"elementor-widget-container\">\n\t\t\t\t\t<div class=\"ekit-wid-con\" ><div class=\"ekit-heading elementskit-section-title-wraper text_left   ekit_heading_tablet-   ekit_heading_mobile-\">\t\t\t\t<div class='ekit-heading__description'>\n\t\t\t\t\t\n<div class=\"elementor-container elementor-column-gap-default\">\n<div class=\"elementor-column elementor-col-100 elementor-top-column elementor-element elementor-element-780da1a\">\n<div class=\"elementor-widget-wrap elementor-element-populated\">\n<div class=\"elementor-element elementor-element-c185415 elementor-widget elementor-widget-elementskit-heading\">\n<div class=\"elementor-widget-container\">\n<div class=\"ekit-wid-con\">\n<div class=\"ekit-heading elementskit-section-title-wraper text_left ekit_heading_tablet- ekit_heading_mobile-\">\n<div class=\"ekit-heading__description\">\n<p>En Afiliapub estamos en constante b\u00fasqueda de\u00a0<strong>nuevos talentos que puedan aportar sus conocimientos y sean entusiastas del Marketing de Afiliaci\u00f3n,<\/strong> por lo que, si tu carrera profesional se centra en alguno de estos puestos nos gustar\u00eda saber de ti y considerar tu candidatura.<\/p>\n<\/div>\n<\/div>\n<\/div>\n<\/div>\n<\/div>\n<\/div>\n<\/div>\n<\/div>\n\n\t\t\t\t<\/div>\n\t\t\t<\/div><\/div>\t\t\t\t<\/div>\n\t\t\t\t<\/div>\n\t\t\t\t\t<\/div>\n\t\t<\/div>\n\t\t\t\t\t<\/div>\n\t\t<\/section>\n\t\t\t\t<section class=\"elementor-section elementor-top-section elementor-element elementor-element-a5d317b elementor-section-content-middle elementor-reverse-mobile elementor-section-boxed elementor-section-height-default elementor-section-height-default\" data-id=\"a5d317b\" data-element_type=\"section\" data-e-type=\"section\">\n\t\t\t\t\t\t<div class=\"elementor-container elementor-column-gap-default\">\n\t\t\t\t\t<div class=\"elementor-column elementor-col-50 elementor-top-column elementor-element elementor-element-12c7b6b\" data-id=\"12c7b6b\" data-element_type=\"column\" data-e-type=\"column\">\n\t\t\t<div class=\"elementor-widget-wrap elementor-element-populated\">\n\t\t\t\t\t\t<div class=\"elementor-element elementor-element-b52893c animate-charcter elementor-widget elementor-widget-heading\" data-id=\"b52893c\" data-element_type=\"widget\" data-e-type=\"widget\" data-widget_type=\"heading.default\">\n\t\t\t\t<div class=\"elementor-widget-container\">\n\t\t\t\t\t<h2 class=\"elementor-heading-title elementor-size-default\">\u00a1S\u00e9 Parte del Equipo!<\/h2>\t\t\t\t<\/div>\n\t\t\t\t<\/div>\n\t\t\t\t<div class=\"elementor-element elementor-element-a230135 elementor-hidden-mobile elementor-widget elementor-widget-elementskit-heading\" data-id=\"a230135\" data-element_type=\"widget\" data-e-type=\"widget\" data-widget_type=\"elementskit-heading.default\">\n\t\t\t\t<div class=\"elementor-widget-container\">\n\t\t\t\t\t<div class=\"ekit-wid-con\" ><div class=\"ekit-heading elementskit-section-title-wraper    ekit_heading_tablet-   ekit_heading_mobile-\">\t\t\t\t<div class='ekit-heading__description'>\n\t\t\t\t\t<p>Explora nuestras oportunidades actuales y \u00fanete a un equipo que valora la innovaci\u00f3n, los resultados y la colaboraci\u00f3n:<\/p>\n<ul>\n<li><strong>Especialista en Anal\u00edtica Web:<\/strong>Optimiza el rendimiento de las campa\u00f1as mediante el an\u00e1lisis del tr\u00e1fico y las conversiones, maximizando los ingresos y la eficiencia.<\/li>\n<li><strong>Especialista en PPC (Publicidad de Pago por Clic):<\/strong>Gestiona la publicidad pagada para generar tr\u00e1fico rentable y aumentar las conversiones en promociones de terceros.<\/li>\n<li><strong>Estratega de Contenido Digital:<\/strong>Desarrolla estrategias de contenido para atraer y convertir usuarios a trav\u00e9s del SEO y un marketing orientado al valor.<\/li>\n<li><strong>Influencer Senior:<\/strong>Impulsa las ventas creando contenido aut\u00e9ntico y aprovechando la confianza y el compromiso de su audiencia.<\/li>\n<li><strong>Especialista en Campa\u00f1as de Marketing B2B:<\/strong>Dise\u00f1a campa\u00f1as para atraer socios estrat\u00e9gicos y ampliar las oportunidades de negocio.<\/li>\n<li><strong>Responsable de SEO y Outreach:<\/strong>Fortalece la autoridad del sitio web mediante link building y networking, aumentando el tr\u00e1fico y la visibilidad.<\/li>\n<li><strong>Especialista en Generaci\u00f3n de Leads:<\/strong>Captura y convierte leads calificados, optimizando los embudos para maximizar ventas y comisiones.<\/li>\n<\/ul>\n\t\t\t\t<\/div>\n\t\t\t<\/div><\/div>\t\t\t\t<\/div>\n\t\t\t\t<\/div>\n\t\t\t\t\t<\/div>\n\t\t<\/div>\n\t\t\t\t<div class=\"elementor-column elementor-col-50 elementor-top-column elementor-element elementor-element-03236a6\" data-id=\"03236a6\" data-element_type=\"column\" data-e-type=\"column\" data-settings=\"{&quot;background_background&quot;:&quot;classic&quot;}\">\n\t\t\t<div class=\"elementor-widget-wrap elementor-element-populated\">\n\t\t\t\t\t\t<div class=\"elementor-element elementor-element-7c7fa2e elementor-widget elementor-widget-image\" data-id=\"7c7fa2e\" data-element_type=\"widget\" data-e-type=\"widget\" data-widget_type=\"image.default\">\n\t\t\t\t<div class=\"elementor-widget-container\">\n\t\t\t\t\t\t\t\t\t\t\t\t\t\t\t<img fetchpriority=\"high\" decoding=\"async\" width=\"350\" height=\"335\" src=\"https:\/\/afiliapub.com\/wp-content\/uploads\/2025\/04\/team-WEB-1.png\" class=\"attachment-large size-large wp-image-43207\" alt=\"\" srcset=\"https:\/\/afiliapub.com\/wp-content\/uploads\/2025\/04\/team-WEB-1.png 350w, https:\/\/afiliapub.com\/wp-content\/uploads\/2025\/04\/team-WEB-1-300x287.png 300w\" sizes=\"(max-width: 350px) 100vw, 350px\" \/>\t\t\t\t\t\t\t\t\t\t\t\t\t\t\t<\/div>\n\t\t\t\t<\/div>\n\t\t\t\t\t<\/div>\n\t\t<\/div>\n\t\t\t\t\t<\/div>\n\t\t<\/section>\n\t\t\t\t<section class=\"elementor-section elementor-top-section elementor-element elementor-element-aacba0e elementor-section-boxed elementor-section-height-default elementor-section-height-default\" data-id=\"aacba0e\" data-element_type=\"section\" data-e-type=\"section\">\n\t\t\t\t\t\t<div class=\"elementor-container elementor-column-gap-default\">\n\t\t\t\t\t<div class=\"elementor-column elementor-col-100 elementor-top-column elementor-element elementor-element-9016d3e\" data-id=\"9016d3e\" data-element_type=\"column\" data-e-type=\"column\">\n\t\t\t<div class=\"elementor-widget-wrap elementor-element-populated\">\n\t\t\t\t\t\t<div class=\"elementor-element elementor-element-18a86fd elementor-widget elementor-widget-elementskit-heading\" data-id=\"18a86fd\" data-element_type=\"widget\" data-e-type=\"widget\" data-widget_type=\"elementskit-heading.default\">\n\t\t\t\t<div class=\"elementor-widget-container\">\n\t\t\t\t\t<div class=\"ekit-wid-con\" ><div class=\"ekit-heading elementskit-section-title-wraper text_left   ekit_heading_tablet-   ekit_heading_mobile-\">\t\t\t\t<div class='ekit-heading__description'>\n\t\t\t\t\t<p>Aplica hoy y lleva tu carrera al siguiente nivel.<\/p>\n<p>C\u00f3mo enviar tu solicitud:<\/p>\n<ol>\n<li><span>Con\u00e9ctate con nosotros en <strong><a href=\"https:\/\/www.linkedin.com\/in\/afiliapub-srl-ba12091a3\/\" target=\"_blank\" rel=\"noopener\">LinkedIn<\/a><\/strong> \u2013 Cont\u00e1ctanos y h\u00e1znos saber que est\u00e1s interesado\/a.<\/span><\/li>\n<li><span>Env\u00eda tu CV actualizado y portafolio a <strong><a href=\"mailto:professional@afiliapub.com\"><i>professional@afiliapub.com<\/i> <\/a><\/strong>\u2013 Aseg\u00farate de resaltar tu experiencia y habilidades relevantes.<\/span><\/li>\n<\/ol>\n<p>\u00a1Buena suerte!<\/p>\n\t\t\t\t<\/div>\n\t\t\t<\/div><\/div>\t\t\t\t<\/div>\n\t\t\t\t<\/div>\n\t\t\t\t\t<\/div>\n\t\t<\/div>\n\t\t\t\t\t<\/div>\n\t\t<\/section>\n\t\t\t\t<section class=\"elementor-section elementor-top-section elementor-element elementor-element-bdf49c8 elementor-section-boxed elementor-section-height-default elementor-section-height-default\" data-id=\"bdf49c8\" data-element_type=\"section\" data-e-type=\"section\">\n\t\t\t\t\t\t<div class=\"elementor-container elementor-column-gap-default\">\n\t\t\t\t\t<div class=\"elementor-column elementor-col-100 elementor-top-column elementor-element elementor-element-44031cd\" data-id=\"44031cd\" data-element_type=\"column\" data-e-type=\"column\">\n\t\t\t<div class=\"elementor-widget-wrap elementor-element-populated\">\n\t\t\t\t\t\t<div class=\"elementor-element elementor-element-558c1dc elementor-widget elementor-widget-spacer\" data-id=\"558c1dc\" data-element_type=\"widget\" data-e-type=\"widget\" data-widget_type=\"spacer.default\">\n\t\t\t\t<div class=\"elementor-widget-container\">\n\t\t\t\t\t\t\t<div class=\"elementor-spacer\">\n\t\t\t<div class=\"elementor-spacer-inner\"><\/div>\n\t\t<\/div>\n\t\t\t\t\t\t<\/div>\n\t\t\t\t<\/div>\n\t\t\t\t\t<\/div>\n\t\t<\/div>\n\t\t\t\t\t<\/div>\n\t\t<\/section>\n\t\t\t\t<section class=\"elementor-section elementor-top-section elementor-element elementor-element-75e364b elementor-section-boxed elementor-section-height-default elementor-section-height-default\" data-id=\"75e364b\" data-element_type=\"section\" data-e-type=\"section\">\n\t\t\t\t\t\t<div class=\"elementor-container elementor-column-gap-default\">\n\t\t\t\t\t<div class=\"elementor-column elementor-col-100 elementor-top-column elementor-element elementor-element-4d03edd\" data-id=\"4d03edd\" data-element_type=\"column\" data-e-type=\"column\">\n\t\t\t<div class=\"elementor-widget-wrap elementor-element-populated\">\n\t\t\t\t\t\t<div class=\"elementor-element elementor-element-8715805 elementor-widget elementor-widget-html\" data-id=\"8715805\" data-element_type=\"widget\" data-e-type=\"widget\" data-widget_type=\"html.default\">\n\t\t\t\t<div class=\"elementor-widget-container\">\n\t\t\t\t\t<style>\n    \n    ol{\n        color:#5F5F5F!important\n    }\n    ol li{\n       margin-top:40px!imnoprtant\n    }\n    \n<\/style>\t\t\t\t<\/div>\n\t\t\t\t<\/div>\n\t\t\t\t\t<\/div>\n\t\t<\/div>\n\t\t\t\t\t<\/div>\n\t\t<\/section>\n\t\t\t\t<\/div>\n\t\t","protected":false},"excerpt":{"rendered":"<p>Tu Talento, Nuestra Visi\u00f3n: Impulsa tu Carrera En Afiliapub estamos en constante b\u00fasqueda de\u00a0nuevos talentos que puedan aportar sus conocimientos y sean entusiastas del Marketing de Afiliaci\u00f3n, por lo que, si tu carrera profesional se centra en alguno de estos puestos nos gustar\u00eda saber de ti y considerar tu candidatura. \u00a1S\u00e9 Parte del Equipo! Explora [&hellip;]<\/p>\n","protected":false},"author":4306,"featured_media":0,"parent":0,"menu_order":0,"comment_status":"closed","ping_status":"closed","template":"","meta":{"footnotes":""},"class_list":["post-44303","page","type-page","status-publish","hentry"],"yoast_head":"<!-- This site is optimized with the Yoast SEO Premium plugin v18.1 (Yoast SEO v27.0) - https:\/\/yoast.com\/product\/yoast-seo-premium-wordpress\/ -->\n<title>Ofertas de trabajo | Afiliapub<\/title>\n<meta name=\"robots\" content=\"index, follow, max-snippet:-1, max-image-preview:large, max-video-preview:-1\" \/>\n<link rel=\"canonical\" href=\"https:\/\/afiliapub.com\/ofertas-de-trabajo\/\" \/>\n<meta property=\"og:locale\" content=\"es_ES\" \/>\n<meta property=\"og:type\" content=\"article\" \/>\n<meta property=\"og:title\" content=\"Ofertas de trabajo\" \/>\n<meta property=\"og:description\" content=\"Tu Talento, Nuestra Visi\u00f3n: Impulsa tu Carrera En Afiliapub estamos en constante b\u00fasqueda de\u00a0nuevos talentos que puedan aportar sus conocimientos y sean entusiastas del Marketing de Afiliaci\u00f3n, por lo que, si tu carrera profesional se centra en alguno de estos puestos nos gustar\u00eda saber de ti y considerar tu candidatura. \u00a1S\u00e9 Parte del Equipo! Explora [&hellip;]\" \/>\n<meta property=\"og:url\" content=\"https:\/\/afiliapub.com\/ofertas-de-trabajo\/\" \/>\n<meta property=\"og:site_name\" content=\"Afiliapub\" \/>\n<meta property=\"article:modified_time\" content=\"2025-10-14T13:01:43+00:00\" \/>\n<meta property=\"og:image\" content=\"https:\/\/afiliapub.com\/wp-content\/uploads\/2025\/04\/team-WEB-1.png\" \/>\n<meta name=\"twitter:card\" content=\"summary_large_image\" \/>\n<meta name=\"twitter:label1\" content=\"Tiempo de lectura\" \/>\n\t<meta name=\"twitter:data1\" content=\"2 minutos\" \/>\n<script type=\"application\/ld+json\" class=\"yoast-schema-graph\">{\"@context\":\"https:\/\/schema.org\",\"@graph\":[{\"@type\":\"WebPage\",\"@id\":\"https:\/\/afiliapub.com\/ofertas-de-trabajo\/\",\"url\":\"https:\/\/afiliapub.com\/ofertas-de-trabajo\/\",\"name\":\"Ofertas de trabajo | Afiliapub\",\"isPartOf\":{\"@id\":\"https:\/\/afiliapub.com\/#website\"},\"primaryImageOfPage\":{\"@id\":\"https:\/\/afiliapub.com\/ofertas-de-trabajo\/#primaryimage\"},\"image\":{\"@id\":\"https:\/\/afiliapub.com\/ofertas-de-trabajo\/#primaryimage\"},\"thumbnailUrl\":\"https:\/\/afiliapub.com\/wp-content\/uploads\/2025\/04\/team-WEB-1.png\",\"datePublished\":\"2025-02-25T09:40:20+00:00\",\"dateModified\":\"2025-10-14T13:01:43+00:00\",\"breadcrumb\":{\"@id\":\"https:\/\/afiliapub.com\/ofertas-de-trabajo\/#breadcrumb\"},\"inLanguage\":\"es-CO\",\"potentialAction\":[{\"@type\":\"ReadAction\",\"target\":[\"https:\/\/afiliapub.com\/ofertas-de-trabajo\/\"]}]},{\"@type\":\"ImageObject\",\"inLanguage\":\"es-CO\",\"@id\":\"https:\/\/afiliapub.com\/ofertas-de-trabajo\/#primaryimage\",\"url\":\"https:\/\/afiliapub.com\/wp-content\/uploads\/2025\/04\/team-WEB-1.png\",\"contentUrl\":\"https:\/\/afiliapub.com\/wp-content\/uploads\/2025\/04\/team-WEB-1.png\"},{\"@type\":\"BreadcrumbList\",\"@id\":\"https:\/\/afiliapub.com\/ofertas-de-trabajo\/#breadcrumb\",\"itemListElement\":[{\"@type\":\"ListItem\",\"position\":1,\"name\":\"Accueil\",\"item\":\"https:\/\/afiliapub.com\/latam\/\"},{\"@type\":\"ListItem\",\"position\":2,\"name\":\"Ofertas de trabajo\"}]},{\"@type\":\"WebSite\",\"@id\":\"https:\/\/afiliapub.com\/#website\",\"url\":\"https:\/\/afiliapub.com\/\",\"name\":\"Afiliapub\",\"description\":\"The Affiliate Network for Spain, Portugal, Brazil and South America\",\"publisher\":{\"@id\":\"https:\/\/afiliapub.com\/#organization\"},\"potentialAction\":[{\"@type\":\"SearchAction\",\"target\":{\"@type\":\"EntryPoint\",\"urlTemplate\":\"https:\/\/afiliapub.com\/?s={search_term_string}\"},\"query-input\":{\"@type\":\"PropertyValueSpecification\",\"valueRequired\":true,\"valueName\":\"search_term_string\"}}],\"inLanguage\":\"es-CO\"},{\"@type\":\"Organization\",\"@id\":\"https:\/\/afiliapub.com\/#organization\",\"name\":\"Afiliapub\",\"url\":\"https:\/\/afiliapub.com\/\",\"logo\":{\"@type\":\"ImageObject\",\"inLanguage\":\"es-CO\",\"@id\":\"https:\/\/afiliapub.com\/#\/schema\/logo\/image\/\",\"url\":\"https:\/\/afiliapub.com\/wp-content\/uploads\/2024\/03\/logo-afiliapub-1200-630.png\",\"contentUrl\":\"https:\/\/afiliapub.com\/wp-content\/uploads\/2024\/03\/logo-afiliapub-1200-630.png\",\"width\":1200,\"height\":630,\"caption\":\"Afiliapub\"},\"image\":{\"@id\":\"https:\/\/afiliapub.com\/#\/schema\/logo\/image\/\"}}]}<\/script>\n<!-- \/ Yoast SEO Premium plugin. -->","yoast_head_json":{"title":"Ofertas de trabajo | Afiliapub","robots":{"index":"index","follow":"follow","max-snippet":"max-snippet:-1","max-image-preview":"max-image-preview:large","max-video-preview":"max-video-preview:-1"},"canonical":"https:\/\/afiliapub.com\/ofertas-de-trabajo\/","og_locale":"es_ES","og_type":"article","og_title":"Ofertas de trabajo","og_description":"Tu Talento, Nuestra Visi\u00f3n: Impulsa tu Carrera En Afiliapub estamos en constante b\u00fasqueda de\u00a0nuevos talentos que puedan aportar sus conocimientos y sean entusiastas del Marketing de Afiliaci\u00f3n, por lo que, si tu carrera profesional se centra en alguno de estos puestos nos gustar\u00eda saber de ti y considerar tu candidatura. \u00a1S\u00e9 Parte del Equipo! Explora [&hellip;]","og_url":"https:\/\/afiliapub.com\/ofertas-de-trabajo\/","og_site_name":"Afiliapub","article_modified_time":"2025-10-14T13:01:43+00:00","og_image":[{"url":"https:\/\/afiliapub.com\/wp-content\/uploads\/2025\/04\/team-WEB-1.png","type":"","width":"","height":""}],"twitter_card":"summary_large_image","twitter_misc":{"Tiempo de lectura":"2 minutos"},"schema":{"@context":"https:\/\/schema.org","@graph":[{"@type":"WebPage","@id":"https:\/\/afiliapub.com\/ofertas-de-trabajo\/","url":"https:\/\/afiliapub.com\/ofertas-de-trabajo\/","name":"Ofertas de trabajo | Afiliapub","isPartOf":{"@id":"https:\/\/afiliapub.com\/#website"},"primaryImageOfPage":{"@id":"https:\/\/afiliapub.com\/ofertas-de-trabajo\/#primaryimage"},"image":{"@id":"https:\/\/afiliapub.com\/ofertas-de-trabajo\/#primaryimage"},"thumbnailUrl":"https:\/\/afiliapub.com\/wp-content\/uploads\/2025\/04\/team-WEB-1.png","datePublished":"2025-02-25T09:40:20+00:00","dateModified":"2025-10-14T13:01:43+00:00","breadcrumb":{"@id":"https:\/\/afiliapub.com\/ofertas-de-trabajo\/#breadcrumb"},"inLanguage":"es-CO","potentialAction":[{"@type":"ReadAction","target":["https:\/\/afiliapub.com\/ofertas-de-trabajo\/"]}]},{"@type":"ImageObject","inLanguage":"es-CO","@id":"https:\/\/afiliapub.com\/ofertas-de-trabajo\/#primaryimage","url":"https:\/\/afiliapub.com\/wp-content\/uploads\/2025\/04\/team-WEB-1.png","contentUrl":"https:\/\/afiliapub.com\/wp-content\/uploads\/2025\/04\/team-WEB-1.png"},{"@type":"BreadcrumbList","@id":"https:\/\/afiliapub.com\/ofertas-de-trabajo\/#breadcrumb","itemListElement":[{"@type":"ListItem","position":1,"name":"Accueil","item":"https:\/\/afiliapub.com\/latam\/"},{"@type":"ListItem","position":2,"name":"Ofertas de trabajo"}]},{"@type":"WebSite","@id":"https:\/\/afiliapub.com\/#website","url":"https:\/\/afiliapub.com\/","name":"Afiliapub","description":"The Affiliate Network for Spain, Portugal, Brazil and South America","publisher":{"@id":"https:\/\/afiliapub.com\/#organization"},"potentialAction":[{"@type":"SearchAction","target":{"@type":"EntryPoint","urlTemplate":"https:\/\/afiliapub.com\/?s={search_term_string}"},"query-input":{"@type":"PropertyValueSpecification","valueRequired":true,"valueName":"search_term_string"}}],"inLanguage":"es-CO"},{"@type":"Organization","@id":"https:\/\/afiliapub.com\/#organization","name":"Afiliapub","url":"https:\/\/afiliapub.com\/","logo":{"@type":"ImageObject","inLanguage":"es-CO","@id":"https:\/\/afiliapub.com\/#\/schema\/logo\/image\/","url":"https:\/\/afiliapub.com\/wp-content\/uploads\/2024\/03\/logo-afiliapub-1200-630.png","contentUrl":"https:\/\/afiliapub.com\/wp-content\/uploads\/2024\/03\/logo-afiliapub-1200-630.png","width":1200,"height":630,"caption":"Afiliapub"},"image":{"@id":"https:\/\/afiliapub.com\/#\/schema\/logo\/image\/"}}]}},"_links":{"self":[{"href":"https:\/\/afiliapub.com\/latam\/wp-json\/wp\/v2\/pages\/44303","targetHints":{"allow":["GET"]}}],"collection":[{"href":"https:\/\/afiliapub.com\/latam\/wp-json\/wp\/v2\/pages"}],"about":[{"href":"https:\/\/afiliapub.com\/latam\/wp-json\/wp\/v2\/types\/page"}],"author":[{"embeddable":true,"href":"https:\/\/afiliapub.com\/latam\/wp-json\/wp\/v2\/users\/4306"}],"replies":[{"embeddable":true,"href":"https:\/\/afiliapub.com\/latam\/wp-json\/wp\/v2\/comments?post=44303"}],"version-history":[{"count":10,"href":"https:\/\/afiliapub.com\/latam\/wp-json\/wp\/v2\/pages\/44303\/revisions"}],"predecessor-version":[{"id":46213,"href":"https:\/\/afiliapub.com\/latam\/wp-json\/wp\/v2\/pages\/44303\/revisions\/46213"}],"wp:attachment":[{"href":"https:\/\/afiliapub.com\/latam\/wp-json\/wp\/v2\/media?parent=44303"}],"curies":[{"name":"wp","href":"https:\/\/api.w.org\/{rel}","templated":true}]}}