{"id":31443,"date":"2023-05-11T10:48:41","date_gmt":"2023-05-11T10:48:41","guid":{"rendered":"https:\/\/afiliapub.com\/inteligencia-artificial\/"},"modified":"2024-06-10T11:44:12","modified_gmt":"2024-06-10T11:44:12","slug":"inteligencia-artificial","status":"publish","type":"page","link":"https:\/\/afiliapub.com\/latam\/inteligencia-artificial\/","title":{"rendered":"Inteligencia artificial"},"content":{"rendered":"<div id=\"bsf_rt_marker\"><\/div>\t\t<div data-elementor-type=\"wp-page\" data-elementor-id=\"31443\" class=\"elementor elementor-31443 elementor-29979\">\n\t\t\t\t\t\t<section class=\"elementor-section elementor-top-section elementor-element elementor-element-2db5fc8 elementor-section-boxed elementor-section-height-default elementor-section-height-default\" data-id=\"2db5fc8\" data-element_type=\"section\" data-e-type=\"section\">\n\t\t\t\t\t\t<div class=\"elementor-container elementor-column-gap-default\">\n\t\t\t\t\t<div class=\"elementor-column elementor-col-100 elementor-top-column elementor-element elementor-element-54e9e38\" data-id=\"54e9e38\" data-element_type=\"column\" data-e-type=\"column\">\n\t\t\t<div class=\"elementor-widget-wrap elementor-element-populated\">\n\t\t\t\t\t\t<div class=\"elementor-element elementor-element-4312ae7 elementor-widget elementor-widget-spacer\" data-id=\"4312ae7\" data-element_type=\"widget\" data-e-type=\"widget\" data-widget_type=\"spacer.default\">\n\t\t\t\t<div class=\"elementor-widget-container\">\n\t\t\t\t\t\t\t<div class=\"elementor-spacer\">\n\t\t\t<div class=\"elementor-spacer-inner\"><\/div>\n\t\t<\/div>\n\t\t\t\t\t\t<\/div>\n\t\t\t\t<\/div>\n\t\t\t\t<div class=\"elementor-element elementor-element-90ab490 animate-charcter elementor-widget elementor-widget-heading\" data-id=\"90ab490\" data-element_type=\"widget\" data-e-type=\"widget\" data-widget_type=\"heading.default\">\n\t\t\t\t<div class=\"elementor-widget-container\">\n\t\t\t\t\t<h1 class=\"elementor-heading-title elementor-size-default\">Blog de Inteligencia Artificial<\/h1>\t\t\t\t<\/div>\n\t\t\t\t<\/div>\n\t\t\t\t<div class=\"elementor-element elementor-element-354505c elementor-widget elementor-widget-text-editor\" data-id=\"354505c\" data-element_type=\"widget\" data-e-type=\"widget\" data-widget_type=\"text-editor.default\">\n\t\t\t\t<div class=\"elementor-widget-container\">\n\t\t\t\t\t\t\t\t\t<p>Explora el emocionante campo de la Inteligencia Artificial y todos los beneficios y avances que vienen con esta tecnolog\u00eda disruptiva. Aqu\u00ed encontrar\u00e1s contenido informativo y actualizado sobre los conceptos fundamentales de IA, como el aprendizaje autom\u00e1tico, el procesamiento del lenguaje natural (PLN), la visi\u00f3n por computadora y otros campos relacionados. Vamos a explorar c\u00f3mo se aplican estos conceptos para mejorar los procesos y c\u00f3mo est\u00e1n dando forma al futuro de nuestro mundo.<\/p>\t\t\t\t\t\t\t\t<\/div>\n\t\t\t\t<\/div>\n\t\t\t\t<div class=\"elementor-element elementor-element-ea43749 elementor-hidden-mobile elementor-widget elementor-widget-spacer\" data-id=\"ea43749\" data-element_type=\"widget\" data-e-type=\"widget\" data-widget_type=\"spacer.default\">\n\t\t\t\t<div class=\"elementor-widget-container\">\n\t\t\t\t\t\t\t<div class=\"elementor-spacer\">\n\t\t\t<div class=\"elementor-spacer-inner\"><\/div>\n\t\t<\/div>\n\t\t\t\t\t\t<\/div>\n\t\t\t\t<\/div>\n\t\t\t\t\t<\/div>\n\t\t<\/div>\n\t\t\t\t\t<\/div>\n\t\t<\/section>\n\t\t\t\t<section class=\"elementor-section elementor-top-section elementor-element elementor-element-ed0da4e elementor-section-boxed elementor-section-height-default elementor-section-height-default\" data-id=\"ed0da4e\" data-element_type=\"section\" data-e-type=\"section\">\n\t\t\t\t\t\t<div class=\"elementor-container elementor-column-gap-default\">\n\t\t\t\t\t<div class=\"elementor-column elementor-col-100 elementor-top-column elementor-element elementor-element-8c9bfe2\" data-id=\"8c9bfe2\" data-element_type=\"column\" data-e-type=\"column\">\n\t\t\t<div class=\"elementor-widget-wrap elementor-element-populated\">\n\t\t\t\t\t\t<div class=\"elementor-element elementor-element-bb5ed5b elementor-hidden-mobile elementor-widget elementor-widget-spacer\" data-id=\"bb5ed5b\" data-element_type=\"widget\" data-e-type=\"widget\" data-widget_type=\"spacer.default\">\n\t\t\t\t<div class=\"elementor-widget-container\">\n\t\t\t\t\t\t\t<div class=\"elementor-spacer\">\n\t\t\t<div class=\"elementor-spacer-inner\"><\/div>\n\t\t<\/div>\n\t\t\t\t\t\t<\/div>\n\t\t\t\t<\/div>\n\t\t\t\t<div class=\"elementor-element elementor-element-e2967ff custom-post elementor-grid-3 elementor-grid-tablet-2 elementor-grid-mobile-1 elementor-posts--thumbnail-top elementor-widget elementor-widget-posts\" data-id=\"e2967ff\" data-element_type=\"widget\" data-e-type=\"widget\" data-settings=\"{&quot;pagination_type&quot;:&quot;numbers&quot;,&quot;classic_columns&quot;:&quot;3&quot;,&quot;classic_columns_tablet&quot;:&quot;2&quot;,&quot;classic_columns_mobile&quot;:&quot;1&quot;,&quot;classic_row_gap&quot;:{&quot;unit&quot;:&quot;px&quot;,&quot;size&quot;:35,&quot;sizes&quot;:[]},&quot;classic_row_gap_tablet&quot;:{&quot;unit&quot;:&quot;px&quot;,&quot;size&quot;:&quot;&quot;,&quot;sizes&quot;:[]},&quot;classic_row_gap_mobile&quot;:{&quot;unit&quot;:&quot;px&quot;,&quot;size&quot;:&quot;&quot;,&quot;sizes&quot;:[]}}\" data-widget_type=\"posts.classic\">\n\t\t\t\t<div class=\"elementor-widget-container\">\n\t\t\t\t\t\t\t<div class=\"elementor-posts-container elementor-posts elementor-posts--skin-classic elementor-grid\">\n\t\t\t\t<article class=\"elementor-post elementor-grid-item post-41321 post type-post status-publish format-standard has-post-thumbnail hentry category-afiliados-avanzados-latam category-afiliados-avanzados-latam-2 category-afiliados-intermedios-latam-2 category-afiliados-intermedios-latam category-afiliados-principiantes-latam category-afiliados-principiantes-latam-2 category-inteligencia-artificial-latam category-inteligencia-artificial-latam-2 category-marketing-digital-latam category-marketing-digital-latam-2\">\n\t\t\t\t<a class=\"elementor-post__thumbnail__link\" href=\"https:\/\/afiliapub.com\/latam\/apuestas-latinoamerica-2025\/\" >\n\t\t\t<div class=\"elementor-post__thumbnail\"><img fetchpriority=\"high\" decoding=\"async\" width=\"300\" height=\"172\" src=\"https:\/\/afiliapub.com\/wp-content\/uploads\/2024\/12\/Red-And-White-2025-Happy-New-Year-Instagram-Post-300x172.jpg\" class=\"attachment-medium size-medium wp-image-41323\" alt=\"eventos deportivos 2025\" srcset=\"https:\/\/afiliapub.com\/wp-content\/uploads\/2024\/12\/Red-And-White-2025-Happy-New-Year-Instagram-Post-300x172.jpg 300w, https:\/\/afiliapub.com\/wp-content\/uploads\/2024\/12\/Red-And-White-2025-Happy-New-Year-Instagram-Post.jpg 750w\" sizes=\"(max-width: 300px) 100vw, 300px\" \/><\/div>\n\t\t<\/a>\n\t\t\t\t<div class=\"elementor-post__text\">\n\t\t\t\t<h3 class=\"elementor-post__title\">\n\t\t\t<a href=\"https:\/\/afiliapub.com\/latam\/apuestas-latinoamerica-2025\/\" >\n\t\t\t\tApuesta Latinoam\u00e9rica 2025: Los mejores eventos deportivos para el marketing de afiliaci\u00f3n\t\t\t<\/a>\n\t\t<\/h3>\n\t\t\t\t<div class=\"elementor-post__meta-data\">\n\t\t\t\t\t<span class=\"elementor-post-author\">\n\t\t\tCristian de Solminihac\t\t<\/span>\n\t\t\t\t<span class=\"elementor-post-date\">\n\t\t\tdiciembre 27, 2024\t\t<\/span>\n\t\t\t\t<\/div>\n\t\t\t\t<div class=\"elementor-post__excerpt\">\n\t\t\t<p>El deporte es uno de los sectores m\u00e1s apasionantes y con mayor crecimiento en Latinoam\u00e9rica, atrayendo cada vez m\u00e1s atenci\u00f3n tanto de los fan\u00e1ticos como<\/p>\n\t\t<\/div>\n\t\t\t\t\t<a class=\"elementor-post__read-more\" href=\"https:\/\/afiliapub.com\/latam\/apuestas-latinoamerica-2025\/\" >\n\t\t\t\tLeer m\u00e1s\t\t\t<\/a>\n\t\t\t\t<\/div>\n\t\t\t\t<\/article>\n\t\t\t\t<article class=\"elementor-post elementor-grid-item post-19547 post type-post status-publish format-standard has-post-thumbnail hentry category-afiliados-intermedios-latam category-afiliados-principiantes-latam category-inteligencia-artificial-latam category-marketing-digital-latam\">\n\t\t\t\t<a class=\"elementor-post__thumbnail__link\" href=\"https:\/\/afiliapub.com\/latam\/palabras-claves-para-un-buen-posicionamiento-web\/\" >\n\t\t\t<div class=\"elementor-post__thumbnail\"><img decoding=\"async\" width=\"300\" height=\"199\" src=\"https:\/\/afiliapub.com\/wp-content\/uploads\/2022\/05\/seo-palabras-claves-300x199.jpg\" class=\"attachment-medium size-medium wp-image-19548\" alt=\"Palabras claves\" srcset=\"https:\/\/afiliapub.com\/wp-content\/uploads\/2022\/05\/seo-palabras-claves-300x199.jpg 300w, https:\/\/afiliapub.com\/wp-content\/uploads\/2022\/05\/seo-palabras-claves-1030x683.jpg 1030w, https:\/\/afiliapub.com\/wp-content\/uploads\/2022\/05\/seo-palabras-claves-120x80.jpg 120w, https:\/\/afiliapub.com\/wp-content\/uploads\/2022\/05\/seo-palabras-claves-768x509.jpg 768w, https:\/\/afiliapub.com\/wp-content\/uploads\/2022\/05\/seo-palabras-claves-1536x1018.jpg 1536w, https:\/\/afiliapub.com\/wp-content\/uploads\/2022\/05\/seo-palabras-claves.jpg 1667w\" sizes=\"(max-width: 300px) 100vw, 300px\" \/><\/div>\n\t\t<\/a>\n\t\t\t\t<div class=\"elementor-post__text\">\n\t\t\t\t<h3 class=\"elementor-post__title\">\n\t\t\t<a href=\"https:\/\/afiliapub.com\/latam\/palabras-claves-para-un-buen-posicionamiento-web\/\" >\n\t\t\t\tPalabras claves para un buen posicionamiento web\t\t\t<\/a>\n\t\t<\/h3>\n\t\t\t\t<div class=\"elementor-post__meta-data\">\n\t\t\t\t\t<span class=\"elementor-post-author\">\n\t\t\tCristian de Solminihac\t\t<\/span>\n\t\t\t\t<span class=\"elementor-post-date\">\n\t\t\tmayo 5, 2022\t\t<\/span>\n\t\t\t\t<\/div>\n\t\t\t\t<div class=\"elementor-post__excerpt\">\n\t\t\t<p>Palabras claves para un buen posicionamiento web Dentro de la tabla peri\u00f3dica del SEO est\u00e1 contenido el keywords research \u2013la b\u00fasqueda de las palabras claves-<\/p>\n\t\t<\/div>\n\t\t\t\t\t<a class=\"elementor-post__read-more\" href=\"https:\/\/afiliapub.com\/latam\/palabras-claves-para-un-buen-posicionamiento-web\/\" >\n\t\t\t\tLeer m\u00e1s\t\t\t<\/a>\n\t\t\t\t<\/div>\n\t\t\t\t<\/article>\n\t\t\t\t<\/div>\n\n\n\t\t\n\t\t\t\t\t\t<\/div>\n\t\t\t\t<\/div>\n\t\t\t\t<div class=\"elementor-element elementor-element-73ec03b elementor-widget elementor-widget-spacer\" data-id=\"73ec03b\" data-element_type=\"widget\" data-e-type=\"widget\" data-widget_type=\"spacer.default\">\n\t\t\t\t<div class=\"elementor-widget-container\">\n\t\t\t\t\t\t\t<div class=\"elementor-spacer\">\n\t\t\t<div class=\"elementor-spacer-inner\"><\/div>\n\t\t<\/div>\n\t\t\t\t\t\t<\/div>\n\t\t\t\t<\/div>\n\t\t\t\t\t<\/div>\n\t\t<\/div>\n\t\t\t\t\t<\/div>\n\t\t<\/section>\n\t\t\t\t<\/div>\n\t\t","protected":false},"excerpt":{"rendered":"<p>Blog de Inteligencia Artificial Explora el emocionante campo de la Inteligencia Artificial y todos los beneficios y avances que vienen con esta tecnolog\u00eda disruptiva. Aqu\u00ed encontrar\u00e1s contenido informativo y actualizado sobre los conceptos fundamentales de IA, como el aprendizaje autom\u00e1tico, el procesamiento del lenguaje natural (PLN), la visi\u00f3n por computadora y otros campos relacionados. Vamos [&hellip;]<\/p>\n","protected":false},"author":4306,"featured_media":0,"parent":0,"menu_order":0,"comment_status":"closed","ping_status":"closed","template":"","meta":{"footnotes":""},"class_list":["post-31443","page","type-page","status-publish","hentry"],"yoast_head":"<!-- This site is optimized with the Yoast SEO Premium plugin v18.1 (Yoast SEO v27.0) - https:\/\/yoast.com\/product\/yoast-seo-premium-wordpress\/ -->\n<title>Inteligencia artificial | Afiliapub<\/title>\n<meta name=\"description\" content=\"Explora el emocionante campo de la Inteligencia Artificial y todos los beneficios y avances que vienen con esta tecnolog\u00eda disruptiva.\" \/>\n<meta name=\"robots\" content=\"index, follow, max-snippet:-1, max-image-preview:large, max-video-preview:-1\" \/>\n<link rel=\"canonical\" href=\"https:\/\/afiliapub.com\/inteligencia-artificial\/\" \/>\n<meta property=\"og:locale\" content=\"es_ES\" \/>\n<meta property=\"og:type\" content=\"article\" \/>\n<meta property=\"og:title\" content=\"Inteligencia artificial\" \/>\n<meta property=\"og:description\" content=\"Explora el emocionante campo de la Inteligencia Artificial y todos los beneficios y avances que vienen con esta tecnolog\u00eda disruptiva.\" \/>\n<meta property=\"og:url\" content=\"https:\/\/afiliapub.com\/inteligencia-artificial\/\" \/>\n<meta property=\"og:site_name\" content=\"Afiliapub\" \/>\n<meta property=\"article:modified_time\" content=\"2024-06-10T11:44:12+00:00\" \/>\n<meta property=\"og:image\" content=\"https:\/\/afiliapub.com\/wp-content\/uploads\/2024\/03\/logo-afiliapub-1200-630.png\" \/>\n\t<meta property=\"og:image:width\" content=\"1200\" \/>\n\t<meta property=\"og:image:height\" content=\"630\" \/>\n\t<meta property=\"og:image:type\" content=\"image\/png\" \/>\n<meta name=\"twitter:card\" content=\"summary_large_image\" \/>\n<meta name=\"twitter:label1\" content=\"Tiempo de lectura\" \/>\n\t<meta name=\"twitter:data1\" content=\"2 minutos\" \/>\n<script type=\"application\/ld+json\" class=\"yoast-schema-graph\">{\"@context\":\"https:\/\/schema.org\",\"@graph\":[{\"@type\":\"WebPage\",\"@id\":\"https:\/\/afiliapub.com\/inteligencia-artificial\/\",\"url\":\"https:\/\/afiliapub.com\/inteligencia-artificial\/\",\"name\":\"Inteligencia artificial | Afiliapub\",\"isPartOf\":{\"@id\":\"https:\/\/afiliapub.com\/#website\"},\"datePublished\":\"2023-05-11T10:48:41+00:00\",\"dateModified\":\"2024-06-10T11:44:12+00:00\",\"description\":\"Explora el emocionante campo de la Inteligencia Artificial y todos los beneficios y avances que vienen con esta tecnolog\u00eda disruptiva.\",\"breadcrumb\":{\"@id\":\"https:\/\/afiliapub.com\/inteligencia-artificial\/#breadcrumb\"},\"inLanguage\":\"es-CO\",\"potentialAction\":[{\"@type\":\"ReadAction\",\"target\":[\"https:\/\/afiliapub.com\/inteligencia-artificial\/\"]}]},{\"@type\":\"BreadcrumbList\",\"@id\":\"https:\/\/afiliapub.com\/inteligencia-artificial\/#breadcrumb\",\"itemListElement\":[{\"@type\":\"ListItem\",\"position\":1,\"name\":\"Accueil\",\"item\":\"https:\/\/afiliapub.com\/latam\/\"},{\"@type\":\"ListItem\",\"position\":2,\"name\":\"Inteligencia artificial\"}]},{\"@type\":\"WebSite\",\"@id\":\"https:\/\/afiliapub.com\/#website\",\"url\":\"https:\/\/afiliapub.com\/\",\"name\":\"Afiliapub\",\"description\":\"The Affiliate Network for Spain, Portugal, Brazil and South America\",\"publisher\":{\"@id\":\"https:\/\/afiliapub.com\/#organization\"},\"potentialAction\":[{\"@type\":\"SearchAction\",\"target\":{\"@type\":\"EntryPoint\",\"urlTemplate\":\"https:\/\/afiliapub.com\/?s={search_term_string}\"},\"query-input\":{\"@type\":\"PropertyValueSpecification\",\"valueRequired\":true,\"valueName\":\"search_term_string\"}}],\"inLanguage\":\"es-CO\"},{\"@type\":\"Organization\",\"@id\":\"https:\/\/afiliapub.com\/#organization\",\"name\":\"Afiliapub\",\"url\":\"https:\/\/afiliapub.com\/\",\"logo\":{\"@type\":\"ImageObject\",\"inLanguage\":\"es-CO\",\"@id\":\"https:\/\/afiliapub.com\/#\/schema\/logo\/image\/\",\"url\":\"https:\/\/afiliapub.com\/wp-content\/uploads\/2024\/03\/logo-afiliapub-1200-630.png\",\"contentUrl\":\"https:\/\/afiliapub.com\/wp-content\/uploads\/2024\/03\/logo-afiliapub-1200-630.png\",\"width\":1200,\"height\":630,\"caption\":\"Afiliapub\"},\"image\":{\"@id\":\"https:\/\/afiliapub.com\/#\/schema\/logo\/image\/\"}}]}<\/script>\n<!-- \/ Yoast SEO Premium plugin. -->","yoast_head_json":{"title":"Inteligencia artificial | Afiliapub","description":"Explora el emocionante campo de la Inteligencia Artificial y todos los beneficios y avances que vienen con esta tecnolog\u00eda disruptiva.","robots":{"index":"index","follow":"follow","max-snippet":"max-snippet:-1","max-image-preview":"max-image-preview:large","max-video-preview":"max-video-preview:-1"},"canonical":"https:\/\/afiliapub.com\/inteligencia-artificial\/","og_locale":"es_ES","og_type":"article","og_title":"Inteligencia artificial","og_description":"Explora el emocionante campo de la Inteligencia Artificial y todos los beneficios y avances que vienen con esta tecnolog\u00eda disruptiva.","og_url":"https:\/\/afiliapub.com\/inteligencia-artificial\/","og_site_name":"Afiliapub","article_modified_time":"2024-06-10T11:44:12+00:00","og_image":[{"width":1200,"height":630,"url":"https:\/\/afiliapub.com\/wp-content\/uploads\/2024\/03\/logo-afiliapub-1200-630.png","type":"image\/png"}],"twitter_card":"summary_large_image","twitter_misc":{"Tiempo de lectura":"2 minutos"},"schema":{"@context":"https:\/\/schema.org","@graph":[{"@type":"WebPage","@id":"https:\/\/afiliapub.com\/inteligencia-artificial\/","url":"https:\/\/afiliapub.com\/inteligencia-artificial\/","name":"Inteligencia artificial | Afiliapub","isPartOf":{"@id":"https:\/\/afiliapub.com\/#website"},"datePublished":"2023-05-11T10:48:41+00:00","dateModified":"2024-06-10T11:44:12+00:00","description":"Explora el emocionante campo de la Inteligencia Artificial y todos los beneficios y avances que vienen con esta tecnolog\u00eda disruptiva.","breadcrumb":{"@id":"https:\/\/afiliapub.com\/inteligencia-artificial\/#breadcrumb"},"inLanguage":"es-CO","potentialAction":[{"@type":"ReadAction","target":["https:\/\/afiliapub.com\/inteligencia-artificial\/"]}]},{"@type":"BreadcrumbList","@id":"https:\/\/afiliapub.com\/inteligencia-artificial\/#breadcrumb","itemListElement":[{"@type":"ListItem","position":1,"name":"Accueil","item":"https:\/\/afiliapub.com\/latam\/"},{"@type":"ListItem","position":2,"name":"Inteligencia artificial"}]},{"@type":"WebSite","@id":"https:\/\/afiliapub.com\/#website","url":"https:\/\/afiliapub.com\/","name":"Afiliapub","description":"The Affiliate Network for Spain, Portugal, Brazil and South America","publisher":{"@id":"https:\/\/afiliapub.com\/#organization"},"potentialAction":[{"@type":"SearchAction","target":{"@type":"EntryPoint","urlTemplate":"https:\/\/afiliapub.com\/?s={search_term_string}"},"query-input":{"@type":"PropertyValueSpecification","valueRequired":true,"valueName":"search_term_string"}}],"inLanguage":"es-CO"},{"@type":"Organization","@id":"https:\/\/afiliapub.com\/#organization","name":"Afiliapub","url":"https:\/\/afiliapub.com\/","logo":{"@type":"ImageObject","inLanguage":"es-CO","@id":"https:\/\/afiliapub.com\/#\/schema\/logo\/image\/","url":"https:\/\/afiliapub.com\/wp-content\/uploads\/2024\/03\/logo-afiliapub-1200-630.png","contentUrl":"https:\/\/afiliapub.com\/wp-content\/uploads\/2024\/03\/logo-afiliapub-1200-630.png","width":1200,"height":630,"caption":"Afiliapub"},"image":{"@id":"https:\/\/afiliapub.com\/#\/schema\/logo\/image\/"}}]}},"_links":{"self":[{"href":"https:\/\/afiliapub.com\/latam\/wp-json\/wp\/v2\/pages\/31443","targetHints":{"allow":["GET"]}}],"collection":[{"href":"https:\/\/afiliapub.com\/latam\/wp-json\/wp\/v2\/pages"}],"about":[{"href":"https:\/\/afiliapub.com\/latam\/wp-json\/wp\/v2\/types\/page"}],"author":[{"embeddable":true,"href":"https:\/\/afiliapub.com\/latam\/wp-json\/wp\/v2\/users\/4306"}],"replies":[{"embeddable":true,"href":"https:\/\/afiliapub.com\/latam\/wp-json\/wp\/v2\/comments?post=31443"}],"version-history":[{"count":18,"href":"https:\/\/afiliapub.com\/latam\/wp-json\/wp\/v2\/pages\/31443\/revisions"}],"predecessor-version":[{"id":39212,"href":"https:\/\/afiliapub.com\/latam\/wp-json\/wp\/v2\/pages\/31443\/revisions\/39212"}],"wp:attachment":[{"href":"https:\/\/afiliapub.com\/latam\/wp-json\/wp\/v2\/media?parent=31443"}],"curies":[{"name":"wp","href":"https:\/\/api.w.org\/{rel}","templated":true}]}}