{"id":19987,"date":"2022-05-19T14:15:11","date_gmt":"2022-05-19T14:15:11","guid":{"rendered":"https:\/\/afiliapub.com\/?page_id=19987"},"modified":"2025-03-19T10:43:58","modified_gmt":"2025-03-19T10:43:58","slug":"politica-de-privacidad","status":"publish","type":"page","link":"https:\/\/afiliapub.com\/latam\/politica-de-privacidad\/","title":{"rendered":"Pol\u00edtica De Privacidad"},"content":{"rendered":"\t\t<div data-elementor-type=\"wp-page\" data-elementor-id=\"19987\" class=\"elementor elementor-19987 elementor-19975\">\n\t\t\t\t\t\t<section class=\"elementor-section elementor-top-section elementor-element elementor-element-c7d3875 elementor-section-boxed elementor-section-height-default elementor-section-height-default\" data-id=\"c7d3875\" data-element_type=\"section\" data-e-type=\"section\">\n\t\t\t\t\t\t<div class=\"elementor-container elementor-column-gap-default\">\n\t\t\t\t\t<div class=\"elementor-column elementor-col-100 elementor-top-column elementor-element elementor-element-033b783\" data-id=\"033b783\" data-element_type=\"column\" data-e-type=\"column\">\n\t\t\t<div class=\"elementor-widget-wrap elementor-element-populated\">\n\t\t\t\t\t\t<div class=\"elementor-element elementor-element-d8539ff elementor-widget elementor-widget-text-editor\" data-id=\"d8539ff\" data-element_type=\"widget\" data-e-type=\"widget\" data-widget_type=\"text-editor.default\">\n\t\t\t\t<div class=\"elementor-widget-container\">\n\t\t\t\t\t\t\t\t\t<div class=\"et_pb_column et_pb_column_4_4 et_pb_column_0 et_pb_css_mix_blend_mode_passthrough et-last-child\"><div class=\"et_pb_module et_pb_text et_pb_text_0 n-n et_pb_text_align_left et_pb_bg_layout_light\"><div class=\"et_pb_text_inner\"><div class=\"entry-content\"><h1><strong>POL\u00cdTICA DE PRIVACIDAD<\/strong><\/h1><h5><strong>\u00a0<img decoding=\"async\" class=\"alignnone wp-image-42306 lazyautosizes lazyloaded\" src=\"https:\/\/afiliapub.com\/wp-content\/uploads\/2025\/03\/depositphotos_111500390-stock-photo-flag-of-greater-london-or-300x188.jpg\" sizes=\"225px\" srcset=\"https:\/\/afiliapub.com\/wp-content\/uploads\/2025\/03\/depositphotos_111500390-stock-photo-flag-of-greater-london-or-300x188.jpg 300w, https:\/\/afiliapub.com\/wp-content\/uploads\/2025\/03\/depositphotos_111500390-stock-photo-flag-of-greater-london-or-120x80.jpg 120w, https:\/\/afiliapub.com\/wp-content\/uploads\/2025\/03\/depositphotos_111500390-stock-photo-flag-of-greater-london-or-768x480.jpg 768w, https:\/\/afiliapub.com\/wp-content\/uploads\/2025\/03\/depositphotos_111500390-stock-photo-flag-of-greater-london-or.jpg 1024w\" alt=\"\" width=\"13\" height=\"8\" data-src=\"https:\/\/afiliapub.com\/wp-content\/uploads\/2025\/03\/depositphotos_111500390-stock-photo-flag-of-greater-london-or-300x188.jpg\" data-srcset=\"https:\/\/afiliapub.com\/wp-content\/uploads\/2025\/03\/depositphotos_111500390-stock-photo-flag-of-greater-london-or-300x188.jpg 300w, https:\/\/afiliapub.com\/wp-content\/uploads\/2025\/03\/depositphotos_111500390-stock-photo-flag-of-greater-london-or-120x80.jpg 120w, https:\/\/afiliapub.com\/wp-content\/uploads\/2025\/03\/depositphotos_111500390-stock-photo-flag-of-greater-london-or-768x480.jpg 768w, https:\/\/afiliapub.com\/wp-content\/uploads\/2025\/03\/depositphotos_111500390-stock-photo-flag-of-greater-london-or.jpg 1024w\" data-sizes=\"auto\" data-eio-rwidth=\"300\" data-eio-rheight=\"188\" \/>\u00a0<a href=\"https:\/\/afiliapub.com\/en\/privacy-policy\/\">PRIVACY POLICY<\/a><\/strong><\/h5><h5><strong>\u00a0<img decoding=\"async\" class=\"lazyautosizes lazyloaded alignnone wp-image-42300\" src=\"https:\/\/afiliapub.com\/wp-content\/uploads\/2025\/03\/Flag_of_Brazil.svg_.png\" sizes=\"(max-width: 13px) 100vw, 13px\" srcset=\"https:\/\/afiliapub.com\/wp-content\/uploads\/2025\/03\/Flag_of_Brazil.svg_.png 243w, https:\/\/afiliapub.com\/wp-content\/uploads\/2025\/03\/Flag_of_Brazil.svg_-120x80.png 120w\" alt=\"\" width=\"13\" height=\"9\" data-src=\"https:\/\/afiliapub.com\/wp-content\/uploads\/2025\/03\/Bandera-Portugal-ROTUVALL-300x278.jpg\" data-srcset=\"https:\/\/afiliapub.com\/wp-content\/uploads\/2025\/03\/Bandera-Portugal-ROTUVALL-300x278.jpg 300w, https:\/\/afiliapub.com\/wp-content\/uploads\/2025\/03\/Bandera-Portugal-ROTUVALL-768x710.jpg 768w, https:\/\/afiliapub.com\/wp-content\/uploads\/2025\/03\/Bandera-Portugal-ROTUVALL-120x120.jpg 120w, https:\/\/afiliapub.com\/wp-content\/uploads\/2025\/03\/Bandera-Portugal-ROTUVALL.jpg 894w\" data-sizes=\"auto\" data-eio-rwidth=\"300\" data-eio-rheight=\"278\" \/>\u00a0<a href=\"https:\/\/afiliapub.com\/pt-br\/politica-de-privacidade\/\">POL\u00cdTICA DE PRIVACIDADE<br \/><\/a><\/strong><\/h5><h5><strong>\u00a0<img decoding=\"async\" class=\"alignnone wp-image-42267 lazyautosizes lazyloaded\" src=\"https:\/\/afiliapub.com\/wp-content\/uploads\/2025\/03\/Bandera-Francia-ROTUVALL-300x278.jpg\" sizes=\"315px\" srcset=\"https:\/\/afiliapub.com\/wp-content\/uploads\/2025\/03\/Bandera-Francia-ROTUVALL-300x278.jpg 300w, https:\/\/afiliapub.com\/wp-content\/uploads\/2025\/03\/Bandera-Francia-ROTUVALL-1030x953.jpg 1030w, https:\/\/afiliapub.com\/wp-content\/uploads\/2025\/03\/Bandera-Francia-ROTUVALL-768x710.jpg 768w, https:\/\/afiliapub.com\/wp-content\/uploads\/2025\/03\/Bandera-Francia-ROTUVALL-120x120.jpg 120w, https:\/\/afiliapub.com\/wp-content\/uploads\/2025\/03\/Bandera-Francia-ROTUVALL-1536x1421.jpg 1536w, https:\/\/afiliapub.com\/wp-content\/uploads\/2025\/03\/Bandera-Francia-ROTUVALL.jpg 1920w\" alt=\"\" width=\"14\" height=\"13\" data-src=\"https:\/\/afiliapub.com\/wp-content\/uploads\/2025\/03\/Bandera-Francia-ROTUVALL-300x278.jpg\" data-srcset=\"https:\/\/afiliapub.com\/wp-content\/uploads\/2025\/03\/Bandera-Francia-ROTUVALL-300x278.jpg 300w, https:\/\/afiliapub.com\/wp-content\/uploads\/2025\/03\/Bandera-Francia-ROTUVALL-1030x953.jpg 1030w, https:\/\/afiliapub.com\/wp-content\/uploads\/2025\/03\/Bandera-Francia-ROTUVALL-768x710.jpg 768w, https:\/\/afiliapub.com\/wp-content\/uploads\/2025\/03\/Bandera-Francia-ROTUVALL-120x120.jpg 120w, https:\/\/afiliapub.com\/wp-content\/uploads\/2025\/03\/Bandera-Francia-ROTUVALL-1536x1421.jpg 1536w, https:\/\/afiliapub.com\/wp-content\/uploads\/2025\/03\/Bandera-Francia-ROTUVALL.jpg 1920w\" data-sizes=\"auto\" data-eio-rwidth=\"300\" data-eio-rheight=\"278\" \/>\u00a0<a href=\"https:\/\/afiliapub.com\/fr\/politique-de-confidentialite\/\">POLITIQUE DE CONFIDENTIALIT\u00c9<\/a><\/strong><\/h5><p><strong>OBJETO DE LA POL\u00cdTICA DE PRIVACIDAD<\/strong><\/p><p><strong>En cumplimiento de lo dispuesto en el Reglamento (UE) 2016\/679 del Parlamento Europeo y del Consejo de 27 de abril de 2016 relativo a la protecci\u00f3n de las personas f\u00edsicas en lo que respecta al tratamiento de datos personales y a la libre circulaci\u00f3n de estos datos (en adelante RGPD) y dem\u00e1s normativa vigente en la materia, Afiliapub S.R.L., (en adelante, Afiliapub) desea poner en conocimiento de los usuarios del sitio web www.afiliapub.com (en adelante, el \u00absitio o sitio web\u00bb), la pol\u00edtica respecto del tratamiento y protecci\u00f3n de los datos de car\u00e1cter personal de aquellas personas que suministren sus datos personales a trav\u00e9s del sitio.<\/strong><\/p><p>Esta pol\u00edtica describe c\u00f3mo manejamos su informaci\u00f3n personal si usted es due\u00f1o de una cuenta (\u2018usuario\u2019) o simplemente contacta con nosotros a trav\u00e9s de nuestro sitio web (\u2018plataforma\u2019).<\/p><p><strong>TIPO DE INFORMACI\u00d3N PERSONAL QUE RECOGEMOS<\/strong><\/p><p>Afiliapub recopila cierta informaci\u00f3n personal sobre visitantes y usuarios registrados de nuestra plataforma.<\/p><p>El tipo de informaci\u00f3n m\u00e1s com\u00fan que recopilamos incluye datos referentes a: nombre de usuario, nombres, direcci\u00f3n postal, direcci\u00f3n de correo electr\u00f3nico, direcciones IP, direcciones de web y blogs, nombres de cuentas de Facebook, Twitter y Telegram, otros detalles de contacto, detalles bancarios y de pago. Tambi\u00e9n recopilaremos informaci\u00f3n personal de CV y cartas de presentaci\u00f3n enviadas por los candidatos.<\/p><p><strong>C\u00d3MO RECOPILAMOS INFORMACI\u00d3N PERSONAL<\/strong><\/p><p>1.- Recopilamos informaci\u00f3n personal directamente cuando nos la proporciona, como por ejemplo cuando, como usuario afiliado registrado, necesitamos identificarlo como propietario de un sitio web u otro medio, cuando esto no puede hacerse autom\u00e1ticamente.<\/p><p>2.- Recopilamos su informaci\u00f3n personal cuando nos la proporciona completando el formulario de registro, cuando ingresa los datos bancarios en su cuenta de usuario,<\/p><p>3.- Tambi\u00e9n recabamos sus datos cuando env\u00eda mensajes a un Administrador de Afiliados a trav\u00e9s de nuestra funci\u00f3n de contacto o directamente cuando nos env\u00eda una comunicaci\u00f3n por correo electr\u00f3nico o Skype.<\/p><p><strong>C\u00d3MO USAMOS INFORMACI\u00d3N PERSONAL<\/strong><\/p><p>Utilizaremos su informaci\u00f3n personal cuando sea necesario para los siguientes fines:<\/p><p>Con base en el contrato de prestaci\u00f3n de servicios suscrito con nuestros usuarios:<\/p><ol><li>Operaciones y actualizaci\u00f3n en la plataforma.<\/li><li>Ofrecerle los servicios descritos en los T\u00e9rminos y condiciones.<\/li><li>Verificar su identidad cuando se registra o inicia sesi\u00f3n en nuestra plataforma, como ejemplos:<\/li><li>Identificar a un usuario afiliado registrado como el propietario v\u00e1lido del sitio web en el que desea insertar material publicitario, dispuesto en nuestra plataforma.<\/li><li>Para procesar el pago de las comisiones de los Afiliados.<\/li><li>Respondiendo a sus consultas enviadas a trav\u00e9s de nuestra mensajer\u00eda interna o a trav\u00e9s de cualquiera de nuestros soportes de comunicaci\u00f3n.<\/li><\/ol><p><strong>Con base en el inter\u00e9s leg\u00edtimo de la empresa:<\/strong><\/p><ol start=\"5\"><li>Actualizando noticias e informaci\u00f3n operativa sobre nuestros servicios, a trav\u00e9s de boletines informativos por correo electr\u00f3nico, si nos ha dado su consentimiento expreso al registrarse, para notificarle acerca de los cambios en nuestros servicios, cualquier tipo de informaci\u00f3n sobre la plataforma, nuevas ofertas de materiales de marketing, nuevas campa\u00f1as disponibles en su cuenta, etc.<\/li><li>Monitorizar la actividad en la plataforma para identificar posibles actividades fraudulentas y garantizar el cumplimiento de los T\u00e9rminos y condiciones.<\/li><\/ol><p><strong>Con base en el consentimiento:<\/strong><\/p><ol start=\"7\"><li>Procesando cualquier solicitud de trabajo.<\/li><\/ol><p>8.- Tambi\u00e9n usaremos su informaci\u00f3n personal cuando nos d\u00e9 su consentimiento para personalizar nuestros servicios. Por ejemplo, usamos su preferencia de idioma u otros par\u00e1metros para proporcionar una experiencia m\u00e1s personalizada. Esto implica el uso de cookies o tecnolog\u00edas similares. Nos remitimos al apartado \u201cCookies\u201d, donde se explican las opciones de configuraci\u00f3n, a los efectos de aceptar este uso de sus datos personales.<\/p><p><strong>Con base en obligaciones legales:<\/strong><\/p><p>Finalmente, utilizaremos su informaci\u00f3n personal para los fines exigidos por la ley, como la retenci\u00f3n de facturas de pago con fines de seguimiento contable y fiscales, respondiendo a solicitudes del gobierno, tribunal o las autoridades policiales que realizan una investigaci\u00f3n.<\/p><p><strong>A QUI\u00c9NES CEDEMOS SUS DATOS PERSONALES<\/strong><\/p><p>Cederemos informaci\u00f3n personal a los siguientes destinatarios:<\/p><ol><li>Los operadores de juego online cuando nos soliciten conocer la URL de nuestros afiliados para otorgarles acceso a sus campa\u00f1as en la plataforma.<\/li><li>Nuestros asesores profesionales (abogados, contadores, asesores financieros, etc.) que se encuentran en Espa\u00f1a y Costa Rica.<\/li><\/ol><p>La transferencia internacional de datos a Costa Rica es necesaria para la ejecuci\u00f3n del contrato suscrito con nuestros usuarios, as\u00ed como para la celebraci\u00f3n y ejecuci\u00f3n de un contrato, en inter\u00e9s del interesado, entre nuestra empresa y sus colaboradores.<\/p><ol start=\"3\"><li>Reguladores y autoridades gubernamentales en relaci\u00f3n con nuestros procedimientos y obligaciones de cumplimiento.<\/li><li>Otros destinatarios donde estamos autorizados o requeridos por ley para hacerlo (para fines de investigaci\u00f3n criminal o actividad supuesta o ilegal sospechosa o para defender nuestros derechos, etc.)<\/li><\/ol><p><strong>DONDE TRANSFERIMOS Y \/ O ALMACENAMOS SU INFORMACI\u00d3N PERSONAL<\/strong><\/p><p>Nuestras sedes se encuentran en Espa\u00f1a y Costa Rica y nuestra plataforma Liquid web, est\u00e1 alojada en Estados Unidos, por lo que sus datos se procesar\u00e1n en ambos pa\u00edses. \u00a0Dicha plataforma cuenta con las garant\u00edas del EU-US Privacy Shield Framework and the Swiss-US Privacy Shield Framework. Para proteger su informaci\u00f3n, nos ocupamos siempre de trabajar con subcontratistas y proveedores de servicios que mantienen el requerido nivel de cumplimiento de seguridad de datos.<\/p><p><strong>C\u00d3MO MANTENEMOS SU INFORMACI\u00d3N PERSONAL SEGURA<\/strong><\/p><p>Almacenamos informaci\u00f3n personal en servidores seguros que manejamos nosotros y nuestros proveedores de servicios y que cuentan con las garant\u00edas del EU-US Privacy Shield Framework and the Swiss-US Privacy Shield Framework<\/p><p><strong>C\u00d3MO PUEDE ACCEDER A SU INFORMACI\u00d3N PERSONAL<\/strong><\/p><p>Puede acceder a la informaci\u00f3n personal que recopilamos sobre usted iniciando sesi\u00f3n en su cuenta. Tiene derecho a modificar y solicitar modificaciones de cualquier error sobre esa informaci\u00f3n. Tambi\u00e9n puede cerrar la cuenta que tiene con nosotros en cualquier momento.<\/p><p>Como interesado, Vd. tambi\u00e9n tiene derecho a la limitaci\u00f3n del tratamiento de sus datos personales, su oposici\u00f3n al tratamiento, y el derecho a la portabilidad de sus datos.<\/p><p>Para realizar cualquier solicitud o consulta sobre el ejercicio de estos derechos, p\u00f3ngase en contacto con nuestro equipo mediante el correo electr\u00f3nico contact@afiliapub.com<\/p><p>Adem\u00e1s puede Vd. presentar una reclamaci\u00f3n ante la Agencia espa\u00f1ola de protecci\u00f3n de datos u otra autoridad de control.<\/p><p>No\u00a0 est\u00e1 prevista la realizaci\u00f3n de perfiles, decisiones automatizadas y\/o l\u00f3gica sobre sus datos personales.<\/p><p><strong>OPCIONES DE MARKETING CON RESPECTO A SU INFORMACI\u00d3N PERSONAL<\/strong><\/p><p>Cuando tengamos su consentimiento para hacerlo (generalmente, si se suscribi\u00f3 a nuestros boletines informativos), enviaremos comunicaciones de marketing por correo electr\u00f3nico sobre nuevas ofertas (como nuevas campa\u00f1as disponible en nuestra plataforma) o cambios en ofertas existentes que creemos que pueden ser de inter\u00e9s para t\u00fa. Puede elegir no recibir los boletines informativos utilizando la funci\u00f3n de \u00abdarse de baja\u00bb provista en la comunicaci\u00f3n misma o desde la configuraci\u00f3n de su cuenta de usuario.<\/p><p><strong>COOKIES<\/strong><\/p><p>Tambi\u00e9n tiene opciones sobre las cookies, tal como se describe a continuaci\u00f3n. Al modificar las preferencias de su navegador, tiene la opci\u00f3n de aceptar todas las cookies, recibir una notificaci\u00f3n cuando se establece una cookie o rechazar todas las cookies. Si elige rechazar las cookies, es posible que algunas partes de nuestro sitio web no funcionen correctamente.<\/p><p><strong>CUANTO TIEMPO GUARDAMOS SU INFORMACI\u00d3N PERSONAL<\/strong><\/p><p>Conservamos su informaci\u00f3n personal durante el tiempo que sea necesario para proporcionarle de manera correcta los servicios, y para cumplir con nuestras obligaciones legales. Si ya no desea que usemos su informaci\u00f3n personal o le proporcionemos nuestros servicios de plataforma, puede solicitar que cerremos su cuenta. Tenga en cuenta que si solicita la eliminaci\u00f3n de su informaci\u00f3n personal, podremos retener informaci\u00f3n de su cuenta seg\u00fan sea necesario, para cumplir con la ley, prevenir fraudes, cobrar tarifas, resolver disputas, solucionar problemas, ayudar con investigaciones, hacer cumplir los t\u00e9rminos del servicio y tomar otras acciones permitidas por la ley. La informaci\u00f3n que retenemos se manejar\u00e1 de acuerdo con esta Pol\u00edtica de privacidad.<\/p><p><strong>ACTUALIZACI\u00d3N DE LA POL\u00cdTICA DE PRIVACIDAD<\/strong><\/p><p>Tendremos que cambiar esta pol\u00edtica de vez en cuando para asegurarnos de que est\u00e9 actualizada con los \u00faltimos requisitos legales, en tal caso nos aseguraremos de notificarle sobre dichos cambios, cuando sea necesario. Una copia de la \u00faltima versi\u00f3n de esta pol\u00edtica siempre estar\u00e1 disponible en esta p\u00e1gina.<\/p><p><strong>C\u00d3MO CONTACTARNOS<\/strong><\/p><p>Si tiene alguna pregunta sobre nuestras pr\u00e1cticas de privacidad o la forma en que hemos estado gestionando su informaci\u00f3n personal, p\u00f3ngase en contacto con nuestro equipo mediante el correo electr\u00f3nico <strong>contact@afiliapub.com<\/strong><\/p><\/div><\/div><\/div><\/div>\t\t\t\t\t\t\t\t<\/div>\n\t\t\t\t<\/div>\n\t\t\t\t\t<\/div>\n\t\t<\/div>\n\t\t\t\t\t<\/div>\n\t\t<\/section>\n\t\t\t\t<\/div>\n\t\t","protected":false},"excerpt":{"rendered":"<p>POL\u00cdTICA DE PRIVACIDAD \u00a0\u00a0PRIVACY POLICY \u00a0\u00a0POL\u00cdTICA DE PRIVACIDADE \u00a0\u00a0POLITIQUE DE CONFIDENTIALIT\u00c9 OBJETO DE LA POL\u00cdTICA DE PRIVACIDAD En cumplimiento de lo dispuesto en el Reglamento (UE) 2016\/679 del Parlamento Europeo y del Consejo de 27 de abril de 2016 relativo a la protecci\u00f3n de las personas f\u00edsicas en lo que respecta al tratamiento de datos [&hellip;]<\/p>\n","protected":false},"author":4313,"featured_media":42280,"parent":0,"menu_order":0,"comment_status":"closed","ping_status":"closed","template":"","meta":{"footnotes":""},"class_list":["post-19987","page","type-page","status-publish","has-post-thumbnail","hentry"],"yoast_head":"<!-- This site is optimized with the Yoast SEO Premium plugin v18.1 (Yoast SEO v27.0) - https:\/\/yoast.com\/product\/yoast-seo-premium-wordpress\/ -->\n<title>Afiliapub | Pol\u00edtica De Privacidad<\/title>\n<meta name=\"robots\" content=\"noindex, nofollow\" \/>\n<meta property=\"og:locale\" content=\"es_ES\" \/>\n<meta property=\"og:type\" content=\"article\" \/>\n<meta property=\"og:title\" content=\"Pol\u00edtica De Privacidad\" \/>\n<meta property=\"og:description\" content=\"POL\u00cdTICA DE PRIVACIDAD \u00a0\u00a0PRIVACY POLICY \u00a0\u00a0POL\u00cdTICA DE PRIVACIDADE \u00a0\u00a0POLITIQUE DE CONFIDENTIALIT\u00c9 OBJETO DE LA POL\u00cdTICA DE PRIVACIDAD En cumplimiento de lo dispuesto en el Reglamento (UE) 2016\/679 del Parlamento Europeo y del Consejo de 27 de abril de 2016 relativo a la protecci\u00f3n de las personas f\u00edsicas en lo que respecta al tratamiento de datos [&hellip;]\" \/>\n<meta property=\"og:url\" content=\"https:\/\/afiliapub.com\/politica-de-privacidad\/\" \/>\n<meta property=\"og:site_name\" content=\"Afiliapub\" \/>\n<meta property=\"article:modified_time\" content=\"2025-03-19T10:43:58+00:00\" \/>\n<meta property=\"og:image\" content=\"https:\/\/afiliapub.com\/wp-content\/uploads\/2025\/03\/depositphotos_111500390-stock-photo-flag-of-greater-london-or-300x188.jpg\" \/>\n<meta name=\"twitter:card\" content=\"summary_large_image\" \/>\n<meta name=\"twitter:label1\" content=\"Tiempo de lectura\" \/>\n\t<meta name=\"twitter:data1\" content=\"7 minutos\" \/>\n<script type=\"application\/ld+json\" class=\"yoast-schema-graph\">{\"@context\":\"https:\/\/schema.org\",\"@graph\":[{\"@type\":\"WebPage\",\"@id\":\"https:\/\/afiliapub.com\/politica-de-privacidad\/\",\"url\":\"https:\/\/afiliapub.com\/politica-de-privacidad\/\",\"name\":\"Afiliapub | Pol\u00edtica De Privacidad\",\"isPartOf\":{\"@id\":\"https:\/\/afiliapub.com\/#website\"},\"primaryImageOfPage\":{\"@id\":\"https:\/\/afiliapub.com\/politica-de-privacidad\/#primaryimage\"},\"image\":{\"@id\":\"https:\/\/afiliapub.com\/politica-de-privacidad\/#primaryimage\"},\"thumbnailUrl\":\"https:\/\/afiliapub.com\/wp-content\/uploads\/2025\/03\/Bandera_de_Espana.svg_.png\",\"datePublished\":\"2022-05-19T14:15:11+00:00\",\"dateModified\":\"2025-03-19T10:43:58+00:00\",\"breadcrumb\":{\"@id\":\"https:\/\/afiliapub.com\/politica-de-privacidad\/#breadcrumb\"},\"inLanguage\":\"es-CO\",\"potentialAction\":[{\"@type\":\"ReadAction\",\"target\":[\"https:\/\/afiliapub.com\/politica-de-privacidad\/\"]}]},{\"@type\":\"ImageObject\",\"inLanguage\":\"es-CO\",\"@id\":\"https:\/\/afiliapub.com\/politica-de-privacidad\/#primaryimage\",\"url\":\"https:\/\/afiliapub.com\/wp-content\/uploads\/2025\/03\/Bandera_de_Espana.svg_.png\",\"contentUrl\":\"https:\/\/afiliapub.com\/wp-content\/uploads\/2025\/03\/Bandera_de_Espana.svg_.png\",\"width\":640,\"height\":427},{\"@type\":\"BreadcrumbList\",\"@id\":\"https:\/\/afiliapub.com\/politica-de-privacidad\/#breadcrumb\",\"itemListElement\":[{\"@type\":\"ListItem\",\"position\":1,\"name\":\"Accueil\",\"item\":\"https:\/\/afiliapub.com\/latam\/\"},{\"@type\":\"ListItem\",\"position\":2,\"name\":\"Pol\u00edtica De Privacidad\"}]},{\"@type\":\"WebSite\",\"@id\":\"https:\/\/afiliapub.com\/#website\",\"url\":\"https:\/\/afiliapub.com\/\",\"name\":\"Afiliapub\",\"description\":\"The Affiliate Network for Spain, Portugal, Brazil and South America\",\"publisher\":{\"@id\":\"https:\/\/afiliapub.com\/#organization\"},\"potentialAction\":[{\"@type\":\"SearchAction\",\"target\":{\"@type\":\"EntryPoint\",\"urlTemplate\":\"https:\/\/afiliapub.com\/?s={search_term_string}\"},\"query-input\":{\"@type\":\"PropertyValueSpecification\",\"valueRequired\":true,\"valueName\":\"search_term_string\"}}],\"inLanguage\":\"es-CO\"},{\"@type\":\"Organization\",\"@id\":\"https:\/\/afiliapub.com\/#organization\",\"name\":\"Afiliapub\",\"url\":\"https:\/\/afiliapub.com\/\",\"logo\":{\"@type\":\"ImageObject\",\"inLanguage\":\"es-CO\",\"@id\":\"https:\/\/afiliapub.com\/#\/schema\/logo\/image\/\",\"url\":\"https:\/\/afiliapub.com\/wp-content\/uploads\/2024\/03\/logo-afiliapub-1200-630.png\",\"contentUrl\":\"https:\/\/afiliapub.com\/wp-content\/uploads\/2024\/03\/logo-afiliapub-1200-630.png\",\"width\":1200,\"height\":630,\"caption\":\"Afiliapub\"},\"image\":{\"@id\":\"https:\/\/afiliapub.com\/#\/schema\/logo\/image\/\"}}]}<\/script>\n<!-- \/ Yoast SEO Premium plugin. -->","yoast_head_json":{"title":"Afiliapub | Pol\u00edtica De Privacidad","robots":{"index":"noindex","follow":"nofollow"},"og_locale":"es_ES","og_type":"article","og_title":"Pol\u00edtica De Privacidad","og_description":"POL\u00cdTICA DE PRIVACIDAD \u00a0\u00a0PRIVACY POLICY \u00a0\u00a0POL\u00cdTICA DE PRIVACIDADE \u00a0\u00a0POLITIQUE DE CONFIDENTIALIT\u00c9 OBJETO DE LA POL\u00cdTICA DE PRIVACIDAD En cumplimiento de lo dispuesto en el Reglamento (UE) 2016\/679 del Parlamento Europeo y del Consejo de 27 de abril de 2016 relativo a la protecci\u00f3n de las personas f\u00edsicas en lo que respecta al tratamiento de datos [&hellip;]","og_url":"https:\/\/afiliapub.com\/politica-de-privacidad\/","og_site_name":"Afiliapub","article_modified_time":"2025-03-19T10:43:58+00:00","og_image":[{"url":"https:\/\/afiliapub.com\/wp-content\/uploads\/2025\/03\/depositphotos_111500390-stock-photo-flag-of-greater-london-or-300x188.jpg","type":"","width":"","height":""}],"twitter_card":"summary_large_image","twitter_misc":{"Tiempo de lectura":"7 minutos"},"schema":{"@context":"https:\/\/schema.org","@graph":[{"@type":"WebPage","@id":"https:\/\/afiliapub.com\/politica-de-privacidad\/","url":"https:\/\/afiliapub.com\/politica-de-privacidad\/","name":"Afiliapub | Pol\u00edtica De Privacidad","isPartOf":{"@id":"https:\/\/afiliapub.com\/#website"},"primaryImageOfPage":{"@id":"https:\/\/afiliapub.com\/politica-de-privacidad\/#primaryimage"},"image":{"@id":"https:\/\/afiliapub.com\/politica-de-privacidad\/#primaryimage"},"thumbnailUrl":"https:\/\/afiliapub.com\/wp-content\/uploads\/2025\/03\/Bandera_de_Espana.svg_.png","datePublished":"2022-05-19T14:15:11+00:00","dateModified":"2025-03-19T10:43:58+00:00","breadcrumb":{"@id":"https:\/\/afiliapub.com\/politica-de-privacidad\/#breadcrumb"},"inLanguage":"es-CO","potentialAction":[{"@type":"ReadAction","target":["https:\/\/afiliapub.com\/politica-de-privacidad\/"]}]},{"@type":"ImageObject","inLanguage":"es-CO","@id":"https:\/\/afiliapub.com\/politica-de-privacidad\/#primaryimage","url":"https:\/\/afiliapub.com\/wp-content\/uploads\/2025\/03\/Bandera_de_Espana.svg_.png","contentUrl":"https:\/\/afiliapub.com\/wp-content\/uploads\/2025\/03\/Bandera_de_Espana.svg_.png","width":640,"height":427},{"@type":"BreadcrumbList","@id":"https:\/\/afiliapub.com\/politica-de-privacidad\/#breadcrumb","itemListElement":[{"@type":"ListItem","position":1,"name":"Accueil","item":"https:\/\/afiliapub.com\/latam\/"},{"@type":"ListItem","position":2,"name":"Pol\u00edtica De Privacidad"}]},{"@type":"WebSite","@id":"https:\/\/afiliapub.com\/#website","url":"https:\/\/afiliapub.com\/","name":"Afiliapub","description":"The Affiliate Network for Spain, Portugal, Brazil and South America","publisher":{"@id":"https:\/\/afiliapub.com\/#organization"},"potentialAction":[{"@type":"SearchAction","target":{"@type":"EntryPoint","urlTemplate":"https:\/\/afiliapub.com\/?s={search_term_string}"},"query-input":{"@type":"PropertyValueSpecification","valueRequired":true,"valueName":"search_term_string"}}],"inLanguage":"es-CO"},{"@type":"Organization","@id":"https:\/\/afiliapub.com\/#organization","name":"Afiliapub","url":"https:\/\/afiliapub.com\/","logo":{"@type":"ImageObject","inLanguage":"es-CO","@id":"https:\/\/afiliapub.com\/#\/schema\/logo\/image\/","url":"https:\/\/afiliapub.com\/wp-content\/uploads\/2024\/03\/logo-afiliapub-1200-630.png","contentUrl":"https:\/\/afiliapub.com\/wp-content\/uploads\/2024\/03\/logo-afiliapub-1200-630.png","width":1200,"height":630,"caption":"Afiliapub"},"image":{"@id":"https:\/\/afiliapub.com\/#\/schema\/logo\/image\/"}}]}},"_links":{"self":[{"href":"https:\/\/afiliapub.com\/latam\/wp-json\/wp\/v2\/pages\/19987","targetHints":{"allow":["GET"]}}],"collection":[{"href":"https:\/\/afiliapub.com\/latam\/wp-json\/wp\/v2\/pages"}],"about":[{"href":"https:\/\/afiliapub.com\/latam\/wp-json\/wp\/v2\/types\/page"}],"author":[{"embeddable":true,"href":"https:\/\/afiliapub.com\/latam\/wp-json\/wp\/v2\/users\/4313"}],"replies":[{"embeddable":true,"href":"https:\/\/afiliapub.com\/latam\/wp-json\/wp\/v2\/comments?post=19987"}],"version-history":[{"count":8,"href":"https:\/\/afiliapub.com\/latam\/wp-json\/wp\/v2\/pages\/19987\/revisions"}],"predecessor-version":[{"id":42365,"href":"https:\/\/afiliapub.com\/latam\/wp-json\/wp\/v2\/pages\/19987\/revisions\/42365"}],"wp:featuredmedia":[{"embeddable":true,"href":"https:\/\/afiliapub.com\/latam\/wp-json\/wp\/v2\/media\/42280"}],"wp:attachment":[{"href":"https:\/\/afiliapub.com\/latam\/wp-json\/wp\/v2\/media?parent=19987"}],"curies":[{"name":"wp","href":"https:\/\/api.w.org\/{rel}","templated":true}]}}