{"id":44374,"date":"2025-04-14T16:46:53","date_gmt":"2025-04-14T16:46:53","guid":{"rendered":"https:\/\/afiliapub.com\/popular-post\/"},"modified":"2025-04-28T10:09:27","modified_gmt":"2025-04-28T10:09:27","slug":"article-populaire","status":"publish","type":"page","link":"https:\/\/afiliapub.com\/fr\/article-populaire\/","title":{"rendered":"Article Populaire"},"content":{"rendered":"<div id=\"bsf_rt_marker\"><\/div>\t\t<div data-elementor-type=\"wp-page\" data-elementor-id=\"44374\" class=\"elementor elementor-44374 elementor-42920\">\n\t\t\t\t\t\t<section class=\"elementor-section elementor-top-section elementor-element elementor-element-6bdb208 elementor-section-boxed elementor-section-height-default elementor-section-height-default\" data-id=\"6bdb208\" data-element_type=\"section\" data-e-type=\"section\">\n\t\t\t\t\t\t<div class=\"elementor-container elementor-column-gap-default\">\n\t\t\t\t\t<div class=\"elementor-column elementor-col-100 elementor-top-column elementor-element elementor-element-09e0d84\" data-id=\"09e0d84\" data-element_type=\"column\" data-e-type=\"column\">\n\t\t\t<div class=\"elementor-widget-wrap elementor-element-populated\">\n\t\t\t\t\t\t<div class=\"elementor-element elementor-element-2329a48 elementor-widget elementor-widget-spacer\" data-id=\"2329a48\" data-element_type=\"widget\" data-e-type=\"widget\" data-widget_type=\"spacer.default\">\n\t\t\t\t<div class=\"elementor-widget-container\">\n\t\t\t\t\t\t\t<div class=\"elementor-spacer\">\n\t\t\t<div class=\"elementor-spacer-inner\"><\/div>\n\t\t<\/div>\n\t\t\t\t\t\t<\/div>\n\t\t\t\t<\/div>\n\t\t\t\t<div class=\"elementor-element elementor-element-c21d91d animate-charcter elementor-widget elementor-widget-heading\" data-id=\"c21d91d\" data-element_type=\"widget\" data-e-type=\"widget\" data-widget_type=\"heading.default\">\n\t\t\t\t<div class=\"elementor-widget-container\">\n\t\t\t\t\t<h1 class=\"elementor-heading-title elementor-size-default\">D\u00e9couvrez Nos Blogs Les Plus Populaires<\/h1>\t\t\t\t<\/div>\n\t\t\t\t<\/div>\n\t\t\t\t<div class=\"elementor-element elementor-element-b1d85ca elementor-widget elementor-widget-text-editor\" data-id=\"b1d85ca\" data-element_type=\"widget\" data-e-type=\"widget\" data-widget_type=\"text-editor.default\">\n\t\t\t\t<div class=\"elementor-widget-container\">\n\t\t\t\t\t\t\t\t\t<p class=\"\" data-start=\"52\" data-end=\"485\">Restez inform\u00e9 et inspir\u00e9 en explorant les blogs les plus lus de notre site web. Entre analyses sectorielles, conseils d\u2019experts et derni\u00e8res tendances, ces articles sont une ressource incontournable pour tous ceux qui souhaitent rester en t\u00eate dans le monde du marketing d&rsquo;affiliation, des eSports et bien plus encore. Plongez-y et d\u00e9couvrez pourquoi ils sont les pr\u00e9f\u00e9r\u00e9s de nos lecteurs !<\/p>\t\t\t\t\t\t\t\t<\/div>\n\t\t\t\t<\/div>\n\t\t\t\t<div class=\"elementor-element elementor-element-af76b1b elementor-hidden-mobile elementor-widget elementor-widget-spacer\" data-id=\"af76b1b\" data-element_type=\"widget\" data-e-type=\"widget\" data-widget_type=\"spacer.default\">\n\t\t\t\t<div class=\"elementor-widget-container\">\n\t\t\t\t\t\t\t<div class=\"elementor-spacer\">\n\t\t\t<div class=\"elementor-spacer-inner\"><\/div>\n\t\t<\/div>\n\t\t\t\t\t\t<\/div>\n\t\t\t\t<\/div>\n\t\t\t\t\t<\/div>\n\t\t<\/div>\n\t\t\t\t\t<\/div>\n\t\t<\/section>\n\t\t\t\t<section class=\"elementor-section elementor-top-section elementor-element elementor-element-055c912 elementor-section-boxed elementor-section-height-default elementor-section-height-default\" data-id=\"055c912\" data-element_type=\"section\" data-e-type=\"section\">\n\t\t\t\t\t\t<div class=\"elementor-container elementor-column-gap-default\">\n\t\t\t\t\t<div class=\"elementor-column elementor-col-100 elementor-top-column elementor-element elementor-element-4d92002\" data-id=\"4d92002\" data-element_type=\"column\" data-e-type=\"column\">\n\t\t\t<div class=\"elementor-widget-wrap elementor-element-populated\">\n\t\t\t\t\t\t<div class=\"elementor-element elementor-element-2e396ca custom-post elementor-grid-3 elementor-grid-tablet-2 elementor-grid-mobile-1 elementor-posts--thumbnail-top elementor-widget elementor-widget-posts\" data-id=\"2e396ca\" data-element_type=\"widget\" data-e-type=\"widget\" data-settings=\"{&quot;pagination_type&quot;:&quot;numbers&quot;,&quot;classic_columns&quot;:&quot;3&quot;,&quot;classic_columns_tablet&quot;:&quot;2&quot;,&quot;classic_columns_mobile&quot;:&quot;1&quot;,&quot;classic_row_gap&quot;:{&quot;unit&quot;:&quot;px&quot;,&quot;size&quot;:35,&quot;sizes&quot;:[]},&quot;classic_row_gap_tablet&quot;:{&quot;unit&quot;:&quot;px&quot;,&quot;size&quot;:&quot;&quot;,&quot;sizes&quot;:[]},&quot;classic_row_gap_mobile&quot;:{&quot;unit&quot;:&quot;px&quot;,&quot;size&quot;:&quot;&quot;,&quot;sizes&quot;:[]}}\" data-widget_type=\"posts.classic\">\n\t\t\t\t<div class=\"elementor-widget-container\">\n\t\t\t\t\t\t\t<div class=\"elementor-posts-container elementor-posts elementor-posts--skin-classic elementor-grid\">\n\t\t\t\t<article class=\"elementor-post elementor-grid-item post-36920 post type-post status-publish format-standard has-post-thumbnail hentry category-affilies-debutants\">\n\t\t\t\t<a class=\"elementor-post__thumbnail__link\" href=\"https:\/\/afiliapub.com\/fr\/devenir-affilie-en-paris-sportifs-avec-afiliapub\/\" >\n\t\t\t<div class=\"elementor-post__thumbnail\"><img fetchpriority=\"high\" decoding=\"async\" width=\"300\" height=\"201\" src=\"https:\/\/afiliapub.com\/wp-content\/uploads\/2024\/02\/Captura-desde-2024-02-21-12-47-44-300x201.png\" class=\"attachment-medium size-medium wp-image-36924\" alt=\"\" srcset=\"https:\/\/afiliapub.com\/wp-content\/uploads\/2024\/02\/Captura-desde-2024-02-21-12-47-44-300x201.png 300w, https:\/\/afiliapub.com\/wp-content\/uploads\/2024\/02\/Captura-desde-2024-02-21-12-47-44-120x80.png 120w, https:\/\/afiliapub.com\/wp-content\/uploads\/2024\/02\/Captura-desde-2024-02-21-12-47-44-768x513.png 768w, https:\/\/afiliapub.com\/wp-content\/uploads\/2024\/02\/Captura-desde-2024-02-21-12-47-44.png 1026w\" sizes=\"(max-width: 300px) 100vw, 300px\" \/><\/div>\n\t\t<\/a>\n\t\t\t\t<div class=\"elementor-post__text\">\n\t\t\t\t<h3 class=\"elementor-post__title\">\n\t\t\t<a href=\"https:\/\/afiliapub.com\/fr\/devenir-affilie-en-paris-sportifs-avec-afiliapub\/\" >\n\t\t\t\tDevenir affili\u00e9 en paris sportifs avec Afiliapub\t\t\t<\/a>\n\t\t<\/h3>\n\t\t\t\t<div class=\"elementor-post__meta-data\">\n\t\t\t\t\t<span class=\"elementor-post-author\">\n\t\t\tAfiliapub\t\t<\/span>\n\t\t\t\t<span class=\"elementor-post-date\">\n\t\t\tf\u00e9vrier 21, 2024\t\t<\/span>\n\t\t\t\t<\/div>\n\t\t\t\t<div class=\"elementor-post__excerpt\">\n\t\t\t<p>Tabla de contenidos Si vous souhaitez gagner de l\u2019argent en ligne, un moyen efficace de le faire est de devenir affili\u00e9 \u00e0 Afiliapub. \u00c0 travers<\/p>\n\t\t<\/div>\n\t\t\t\t\t<a class=\"elementor-post__read-more\" href=\"https:\/\/afiliapub.com\/fr\/devenir-affilie-en-paris-sportifs-avec-afiliapub\/\" >\n\t\t\t\tLeer m\u00e1s\t\t\t<\/a>\n\t\t\t\t<\/div>\n\t\t\t\t<\/article>\n\t\t\t\t<article class=\"elementor-post elementor-grid-item post-45524 post type-post status-publish format-standard has-post-thumbnail hentry category-affilies-debutants\">\n\t\t\t\t<a class=\"elementor-post__thumbnail__link\" href=\"https:\/\/afiliapub.com\/fr\/quest-ce-que-laffiliation\/\" >\n\t\t\t<div class=\"elementor-post__thumbnail\"><img decoding=\"async\" width=\"300\" height=\"200\" src=\"https:\/\/afiliapub.com\/wp-content\/uploads\/2025\/06\/Diseno-sin-titulo-300x200.jpg\" class=\"attachment-medium size-medium wp-image-45527\" alt=\"Marketing d&#039;affiliation en Paris sportif avec Afiliapub\" srcset=\"https:\/\/afiliapub.com\/wp-content\/uploads\/2025\/06\/Diseno-sin-titulo-300x200.jpg 300w, https:\/\/afiliapub.com\/wp-content\/uploads\/2025\/06\/Diseno-sin-titulo-1030x687.jpg 1030w, https:\/\/afiliapub.com\/wp-content\/uploads\/2025\/06\/Diseno-sin-titulo-120x80.jpg 120w, https:\/\/afiliapub.com\/wp-content\/uploads\/2025\/06\/Diseno-sin-titulo-768x512.jpg 768w, https:\/\/afiliapub.com\/wp-content\/uploads\/2025\/06\/Diseno-sin-titulo.jpg 1536w\" sizes=\"(max-width: 300px) 100vw, 300px\" \/><\/div>\n\t\t<\/a>\n\t\t\t\t<div class=\"elementor-post__text\">\n\t\t\t\t<h3 class=\"elementor-post__title\">\n\t\t\t<a href=\"https:\/\/afiliapub.com\/fr\/quest-ce-que-laffiliation\/\" >\n\t\t\t\tQu\u2019est-ce que l\u2019affiliation ?\t\t\t<\/a>\n\t\t<\/h3>\n\t\t\t\t<div class=\"elementor-post__meta-data\">\n\t\t\t\t\t<span class=\"elementor-post-author\">\n\t\t\tAmadou\t\t<\/span>\n\t\t\t\t<span class=\"elementor-post-date\">\n\t\t\tjuin 11, 2025\t\t<\/span>\n\t\t\t\t<\/div>\n\t\t\t\t<div class=\"elementor-post__excerpt\">\n\t\t\t<p>Qu\u2019est-ce que l\u2019affiliation ? L\u2019affiliation marketing, \u00e9galement appel\u00e9e marketing d\u2019affili\u00e9s, est une pratique digitale incontournable pour g\u00e9n\u00e9rer des revenus importants tout en boostant ses ventes<\/p>\n\t\t<\/div>\n\t\t\t\t\t<a class=\"elementor-post__read-more\" href=\"https:\/\/afiliapub.com\/fr\/quest-ce-que-laffiliation\/\" >\n\t\t\t\tLeer m\u00e1s\t\t\t<\/a>\n\t\t\t\t<\/div>\n\t\t\t\t<\/article>\n\t\t\t\t<article class=\"elementor-post elementor-grid-item post-37563 post type-post status-publish format-standard has-post-thumbnail hentry category-affilies-debutants\">\n\t\t\t\t<a class=\"elementor-post__thumbnail__link\" href=\"https:\/\/afiliapub.com\/fr\/cameroun-la-fecafoot-engagee-a-lutter-contre-a-la-triche-sur-lage\/\" >\n\t\t\t<div class=\"elementor-post__thumbnail\"><img decoding=\"async\" width=\"300\" height=\"169\" src=\"https:\/\/afiliapub.com\/wp-content\/uploads\/2024\/04\/2-300x169.png\" class=\"attachment-medium size-medium wp-image-37586\" alt=\"Nathan Doualla et co. suspedus : Fecafoot vent debout contre les faux \u00e2ges\" srcset=\"https:\/\/afiliapub.com\/wp-content\/uploads\/2024\/04\/2-300x169.png 300w, https:\/\/afiliapub.com\/wp-content\/uploads\/2024\/04\/2-1030x579.png 1030w, https:\/\/afiliapub.com\/wp-content\/uploads\/2024\/04\/2-768x432.png 768w, https:\/\/afiliapub.com\/wp-content\/uploads\/2024\/04\/2-1536x864.png 1536w, https:\/\/afiliapub.com\/wp-content\/uploads\/2024\/04\/2.png 1920w\" sizes=\"(max-width: 300px) 100vw, 300px\" \/><\/div>\n\t\t<\/a>\n\t\t\t\t<div class=\"elementor-post__text\">\n\t\t\t\t<h3 class=\"elementor-post__title\">\n\t\t\t<a href=\"https:\/\/afiliapub.com\/fr\/cameroun-la-fecafoot-engagee-a-lutter-contre-a-la-triche-sur-lage\/\" >\n\t\t\t\tCameroun : La Fecafoot engag\u00e9e \u00e0 lutter contre \u00e0 la triche sur l\u2019\u00e2ge\t\t\t<\/a>\n\t\t<\/h3>\n\t\t\t\t<div class=\"elementor-post__meta-data\">\n\t\t\t\t\t<span class=\"elementor-post-author\">\n\t\t\tAfiliapub\t\t<\/span>\n\t\t\t\t<span class=\"elementor-post-date\">\n\t\t\tavril 9, 2024\t\t<\/span>\n\t\t\t\t<\/div>\n\t\t\t\t<div class=\"elementor-post__excerpt\">\n\t\t\t<p>Tabla de contenidos La F\u00e9d\u00e9ration camerounaise de Football (FECAFOOT)\u00a0 a annonc\u00e9 suspendre 62 joueurs pour fraude li\u00e9e \u00e0 l&rsquo;\u00e2ge, dont Nathan Doualla, le plus jeune<\/p>\n\t\t<\/div>\n\t\t\t\t\t<a class=\"elementor-post__read-more\" href=\"https:\/\/afiliapub.com\/fr\/cameroun-la-fecafoot-engagee-a-lutter-contre-a-la-triche-sur-lage\/\" >\n\t\t\t\tLeer m\u00e1s\t\t\t<\/a>\n\t\t\t\t<\/div>\n\t\t\t\t<\/article>\n\t\t\t\t<article class=\"elementor-post elementor-grid-item post-36908 post type-post status-publish format-standard has-post-thumbnail hentry category-affilies-debutants\">\n\t\t\t\t<a class=\"elementor-post__thumbnail__link\" href=\"https:\/\/afiliapub.com\/fr\/gagnez-de-largent-en-ligne-en-tant-quaffilie-paris-sportifs\/\" >\n\t\t\t<div class=\"elementor-post__thumbnail\"><img loading=\"lazy\" decoding=\"async\" width=\"300\" height=\"187\" src=\"https:\/\/afiliapub.com\/wp-content\/uploads\/2024\/02\/Diseno-sin-titulo-300x187.png\" class=\"attachment-medium size-medium wp-image-36933\" alt=\"Gagnez de l\u2019argent en ligne en tant qu\u2019affili\u00e9 Paris Sportifs\" srcset=\"https:\/\/afiliapub.com\/wp-content\/uploads\/2024\/02\/Diseno-sin-titulo-300x187.png 300w, https:\/\/afiliapub.com\/wp-content\/uploads\/2024\/02\/Diseno-sin-titulo-1030x643.png 1030w, https:\/\/afiliapub.com\/wp-content\/uploads\/2024\/02\/Diseno-sin-titulo-768x480.png 768w, https:\/\/afiliapub.com\/wp-content\/uploads\/2024\/02\/Diseno-sin-titulo.png 1097w\" sizes=\"(max-width: 300px) 100vw, 300px\" \/><\/div>\n\t\t<\/a>\n\t\t\t\t<div class=\"elementor-post__text\">\n\t\t\t\t<h3 class=\"elementor-post__title\">\n\t\t\t<a href=\"https:\/\/afiliapub.com\/fr\/gagnez-de-largent-en-ligne-en-tant-quaffilie-paris-sportifs\/\" >\n\t\t\t\tGagnez de l&rsquo;argent en ligne en tant qu\u2019affili\u00e9 Paris Sportifs\t\t\t<\/a>\n\t\t<\/h3>\n\t\t\t\t<div class=\"elementor-post__meta-data\">\n\t\t\t\t\t<span class=\"elementor-post-author\">\n\t\t\tAfiliapub\t\t<\/span>\n\t\t\t\t<span class=\"elementor-post-date\">\n\t\t\tf\u00e9vrier 21, 2024\t\t<\/span>\n\t\t\t\t<\/div>\n\t\t\t\t<div class=\"elementor-post__excerpt\">\n\t\t\t<p>Tabla de contenidos Les paris sportifs sont une industrie en plein essor, et la tendance ne risque pas de s\u2019inverser de sit\u00f4t. Pour preuve, les<\/p>\n\t\t<\/div>\n\t\t\t\t\t<a class=\"elementor-post__read-more\" href=\"https:\/\/afiliapub.com\/fr\/gagnez-de-largent-en-ligne-en-tant-quaffilie-paris-sportifs\/\" >\n\t\t\t\tLeer m\u00e1s\t\t\t<\/a>\n\t\t\t\t<\/div>\n\t\t\t\t<\/article>\n\t\t\t\t<article class=\"elementor-post elementor-grid-item post-37520 post type-post status-publish format-standard has-post-thumbnail hentry category-affilies-debutants\">\n\t\t\t\t<a class=\"elementor-post__thumbnail__link\" href=\"https:\/\/afiliapub.com\/fr\/brahim-diaz-tourne-le-dos-a-la-roja-et-choisit-le-maroc\/\" >\n\t\t\t<div class=\"elementor-post__thumbnail\"><img loading=\"lazy\" decoding=\"async\" width=\"300\" height=\"169\" src=\"https:\/\/afiliapub.com\/wp-content\/uploads\/2024\/04\/1-300x169.png\" class=\"attachment-medium size-medium wp-image-37580\" alt=\"Brahim Diaz renonce \u00e0 la Roja pour le Maroc\" srcset=\"https:\/\/afiliapub.com\/wp-content\/uploads\/2024\/04\/1-300x169.png 300w, https:\/\/afiliapub.com\/wp-content\/uploads\/2024\/04\/1-1030x579.png 1030w, https:\/\/afiliapub.com\/wp-content\/uploads\/2024\/04\/1-768x432.png 768w, https:\/\/afiliapub.com\/wp-content\/uploads\/2024\/04\/1-1536x864.png 1536w, https:\/\/afiliapub.com\/wp-content\/uploads\/2024\/04\/1.png 1920w\" sizes=\"(max-width: 300px) 100vw, 300px\" \/><\/div>\n\t\t<\/a>\n\t\t\t\t<div class=\"elementor-post__text\">\n\t\t\t\t<h3 class=\"elementor-post__title\">\n\t\t\t<a href=\"https:\/\/afiliapub.com\/fr\/brahim-diaz-tourne-le-dos-a-la-roja-et-choisit-le-maroc\/\" >\n\t\t\t\tBrahim Diaz tourne le dos \u00e0 la Roja et choisit le Maroc\t\t\t<\/a>\n\t\t<\/h3>\n\t\t\t\t<div class=\"elementor-post__meta-data\">\n\t\t\t\t\t<span class=\"elementor-post-author\">\n\t\t\tAfiliapub\t\t<\/span>\n\t\t\t\t<span class=\"elementor-post-date\">\n\t\t\tavril 9, 2024\t\t<\/span>\n\t\t\t\t<\/div>\n\t\t\t\t<div class=\"elementor-post__excerpt\">\n\t\t\t<p>La convocation de Brahim D\u00edaz dans l&rsquo;\u00e9quipe devant disputer les prochains matchs amicaux contre l&rsquo;Angola (22 mars) et la Mauritanie (26 mars), marque la fin<\/p>\n\t\t<\/div>\n\t\t\t\t\t<a class=\"elementor-post__read-more\" href=\"https:\/\/afiliapub.com\/fr\/brahim-diaz-tourne-le-dos-a-la-roja-et-choisit-le-maroc\/\" >\n\t\t\t\tLeer m\u00e1s\t\t\t<\/a>\n\t\t\t\t<\/div>\n\t\t\t\t<\/article>\n\t\t\t\t<article class=\"elementor-post elementor-grid-item post-36885 post type-post status-publish format-standard has-post-thumbnail hentry category-affilies-debutants\">\n\t\t\t\t<a class=\"elementor-post__thumbnail__link\" href=\"https:\/\/afiliapub.com\/fr\/idees-pour-gagner-de-largent-avec-le-marketing-daffiliation-lors-des-jeux-olympiques-paris-2024\/\" >\n\t\t\t<div class=\"elementor-post__thumbnail\"><img loading=\"lazy\" decoding=\"async\" width=\"300\" height=\"168\" src=\"https:\/\/afiliapub.com\/wp-content\/uploads\/2024\/02\/Captura-desde-2024-02-21-12-24-04-300x168.png\" class=\"attachment-medium size-medium wp-image-36899\" alt=\"\" srcset=\"https:\/\/afiliapub.com\/wp-content\/uploads\/2024\/02\/Captura-desde-2024-02-21-12-24-04-300x168.png 300w, https:\/\/afiliapub.com\/wp-content\/uploads\/2024\/02\/Captura-desde-2024-02-21-12-24-04-1030x577.png 1030w, https:\/\/afiliapub.com\/wp-content\/uploads\/2024\/02\/Captura-desde-2024-02-21-12-24-04-768x430.png 768w, https:\/\/afiliapub.com\/wp-content\/uploads\/2024\/02\/Captura-desde-2024-02-21-12-24-04.png 1207w\" sizes=\"(max-width: 300px) 100vw, 300px\" \/><\/div>\n\t\t<\/a>\n\t\t\t\t<div class=\"elementor-post__text\">\n\t\t\t\t<h3 class=\"elementor-post__title\">\n\t\t\t<a href=\"https:\/\/afiliapub.com\/fr\/idees-pour-gagner-de-largent-avec-le-marketing-daffiliation-lors-des-jeux-olympiques-paris-2024\/\" >\n\t\t\t\tId\u00e9es pour gagner de l&rsquo;argent avec le marketing d&rsquo;affiliation lors des Jeux olympiques Paris 2024\t\t\t<\/a>\n\t\t<\/h3>\n\t\t\t\t<div class=\"elementor-post__meta-data\">\n\t\t\t\t\t<span class=\"elementor-post-author\">\n\t\t\tAfiliapub\t\t<\/span>\n\t\t\t\t<span class=\"elementor-post-date\">\n\t\t\tf\u00e9vrier 21, 2024\t\t<\/span>\n\t\t\t\t<\/div>\n\t\t\t\t<div class=\"elementor-post__excerpt\">\n\t\t\t<p>Tabla de contenidos \u00c0 l\u2019occasion des prochains Jeux Olympiques, les meilleurs athl\u00e8tes de la plan\u00e8te se retrouveront \u00e0 Paris pour l&rsquo;un des \u00e9v\u00e9nements sportifs les<\/p>\n\t\t<\/div>\n\t\t\t\t\t<a class=\"elementor-post__read-more\" href=\"https:\/\/afiliapub.com\/fr\/idees-pour-gagner-de-largent-avec-le-marketing-daffiliation-lors-des-jeux-olympiques-paris-2024\/\" >\n\t\t\t\tLeer m\u00e1s\t\t\t<\/a>\n\t\t\t\t<\/div>\n\t\t\t\t<\/article>\n\t\t\t\t<\/div>\n\n\n\t\t\n\t\t\t\t\t\t<\/div>\n\t\t\t\t<\/div>\n\t\t\t\t<div class=\"elementor-element elementor-element-baa2265 elementor-widget elementor-widget-spacer\" data-id=\"baa2265\" data-element_type=\"widget\" data-e-type=\"widget\" data-widget_type=\"spacer.default\">\n\t\t\t\t<div class=\"elementor-widget-container\">\n\t\t\t\t\t\t\t<div class=\"elementor-spacer\">\n\t\t\t<div class=\"elementor-spacer-inner\"><\/div>\n\t\t<\/div>\n\t\t\t\t\t\t<\/div>\n\t\t\t\t<\/div>\n\t\t\t\t\t<\/div>\n\t\t<\/div>\n\t\t\t\t\t<\/div>\n\t\t<\/section>\n\t\t\t\t<\/div>\n\t\t","protected":false},"excerpt":{"rendered":"<p>D\u00e9couvrez Nos Blogs Les Plus Populaires Restez inform\u00e9 et inspir\u00e9 en explorant les blogs les plus lus de notre site web. Entre analyses sectorielles, conseils d\u2019experts et derni\u00e8res tendances, ces articles sont une ressource incontournable pour tous ceux qui souhaitent rester en t\u00eate dans le monde du marketing d&rsquo;affiliation, des eSports et bien plus encore. [&hellip;]<\/p>\n","protected":false},"author":4306,"featured_media":0,"parent":0,"menu_order":0,"comment_status":"closed","ping_status":"closed","template":"","meta":{"footnotes":""},"class_list":["post-44374","page","type-page","status-publish","hentry"],"yoast_head":"<!-- This site is optimized with the Yoast SEO Premium plugin v18.1 (Yoast SEO v27.0) - https:\/\/yoast.com\/product\/yoast-seo-premium-wordpress\/ -->\n<title>Article Populaire | Afiliapub<\/title>\n<meta name=\"description\" content=\"If you are looking for an interesting and profitable way to make money online, you&#039;ve come to the right place.\" \/>\n<meta name=\"robots\" content=\"index, follow, max-snippet:-1, max-image-preview:large, max-video-preview:-1\" \/>\n<link rel=\"canonical\" href=\"https:\/\/afiliapub.com\/fr\/article-populaire\/\" \/>\n<meta property=\"og:locale\" content=\"fr_FR\" \/>\n<meta property=\"og:type\" content=\"article\" \/>\n<meta property=\"og:title\" content=\"Article Populaire\" \/>\n<meta property=\"og:description\" content=\"If you are looking for an interesting and profitable way to make money online, you&#039;ve come to the right place.\" \/>\n<meta property=\"og:url\" content=\"https:\/\/afiliapub.com\/fr\/article-populaire\/\" \/>\n<meta property=\"og:site_name\" content=\"Afiliapub\" \/>\n<meta property=\"article:modified_time\" content=\"2025-04-28T10:09:27+00:00\" \/>\n<meta property=\"og:image\" content=\"https:\/\/afiliapub.com\/wp-content\/uploads\/2024\/03\/logo-afiliapub-1200-630.png\" \/>\n\t<meta property=\"og:image:width\" content=\"1200\" \/>\n\t<meta property=\"og:image:height\" content=\"630\" \/>\n\t<meta property=\"og:image:type\" content=\"image\/png\" \/>\n<meta name=\"twitter:card\" content=\"summary_large_image\" \/>\n<meta name=\"twitter:label1\" content=\"Dur\u00e9e de lecture estim\u00e9e\" \/>\n\t<meta name=\"twitter:data1\" content=\"1 minute\" \/>\n<script type=\"application\/ld+json\" class=\"yoast-schema-graph\">{\"@context\":\"https:\/\/schema.org\",\"@graph\":[{\"@type\":\"WebPage\",\"@id\":\"https:\/\/afiliapub.com\/fr\/article-populaire\/\",\"url\":\"https:\/\/afiliapub.com\/fr\/article-populaire\/\",\"name\":\"Article Populaire | Afiliapub\",\"isPartOf\":{\"@id\":\"https:\/\/afiliapub.com\/#website\"},\"datePublished\":\"2025-04-14T16:46:53+00:00\",\"dateModified\":\"2025-04-28T10:09:27+00:00\",\"description\":\"If you are looking for an interesting and profitable way to make money online, you've come to the right place.\",\"breadcrumb\":{\"@id\":\"https:\/\/afiliapub.com\/fr\/article-populaire\/#breadcrumb\"},\"inLanguage\":\"fr-FR\",\"potentialAction\":[{\"@type\":\"ReadAction\",\"target\":[\"https:\/\/afiliapub.com\/fr\/article-populaire\/\"]}]},{\"@type\":\"BreadcrumbList\",\"@id\":\"https:\/\/afiliapub.com\/fr\/article-populaire\/#breadcrumb\",\"itemListElement\":[{\"@type\":\"ListItem\",\"position\":1,\"name\":\"Accueil\",\"item\":\"https:\/\/afiliapub.com\/fr\/\"},{\"@type\":\"ListItem\",\"position\":2,\"name\":\"Article Populaire\"}]},{\"@type\":\"WebSite\",\"@id\":\"https:\/\/afiliapub.com\/#website\",\"url\":\"https:\/\/afiliapub.com\/\",\"name\":\"Afiliapub\",\"description\":\"The Affiliate Network for Spain, Portugal, Brazil and South America\",\"publisher\":{\"@id\":\"https:\/\/afiliapub.com\/#organization\"},\"potentialAction\":[{\"@type\":\"SearchAction\",\"target\":{\"@type\":\"EntryPoint\",\"urlTemplate\":\"https:\/\/afiliapub.com\/?s={search_term_string}\"},\"query-input\":{\"@type\":\"PropertyValueSpecification\",\"valueRequired\":true,\"valueName\":\"search_term_string\"}}],\"inLanguage\":\"fr-FR\"},{\"@type\":\"Organization\",\"@id\":\"https:\/\/afiliapub.com\/#organization\",\"name\":\"Afiliapub\",\"url\":\"https:\/\/afiliapub.com\/\",\"logo\":{\"@type\":\"ImageObject\",\"inLanguage\":\"fr-FR\",\"@id\":\"https:\/\/afiliapub.com\/#\/schema\/logo\/image\/\",\"url\":\"https:\/\/afiliapub.com\/wp-content\/uploads\/2024\/03\/logo-afiliapub-1200-630.png\",\"contentUrl\":\"https:\/\/afiliapub.com\/wp-content\/uploads\/2024\/03\/logo-afiliapub-1200-630.png\",\"width\":1200,\"height\":630,\"caption\":\"Afiliapub\"},\"image\":{\"@id\":\"https:\/\/afiliapub.com\/#\/schema\/logo\/image\/\"}}]}<\/script>\n<!-- \/ Yoast SEO Premium plugin. -->","yoast_head_json":{"title":"Article Populaire | Afiliapub","description":"If you are looking for an interesting and profitable way to make money online, you've come to the right place.","robots":{"index":"index","follow":"follow","max-snippet":"max-snippet:-1","max-image-preview":"max-image-preview:large","max-video-preview":"max-video-preview:-1"},"canonical":"https:\/\/afiliapub.com\/fr\/article-populaire\/","og_locale":"fr_FR","og_type":"article","og_title":"Article Populaire","og_description":"If you are looking for an interesting and profitable way to make money online, you've come to the right place.","og_url":"https:\/\/afiliapub.com\/fr\/article-populaire\/","og_site_name":"Afiliapub","article_modified_time":"2025-04-28T10:09:27+00:00","og_image":[{"width":1200,"height":630,"url":"https:\/\/afiliapub.com\/wp-content\/uploads\/2024\/03\/logo-afiliapub-1200-630.png","type":"image\/png"}],"twitter_card":"summary_large_image","twitter_misc":{"Dur\u00e9e de lecture estim\u00e9e":"1 minute"},"schema":{"@context":"https:\/\/schema.org","@graph":[{"@type":"WebPage","@id":"https:\/\/afiliapub.com\/fr\/article-populaire\/","url":"https:\/\/afiliapub.com\/fr\/article-populaire\/","name":"Article Populaire | Afiliapub","isPartOf":{"@id":"https:\/\/afiliapub.com\/#website"},"datePublished":"2025-04-14T16:46:53+00:00","dateModified":"2025-04-28T10:09:27+00:00","description":"If you are looking for an interesting and profitable way to make money online, you've come to the right place.","breadcrumb":{"@id":"https:\/\/afiliapub.com\/fr\/article-populaire\/#breadcrumb"},"inLanguage":"fr-FR","potentialAction":[{"@type":"ReadAction","target":["https:\/\/afiliapub.com\/fr\/article-populaire\/"]}]},{"@type":"BreadcrumbList","@id":"https:\/\/afiliapub.com\/fr\/article-populaire\/#breadcrumb","itemListElement":[{"@type":"ListItem","position":1,"name":"Accueil","item":"https:\/\/afiliapub.com\/fr\/"},{"@type":"ListItem","position":2,"name":"Article Populaire"}]},{"@type":"WebSite","@id":"https:\/\/afiliapub.com\/#website","url":"https:\/\/afiliapub.com\/","name":"Afiliapub","description":"The Affiliate Network for Spain, Portugal, Brazil and South America","publisher":{"@id":"https:\/\/afiliapub.com\/#organization"},"potentialAction":[{"@type":"SearchAction","target":{"@type":"EntryPoint","urlTemplate":"https:\/\/afiliapub.com\/?s={search_term_string}"},"query-input":{"@type":"PropertyValueSpecification","valueRequired":true,"valueName":"search_term_string"}}],"inLanguage":"fr-FR"},{"@type":"Organization","@id":"https:\/\/afiliapub.com\/#organization","name":"Afiliapub","url":"https:\/\/afiliapub.com\/","logo":{"@type":"ImageObject","inLanguage":"fr-FR","@id":"https:\/\/afiliapub.com\/#\/schema\/logo\/image\/","url":"https:\/\/afiliapub.com\/wp-content\/uploads\/2024\/03\/logo-afiliapub-1200-630.png","contentUrl":"https:\/\/afiliapub.com\/wp-content\/uploads\/2024\/03\/logo-afiliapub-1200-630.png","width":1200,"height":630,"caption":"Afiliapub"},"image":{"@id":"https:\/\/afiliapub.com\/#\/schema\/logo\/image\/"}}]}},"_links":{"self":[{"href":"https:\/\/afiliapub.com\/fr\/wp-json\/wp\/v2\/pages\/44374","targetHints":{"allow":["GET"]}}],"collection":[{"href":"https:\/\/afiliapub.com\/fr\/wp-json\/wp\/v2\/pages"}],"about":[{"href":"https:\/\/afiliapub.com\/fr\/wp-json\/wp\/v2\/types\/page"}],"author":[{"embeddable":true,"href":"https:\/\/afiliapub.com\/fr\/wp-json\/wp\/v2\/users\/4306"}],"replies":[{"embeddable":true,"href":"https:\/\/afiliapub.com\/fr\/wp-json\/wp\/v2\/comments?post=44374"}],"version-history":[{"count":4,"href":"https:\/\/afiliapub.com\/fr\/wp-json\/wp\/v2\/pages\/44374\/revisions"}],"predecessor-version":[{"id":44749,"href":"https:\/\/afiliapub.com\/fr\/wp-json\/wp\/v2\/pages\/44374\/revisions\/44749"}],"wp:attachment":[{"href":"https:\/\/afiliapub.com\/fr\/wp-json\/wp\/v2\/media?parent=44374"}],"curies":[{"name":"wp","href":"https:\/\/api.w.org\/{rel}","templated":true}]}}