{"id":42584,"date":"2025-02-25T09:40:20","date_gmt":"2025-02-25T09:40:20","guid":{"rendered":"https:\/\/afiliapub.com\/what-is-your-talent\/"},"modified":"2025-10-14T13:02:51","modified_gmt":"2025-10-14T13:02:51","slug":"postulez-a-nos-offres-d-emploi","status":"publish","type":"page","link":"https:\/\/afiliapub.com\/fr\/postulez-a-nos-offres-d-emploi\/","title":{"rendered":"Postulez \u00e0 nos offres d&#8217;emploi"},"content":{"rendered":"\t\t<div data-elementor-type=\"wp-page\" data-elementor-id=\"42584\" class=\"elementor elementor-42584 elementor-41967\">\n\t\t\t\t\t\t<section class=\"elementor-section elementor-top-section elementor-element elementor-element-683b83c elementor-section-boxed elementor-section-height-default elementor-section-height-default\" data-id=\"683b83c\" data-element_type=\"section\" data-e-type=\"section\">\n\t\t\t\t\t\t<div class=\"elementor-container elementor-column-gap-default\">\n\t\t\t\t\t<div class=\"elementor-column elementor-col-100 elementor-top-column elementor-element elementor-element-e13866a\" data-id=\"e13866a\" data-element_type=\"column\" data-e-type=\"column\">\n\t\t\t<div class=\"elementor-widget-wrap elementor-element-populated\">\n\t\t\t\t\t\t<div class=\"elementor-element elementor-element-320cc37 elementor-widget elementor-widget-elementskit-heading\" data-id=\"320cc37\" data-element_type=\"widget\" data-e-type=\"widget\" data-widget_type=\"elementskit-heading.default\">\n\t\t\t\t<div class=\"elementor-widget-container\">\n\t\t\t\t\t<div class=\"ekit-wid-con\" ><div class=\"ekit-heading elementskit-section-title-wraper text_center   ekit_heading_tablet-   ekit_heading_mobile-\"><h2 class=\"ekit-heading--title elementskit-section-title \">Votre talent, Notre vision<br>Construisez votre parcours professionnel <\/h2><\/div><\/div>\t\t\t\t<\/div>\n\t\t\t\t<\/div>\n\t\t\t\t\t<\/div>\n\t\t<\/div>\n\t\t\t\t\t<\/div>\n\t\t<\/section>\n\t\t\t\t<section class=\"elementor-section elementor-top-section elementor-element elementor-element-9e055b8 elementor-section-boxed elementor-section-height-default elementor-section-height-default\" data-id=\"9e055b8\" data-element_type=\"section\" data-e-type=\"section\">\n\t\t\t\t\t\t<div class=\"elementor-container elementor-column-gap-default\">\n\t\t\t\t\t<div class=\"elementor-column elementor-col-100 elementor-top-column elementor-element elementor-element-780da1a\" data-id=\"780da1a\" data-element_type=\"column\" data-e-type=\"column\">\n\t\t\t<div class=\"elementor-widget-wrap elementor-element-populated\">\n\t\t\t\t\t\t<div class=\"elementor-element elementor-element-c185415 elementor-widget elementor-widget-elementskit-heading\" data-id=\"c185415\" data-element_type=\"widget\" data-e-type=\"widget\" data-widget_type=\"elementskit-heading.default\">\n\t\t\t\t<div class=\"elementor-widget-container\">\n\t\t\t\t\t<div class=\"ekit-wid-con\" ><div class=\"ekit-heading elementskit-section-title-wraper text_left   ekit_heading_tablet-   ekit_heading_mobile-\">\t\t\t\t<div class='ekit-heading__description'>\n\t\t\t\t\t<p><span>Chez <strong>Afiliapub<\/strong>, nous sommes constamment \u00e0 la recherche de <strong>nouveaux talents qui peuvent apporter leurs connaissances et qui sont enthousiastes au sujet du marketing d'affiliation<\/strong>. Si votre carri\u00e8re professionnelle est ax\u00e9e sur l'un de ces postes, nous aimerions entendre parler de vous et prendre en consid\u00e9ration votre candidature.\u00a0<\/span><\/p>\n\t\t\t\t<\/div>\n\t\t\t<\/div><\/div>\t\t\t\t<\/div>\n\t\t\t\t<\/div>\n\t\t\t\t\t<\/div>\n\t\t<\/div>\n\t\t\t\t\t<\/div>\n\t\t<\/section>\n\t\t\t\t<section class=\"elementor-section elementor-top-section elementor-element elementor-element-a5d317b elementor-section-content-middle elementor-reverse-mobile elementor-section-boxed elementor-section-height-default elementor-section-height-default\" data-id=\"a5d317b\" data-element_type=\"section\" data-e-type=\"section\">\n\t\t\t\t\t\t<div class=\"elementor-container elementor-column-gap-default\">\n\t\t\t\t\t<div class=\"elementor-column elementor-col-50 elementor-top-column elementor-element elementor-element-12c7b6b\" data-id=\"12c7b6b\" data-element_type=\"column\" data-e-type=\"column\">\n\t\t\t<div class=\"elementor-widget-wrap elementor-element-populated\">\n\t\t\t\t\t\t<div class=\"elementor-element elementor-element-b52893c animate-charcter elementor-widget elementor-widget-heading\" data-id=\"b52893c\" data-element_type=\"widget\" data-e-type=\"widget\" data-widget_type=\"heading.default\">\n\t\t\t\t<div class=\"elementor-widget-container\">\n\t\t\t\t\t<h2 class=\"elementor-heading-title elementor-size-default\">Faites partie de l'\u00e9quipe!<\/h2>\t\t\t\t<\/div>\n\t\t\t\t<\/div>\n\t\t\t\t<div class=\"elementor-element elementor-element-a230135 elementor-hidden-mobile elementor-widget elementor-widget-elementskit-heading\" data-id=\"a230135\" data-element_type=\"widget\" data-e-type=\"widget\" data-widget_type=\"elementskit-heading.default\">\n\t\t\t\t<div class=\"elementor-widget-container\">\n\t\t\t\t\t<div class=\"ekit-wid-con\" ><div class=\"ekit-heading elementskit-section-title-wraper    ekit_heading_tablet-   ekit_heading_mobile-\">\t\t\t\t<div class='ekit-heading__description'>\n\t\t\t\t\t<p>Explorez nos opportunit\u00e9s actuelles et rejoignez une \u00e9quipe qui valorise l'innovation, les r\u00e9sultats et la collaboration:\u00a0<\/p>\n<ul>\n<li><span><strong>Sp\u00e9cialiste de l'analyse Web:<\/strong> Optimise les performances des campagnes gr\u00e2ce \u00e0 l'analyse du trafic et des conversions, maximisant ainsi les revenus et l'efficacit\u00e9.<\/span><\/li>\n<li><span><strong> Sp\u00e9cialiste PPC:<\/strong> G\u00e8re la publicit\u00e9 payante afin de g\u00e9n\u00e9rer un trafic rentable et d'augmenter les conversions pour les promotions de tiers.\u00a0<\/span><\/li>\n<li><span><strong> Strat\u00e8ge en contenu num\u00e9rique:<\/strong> D\u00e9veloppe des strat\u00e9gies de contenu pour attirer et convertir les utilisateurs gr\u00e2ce au r\u00e9f\u00e9rencement et au marketing ax\u00e9 sur la valeur.\u00a0<\/span><\/li>\n<li><span><strong> Influenceur senior<\/strong>: Il stimule les ventes en cr\u00e9ant un contenu authentique et en tirant parti de la confiance et de l'engagement du public.\u00a0<\/span><\/li>\n<li><span><strong>Sp\u00e9cialiste des campagnes de marketing B2B<\/strong>: Il cr\u00e9e des campagnes pour attirer des partenaires strat\u00e9giques et \u00e9largir les opportunit\u00e9s commerciales.\u00a0<\/span><\/li>\n<li><span><strong>Responsable de l'extension SEO:<\/strong> Renforce l'autorit\u00e9 du site web par la cr\u00e9ation de liens et la mise en r\u00e9seau afin d'augmenter le trafic et la visibilit\u00e9.\u00a0<\/span><\/li>\n<li><span><strong> Sp\u00e9cialiste de la g\u00e9n\u00e9ration de leads:<\/strong> Capture et convertit des prospects qualifi\u00e9s, en affinant les entonnoirs pour maximiser les ventes et les commissions.\u00a0<\/span><\/li>\n<\/ul>\n\t\t\t\t<\/div>\n\t\t\t<\/div><\/div>\t\t\t\t<\/div>\n\t\t\t\t<\/div>\n\t\t\t\t\t<\/div>\n\t\t<\/div>\n\t\t\t\t<div class=\"elementor-column elementor-col-50 elementor-top-column elementor-element elementor-element-03236a6\" data-id=\"03236a6\" data-element_type=\"column\" data-e-type=\"column\" data-settings=\"{&quot;background_background&quot;:&quot;classic&quot;}\">\n\t\t\t<div class=\"elementor-widget-wrap elementor-element-populated\">\n\t\t\t\t\t\t<div class=\"elementor-element elementor-element-7c7fa2e elementor-widget elementor-widget-image\" data-id=\"7c7fa2e\" data-element_type=\"widget\" data-e-type=\"widget\" data-widget_type=\"image.default\">\n\t\t\t\t<div class=\"elementor-widget-container\">\n\t\t\t\t\t\t\t\t\t\t\t\t\t\t\t<img fetchpriority=\"high\" decoding=\"async\" width=\"350\" height=\"335\" src=\"https:\/\/afiliapub.com\/wp-content\/uploads\/2025\/04\/team-WEB-1.png\" class=\"attachment-large size-large wp-image-43207\" alt=\"\" srcset=\"https:\/\/afiliapub.com\/wp-content\/uploads\/2025\/04\/team-WEB-1.png 350w, https:\/\/afiliapub.com\/wp-content\/uploads\/2025\/04\/team-WEB-1-300x287.png 300w\" sizes=\"(max-width: 350px) 100vw, 350px\" \/>\t\t\t\t\t\t\t\t\t\t\t\t\t\t\t<\/div>\n\t\t\t\t<\/div>\n\t\t\t\t\t<\/div>\n\t\t<\/div>\n\t\t\t\t\t<\/div>\n\t\t<\/section>\n\t\t\t\t<section class=\"elementor-section elementor-top-section elementor-element elementor-element-aacba0e elementor-section-boxed elementor-section-height-default elementor-section-height-default\" data-id=\"aacba0e\" data-element_type=\"section\" data-e-type=\"section\">\n\t\t\t\t\t\t<div class=\"elementor-container elementor-column-gap-default\">\n\t\t\t\t\t<div class=\"elementor-column elementor-col-100 elementor-top-column elementor-element elementor-element-9016d3e\" data-id=\"9016d3e\" data-element_type=\"column\" data-e-type=\"column\">\n\t\t\t<div class=\"elementor-widget-wrap elementor-element-populated\">\n\t\t\t\t\t\t<div class=\"elementor-element elementor-element-18a86fd elementor-widget elementor-widget-elementskit-heading\" data-id=\"18a86fd\" data-element_type=\"widget\" data-e-type=\"widget\" data-widget_type=\"elementskit-heading.default\">\n\t\t\t\t<div class=\"elementor-widget-container\">\n\t\t\t\t\t<div class=\"ekit-wid-con\" ><div class=\"ekit-heading elementskit-section-title-wraper text_left   ekit_heading_tablet-   ekit_heading_mobile-\">\t\t\t\t<div class='ekit-heading__description'>\n\t\t\t\t\t<p>Postulez d\u00e8s aujourd'hui et faites passer votre carri\u00e8re au niveau sup\u00e9rieur.<\/p>\n<p>Comment soumettre votre candidature:<\/p>\n<ol>\n<li><span>Connectez-vous avec nous sur <strong><a href=\"https:\/\/www.linkedin.com\/in\/afiliapub-srl-ba12091a3\/\" target=\"_blank\" rel=\"noopener\">LinkedIn<\/a><\/strong> - Prenez contact avec nous et faites-nous part de votre int\u00e9r\u00eat.\u00a0<\/span><\/li>\n<li><span>Envoyez votre CV et votre portfolio actualis\u00e9s \u00e0 <strong><a href=\"mailto:professional@afiliapub.com\">professional@afiliapub.com<\/a><\/strong> - Veillez \u00e0 mettre en \u00e9vidence votre exp\u00e9rience et vos comp\u00e9tences pertinentes.<\/span><\/li>\n<\/ol>\n<p>\u00a0<\/p>\n<p>Nous attendons avec impatience votre r\u00e9ponse. Bonne chance!<\/p>\n\t\t\t\t<\/div>\n\t\t\t<\/div><\/div>\t\t\t\t<\/div>\n\t\t\t\t<\/div>\n\t\t\t\t\t<\/div>\n\t\t<\/div>\n\t\t\t\t\t<\/div>\n\t\t<\/section>\n\t\t\t\t<section class=\"elementor-section elementor-top-section elementor-element elementor-element-bdf49c8 elementor-section-boxed elementor-section-height-default elementor-section-height-default\" data-id=\"bdf49c8\" data-element_type=\"section\" data-e-type=\"section\">\n\t\t\t\t\t\t<div class=\"elementor-container elementor-column-gap-default\">\n\t\t\t\t\t<div class=\"elementor-column elementor-col-100 elementor-top-column elementor-element elementor-element-44031cd\" data-id=\"44031cd\" data-element_type=\"column\" data-e-type=\"column\">\n\t\t\t<div class=\"elementor-widget-wrap elementor-element-populated\">\n\t\t\t\t\t\t<div class=\"elementor-element elementor-element-558c1dc elementor-widget elementor-widget-spacer\" data-id=\"558c1dc\" data-element_type=\"widget\" data-e-type=\"widget\" data-widget_type=\"spacer.default\">\n\t\t\t\t<div class=\"elementor-widget-container\">\n\t\t\t\t\t\t\t<div class=\"elementor-spacer\">\n\t\t\t<div class=\"elementor-spacer-inner\"><\/div>\n\t\t<\/div>\n\t\t\t\t\t\t<\/div>\n\t\t\t\t<\/div>\n\t\t\t\t\t<\/div>\n\t\t<\/div>\n\t\t\t\t\t<\/div>\n\t\t<\/section>\n\t\t\t\t<section class=\"elementor-section elementor-top-section elementor-element elementor-element-75e364b elementor-section-boxed elementor-section-height-default elementor-section-height-default\" data-id=\"75e364b\" data-element_type=\"section\" data-e-type=\"section\">\n\t\t\t\t\t\t<div class=\"elementor-container elementor-column-gap-default\">\n\t\t\t\t\t<div class=\"elementor-column elementor-col-100 elementor-top-column elementor-element elementor-element-4d03edd\" data-id=\"4d03edd\" data-element_type=\"column\" data-e-type=\"column\">\n\t\t\t<div class=\"elementor-widget-wrap elementor-element-populated\">\n\t\t\t\t\t\t<div class=\"elementor-element elementor-element-8715805 elementor-widget elementor-widget-html\" data-id=\"8715805\" data-element_type=\"widget\" data-e-type=\"widget\" data-widget_type=\"html.default\">\n\t\t\t\t<div class=\"elementor-widget-container\">\n\t\t\t\t\t<style>\n    \n    ol{\n        color:#5F5F5F!important\n    }\n    ol li{\n       margin-top:40px!imnoprtant\n    }\n    \n<\/style>\t\t\t\t<\/div>\n\t\t\t\t<\/div>\n\t\t\t\t\t<\/div>\n\t\t<\/div>\n\t\t\t\t\t<\/div>\n\t\t<\/section>\n\t\t\t\t<\/div>\n\t\t","protected":false},"excerpt":{"rendered":"<p>Votre talent, Notre visionConstruisez votre parcours professionnel Chez Afiliapub, nous sommes constamment \u00e0 la recherche de nouveaux talents qui peuvent apporter leurs connaissances et qui sont enthousiastes au sujet du marketing d&rsquo;affiliation. Si votre carri\u00e8re professionnelle est ax\u00e9e sur l&rsquo;un de ces postes, nous aimerions entendre parler de vous et prendre en consid\u00e9ration votre candidature.\u00a0 [&hellip;]<\/p>\n","protected":false},"author":4306,"featured_media":0,"parent":0,"menu_order":0,"comment_status":"closed","ping_status":"closed","template":"","meta":{"footnotes":""},"class_list":["post-42584","page","type-page","status-publish","hentry"],"yoast_head":"<!-- This site is optimized with the Yoast SEO Premium plugin v18.1 (Yoast SEO v27.0) - https:\/\/yoast.com\/product\/yoast-seo-premium-wordpress\/ -->\n<title>Postulez \u00e0 nos offres d&#039;emploi | Afiliapub<\/title>\n<meta name=\"robots\" content=\"index, follow, max-snippet:-1, max-image-preview:large, max-video-preview:-1\" \/>\n<link rel=\"canonical\" href=\"https:\/\/afiliapub.com\/ofertas-de-trabajo\/\" \/>\n<meta property=\"og:locale\" content=\"fr_FR\" \/>\n<meta property=\"og:type\" content=\"article\" \/>\n<meta property=\"og:title\" content=\"Postulez \u00e0 nos offres d&#039;emploi\" \/>\n<meta property=\"og:description\" content=\"Votre talent, Notre visionConstruisez votre parcours professionnel Chez Afiliapub, nous sommes constamment \u00e0 la recherche de nouveaux talents qui peuvent apporter leurs connaissances et qui sont enthousiastes au sujet du marketing d&rsquo;affiliation. Si votre carri\u00e8re professionnelle est ax\u00e9e sur l&rsquo;un de ces postes, nous aimerions entendre parler de vous et prendre en consid\u00e9ration votre candidature.\u00a0 [&hellip;]\" \/>\n<meta property=\"og:url\" content=\"https:\/\/afiliapub.com\/ofertas-de-trabajo\/\" \/>\n<meta property=\"og:site_name\" content=\"Afiliapub\" \/>\n<meta property=\"article:modified_time\" content=\"2025-10-14T13:02:51+00:00\" \/>\n<meta property=\"og:image\" content=\"https:\/\/afiliapub.com\/wp-content\/uploads\/2025\/04\/team-WEB-1.png\" \/>\n<meta name=\"twitter:card\" content=\"summary_large_image\" \/>\n<meta name=\"twitter:label1\" content=\"Dur\u00e9e de lecture estim\u00e9e\" \/>\n\t<meta name=\"twitter:data1\" content=\"2 minutes\" \/>\n<script type=\"application\/ld+json\" class=\"yoast-schema-graph\">{\"@context\":\"https:\/\/schema.org\",\"@graph\":[{\"@type\":\"WebPage\",\"@id\":\"https:\/\/afiliapub.com\/ofertas-de-trabajo\/\",\"url\":\"https:\/\/afiliapub.com\/ofertas-de-trabajo\/\",\"name\":\"Postulez \u00e0 nos offres d'emploi | Afiliapub\",\"isPartOf\":{\"@id\":\"https:\/\/afiliapub.com\/#website\"},\"primaryImageOfPage\":{\"@id\":\"https:\/\/afiliapub.com\/ofertas-de-trabajo\/#primaryimage\"},\"image\":{\"@id\":\"https:\/\/afiliapub.com\/ofertas-de-trabajo\/#primaryimage\"},\"thumbnailUrl\":\"https:\/\/afiliapub.com\/wp-content\/uploads\/2025\/04\/team-WEB-1.png\",\"datePublished\":\"2025-02-25T09:40:20+00:00\",\"dateModified\":\"2025-10-14T13:02:51+00:00\",\"breadcrumb\":{\"@id\":\"https:\/\/afiliapub.com\/ofertas-de-trabajo\/#breadcrumb\"},\"inLanguage\":\"fr-FR\",\"potentialAction\":[{\"@type\":\"ReadAction\",\"target\":[\"https:\/\/afiliapub.com\/ofertas-de-trabajo\/\"]}]},{\"@type\":\"ImageObject\",\"inLanguage\":\"fr-FR\",\"@id\":\"https:\/\/afiliapub.com\/ofertas-de-trabajo\/#primaryimage\",\"url\":\"https:\/\/afiliapub.com\/wp-content\/uploads\/2025\/04\/team-WEB-1.png\",\"contentUrl\":\"https:\/\/afiliapub.com\/wp-content\/uploads\/2025\/04\/team-WEB-1.png\"},{\"@type\":\"BreadcrumbList\",\"@id\":\"https:\/\/afiliapub.com\/ofertas-de-trabajo\/#breadcrumb\",\"itemListElement\":[{\"@type\":\"ListItem\",\"position\":1,\"name\":\"Accueil\",\"item\":\"https:\/\/afiliapub.com\/pt-br\/\"},{\"@type\":\"ListItem\",\"position\":2,\"name\":\"Postulez \u00e0 nos offres d&#8217;emploi\"}]},{\"@type\":\"WebSite\",\"@id\":\"https:\/\/afiliapub.com\/#website\",\"url\":\"https:\/\/afiliapub.com\/\",\"name\":\"Afiliapub\",\"description\":\"The Affiliate Network for Spain, Portugal, Brazil and South America\",\"publisher\":{\"@id\":\"https:\/\/afiliapub.com\/#organization\"},\"potentialAction\":[{\"@type\":\"SearchAction\",\"target\":{\"@type\":\"EntryPoint\",\"urlTemplate\":\"https:\/\/afiliapub.com\/?s={search_term_string}\"},\"query-input\":{\"@type\":\"PropertyValueSpecification\",\"valueRequired\":true,\"valueName\":\"search_term_string\"}}],\"inLanguage\":\"fr-FR\"},{\"@type\":\"Organization\",\"@id\":\"https:\/\/afiliapub.com\/#organization\",\"name\":\"Afiliapub\",\"url\":\"https:\/\/afiliapub.com\/\",\"logo\":{\"@type\":\"ImageObject\",\"inLanguage\":\"fr-FR\",\"@id\":\"https:\/\/afiliapub.com\/#\/schema\/logo\/image\/\",\"url\":\"https:\/\/afiliapub.com\/wp-content\/uploads\/2024\/03\/logo-afiliapub-1200-630.png\",\"contentUrl\":\"https:\/\/afiliapub.com\/wp-content\/uploads\/2024\/03\/logo-afiliapub-1200-630.png\",\"width\":1200,\"height\":630,\"caption\":\"Afiliapub\"},\"image\":{\"@id\":\"https:\/\/afiliapub.com\/#\/schema\/logo\/image\/\"}}]}<\/script>\n<!-- \/ Yoast SEO Premium plugin. -->","yoast_head_json":{"title":"Postulez \u00e0 nos offres d'emploi | Afiliapub","robots":{"index":"index","follow":"follow","max-snippet":"max-snippet:-1","max-image-preview":"max-image-preview:large","max-video-preview":"max-video-preview:-1"},"canonical":"https:\/\/afiliapub.com\/ofertas-de-trabajo\/","og_locale":"fr_FR","og_type":"article","og_title":"Postulez \u00e0 nos offres d'emploi","og_description":"Votre talent, Notre visionConstruisez votre parcours professionnel Chez Afiliapub, nous sommes constamment \u00e0 la recherche de nouveaux talents qui peuvent apporter leurs connaissances et qui sont enthousiastes au sujet du marketing d&rsquo;affiliation. Si votre carri\u00e8re professionnelle est ax\u00e9e sur l&rsquo;un de ces postes, nous aimerions entendre parler de vous et prendre en consid\u00e9ration votre candidature.\u00a0 [&hellip;]","og_url":"https:\/\/afiliapub.com\/ofertas-de-trabajo\/","og_site_name":"Afiliapub","article_modified_time":"2025-10-14T13:02:51+00:00","og_image":[{"url":"https:\/\/afiliapub.com\/wp-content\/uploads\/2025\/04\/team-WEB-1.png","type":"","width":"","height":""}],"twitter_card":"summary_large_image","twitter_misc":{"Dur\u00e9e de lecture estim\u00e9e":"2 minutes"},"schema":{"@context":"https:\/\/schema.org","@graph":[{"@type":"WebPage","@id":"https:\/\/afiliapub.com\/ofertas-de-trabajo\/","url":"https:\/\/afiliapub.com\/ofertas-de-trabajo\/","name":"Postulez \u00e0 nos offres d'emploi | Afiliapub","isPartOf":{"@id":"https:\/\/afiliapub.com\/#website"},"primaryImageOfPage":{"@id":"https:\/\/afiliapub.com\/ofertas-de-trabajo\/#primaryimage"},"image":{"@id":"https:\/\/afiliapub.com\/ofertas-de-trabajo\/#primaryimage"},"thumbnailUrl":"https:\/\/afiliapub.com\/wp-content\/uploads\/2025\/04\/team-WEB-1.png","datePublished":"2025-02-25T09:40:20+00:00","dateModified":"2025-10-14T13:02:51+00:00","breadcrumb":{"@id":"https:\/\/afiliapub.com\/ofertas-de-trabajo\/#breadcrumb"},"inLanguage":"fr-FR","potentialAction":[{"@type":"ReadAction","target":["https:\/\/afiliapub.com\/ofertas-de-trabajo\/"]}]},{"@type":"ImageObject","inLanguage":"fr-FR","@id":"https:\/\/afiliapub.com\/ofertas-de-trabajo\/#primaryimage","url":"https:\/\/afiliapub.com\/wp-content\/uploads\/2025\/04\/team-WEB-1.png","contentUrl":"https:\/\/afiliapub.com\/wp-content\/uploads\/2025\/04\/team-WEB-1.png"},{"@type":"BreadcrumbList","@id":"https:\/\/afiliapub.com\/ofertas-de-trabajo\/#breadcrumb","itemListElement":[{"@type":"ListItem","position":1,"name":"Accueil","item":"https:\/\/afiliapub.com\/pt-br\/"},{"@type":"ListItem","position":2,"name":"Postulez \u00e0 nos offres d&#8217;emploi"}]},{"@type":"WebSite","@id":"https:\/\/afiliapub.com\/#website","url":"https:\/\/afiliapub.com\/","name":"Afiliapub","description":"The Affiliate Network for Spain, Portugal, Brazil and South America","publisher":{"@id":"https:\/\/afiliapub.com\/#organization"},"potentialAction":[{"@type":"SearchAction","target":{"@type":"EntryPoint","urlTemplate":"https:\/\/afiliapub.com\/?s={search_term_string}"},"query-input":{"@type":"PropertyValueSpecification","valueRequired":true,"valueName":"search_term_string"}}],"inLanguage":"fr-FR"},{"@type":"Organization","@id":"https:\/\/afiliapub.com\/#organization","name":"Afiliapub","url":"https:\/\/afiliapub.com\/","logo":{"@type":"ImageObject","inLanguage":"fr-FR","@id":"https:\/\/afiliapub.com\/#\/schema\/logo\/image\/","url":"https:\/\/afiliapub.com\/wp-content\/uploads\/2024\/03\/logo-afiliapub-1200-630.png","contentUrl":"https:\/\/afiliapub.com\/wp-content\/uploads\/2024\/03\/logo-afiliapub-1200-630.png","width":1200,"height":630,"caption":"Afiliapub"},"image":{"@id":"https:\/\/afiliapub.com\/#\/schema\/logo\/image\/"}}]}},"_links":{"self":[{"href":"https:\/\/afiliapub.com\/fr\/wp-json\/wp\/v2\/pages\/42584","targetHints":{"allow":["GET"]}}],"collection":[{"href":"https:\/\/afiliapub.com\/fr\/wp-json\/wp\/v2\/pages"}],"about":[{"href":"https:\/\/afiliapub.com\/fr\/wp-json\/wp\/v2\/types\/page"}],"author":[{"embeddable":true,"href":"https:\/\/afiliapub.com\/fr\/wp-json\/wp\/v2\/users\/4306"}],"replies":[{"embeddable":true,"href":"https:\/\/afiliapub.com\/fr\/wp-json\/wp\/v2\/comments?post=42584"}],"version-history":[{"count":33,"href":"https:\/\/afiliapub.com\/fr\/wp-json\/wp\/v2\/pages\/42584\/revisions"}],"predecessor-version":[{"id":46219,"href":"https:\/\/afiliapub.com\/fr\/wp-json\/wp\/v2\/pages\/42584\/revisions\/46219"}],"wp:attachment":[{"href":"https:\/\/afiliapub.com\/fr\/wp-json\/wp\/v2\/media?parent=42584"}],"curies":[{"name":"wp","href":"https:\/\/api.w.org\/{rel}","templated":true}]}}