{"id":35160,"date":"2024-03-04T12:34:24","date_gmt":"2024-03-04T12:34:24","guid":{"rendered":"https:\/\/afiliapub.com\/afiliados-principiantes\/"},"modified":"2024-03-05T16:12:47","modified_gmt":"2024-03-05T16:12:47","slug":"affilies-debutants","status":"publish","type":"page","link":"https:\/\/afiliapub.com\/fr\/affilies-debutants\/","title":{"rendered":"Affili\u00e9s D\u00e9butants"},"content":{"rendered":"\t\t<div data-elementor-type=\"wp-page\" data-elementor-id=\"35160\" class=\"elementor elementor-35160\">\n\t\t\t\t\t\t<section class=\"elementor-section elementor-top-section elementor-element elementor-element-6bdb208 elementor-section-boxed elementor-section-height-default elementor-section-height-default\" data-id=\"6bdb208\" data-element_type=\"section\" data-e-type=\"section\">\n\t\t\t\t\t\t<div class=\"elementor-container elementor-column-gap-default\">\n\t\t\t\t\t<div class=\"elementor-column elementor-col-100 elementor-top-column elementor-element elementor-element-09e0d84\" data-id=\"09e0d84\" data-element_type=\"column\" data-e-type=\"column\">\n\t\t\t<div class=\"elementor-widget-wrap elementor-element-populated\">\n\t\t\t\t\t\t<div class=\"elementor-element elementor-element-2329a48 elementor-widget elementor-widget-spacer\" data-id=\"2329a48\" data-element_type=\"widget\" data-e-type=\"widget\" data-widget_type=\"spacer.default\">\n\t\t\t\t<div class=\"elementor-widget-container\">\n\t\t\t\t\t\t\t<div class=\"elementor-spacer\">\n\t\t\t<div class=\"elementor-spacer-inner\"><\/div>\n\t\t<\/div>\n\t\t\t\t\t\t<\/div>\n\t\t\t\t<\/div>\n\t\t\t\t<div class=\"elementor-element elementor-element-c21d91d animate-charcter elementor-widget elementor-widget-heading\" data-id=\"c21d91d\" data-element_type=\"widget\" data-e-type=\"widget\" data-widget_type=\"heading.default\">\n\t\t\t\t<div class=\"elementor-widget-container\">\n\t\t\t\t\t<h1 class=\"elementor-heading-title elementor-size-default\">Niveau d\u00e9butant d'un blog affili\u00e9<\/h1>\t\t\t\t<\/div>\n\t\t\t\t<\/div>\n\t\t\t\t<div class=\"elementor-element elementor-element-b1d85ca elementor-widget elementor-widget-text-editor\" data-id=\"b1d85ca\" data-element_type=\"widget\" data-e-type=\"widget\" data-widget_type=\"text-editor.default\">\n\t\t\t\t<div class=\"elementor-widget-container\">\n\t\t\t\t\t\t\t\t\t<p>Si vous cherchez un moyen int\u00e9ressant et lucratif de gagner de l&rsquo;argent en ligne, vous \u00eates au bon endroit. Dans cet espace, nous vous fournirons toutes les informations et outils n\u00e9cessaires pour que vous puissiez commencer avec succ\u00e8s votre parcours dans le monde des affili\u00e9s, m\u00eame si vous \u00eates un d\u00e9butant absolu. Vous d\u00e9couvrirez les concepts fondamentaux, des strat\u00e9gies \u00e9prouv\u00e9es et des conseils pratiques qui vous aideront \u00e0 construire une entreprise solide et rentable.<\/p>\t\t\t\t\t\t\t\t<\/div>\n\t\t\t\t<\/div>\n\t\t\t\t<div class=\"elementor-element elementor-element-af76b1b elementor-hidden-mobile elementor-widget elementor-widget-spacer\" data-id=\"af76b1b\" data-element_type=\"widget\" data-e-type=\"widget\" data-widget_type=\"spacer.default\">\n\t\t\t\t<div class=\"elementor-widget-container\">\n\t\t\t\t\t\t\t<div class=\"elementor-spacer\">\n\t\t\t<div class=\"elementor-spacer-inner\"><\/div>\n\t\t<\/div>\n\t\t\t\t\t\t<\/div>\n\t\t\t\t<\/div>\n\t\t\t\t\t<\/div>\n\t\t<\/div>\n\t\t\t\t\t<\/div>\n\t\t<\/section>\n\t\t\t\t<section class=\"elementor-section elementor-top-section elementor-element elementor-element-055c912 elementor-section-boxed elementor-section-height-default elementor-section-height-default\" data-id=\"055c912\" data-element_type=\"section\" data-e-type=\"section\">\n\t\t\t\t\t\t<div class=\"elementor-container elementor-column-gap-default\">\n\t\t\t\t\t<div class=\"elementor-column elementor-col-100 elementor-top-column elementor-element elementor-element-4d92002\" data-id=\"4d92002\" data-element_type=\"column\" data-e-type=\"column\">\n\t\t\t<div class=\"elementor-widget-wrap elementor-element-populated\">\n\t\t\t\t\t\t<div class=\"elementor-element elementor-element-839a039 elementor-hidden-mobile elementor-widget elementor-widget-spacer\" data-id=\"839a039\" data-element_type=\"widget\" data-e-type=\"widget\" data-widget_type=\"spacer.default\">\n\t\t\t\t<div class=\"elementor-widget-container\">\n\t\t\t\t\t\t\t<div class=\"elementor-spacer\">\n\t\t\t<div class=\"elementor-spacer-inner\"><\/div>\n\t\t<\/div>\n\t\t\t\t\t\t<\/div>\n\t\t\t\t<\/div>\n\t\t\t\t<div class=\"elementor-element elementor-element-55fdd33 elementor-hidden-desktop elementor-hidden-tablet elementor-hidden-mobile elementor-widget elementor-widget-elementskit-blog-posts\" data-id=\"55fdd33\" data-element_type=\"widget\" data-e-type=\"widget\" data-widget_type=\"elementskit-blog-posts.default\">\n\t\t\t\t<div class=\"elementor-widget-container\">\n\t\t\t\t\t<div class=\"ekit-wid-con\" >        <div id=\"post-items--55fdd33\" class=\"row post-items\">\n                <\/div>\n       <\/div>\t\t\t\t<\/div>\n\t\t\t\t<\/div>\n\t\t\t\t<div class=\"elementor-element elementor-element-baa2265 elementor-widget elementor-widget-spacer\" data-id=\"baa2265\" data-element_type=\"widget\" data-e-type=\"widget\" data-widget_type=\"spacer.default\">\n\t\t\t\t<div class=\"elementor-widget-container\">\n\t\t\t\t\t\t\t<div class=\"elementor-spacer\">\n\t\t\t<div class=\"elementor-spacer-inner\"><\/div>\n\t\t<\/div>\n\t\t\t\t\t\t<\/div>\n\t\t\t\t<\/div>\n\t\t\t\t\t<\/div>\n\t\t<\/div>\n\t\t\t\t\t<\/div>\n\t\t<\/section>\n\t\t\t\t<\/div>\n\t\t","protected":false},"excerpt":{"rendered":"<p>Niveau d\u00e9butant d&rsquo;un blog affili\u00e9 Si vous cherchez un moyen int\u00e9ressant et lucratif de gagner de l&rsquo;argent en ligne, vous \u00eates au bon endroit. Dans cet espace, nous vous fournirons toutes les informations et outils n\u00e9cessaires pour que vous puissiez commencer avec succ\u00e8s votre parcours dans le monde des affili\u00e9s, m\u00eame si vous \u00eates un [&hellip;]<\/p>\n","protected":false},"author":4306,"featured_media":0,"parent":0,"menu_order":0,"comment_status":"closed","ping_status":"closed","template":"","meta":{"footnotes":""},"class_list":["post-35160","page","type-page","status-publish","hentry"],"yoast_head":"<!-- This site is optimized with the Yoast SEO Premium plugin v18.1 (Yoast SEO v27.0) - https:\/\/yoast.com\/product\/yoast-seo-premium-wordpress\/ -->\n<title>Blog de programa de afiliaci\u00f3n principiante<\/title>\n<meta name=\"description\" content=\"Si est\u00e1s buscando una forma lucrativa de ganar dinero en l\u00ednea, has venido al lugar correcto. Programa de afiliaci\u00f3n para principantes\" \/>\n<meta name=\"robots\" content=\"index, follow, max-snippet:-1, max-image-preview:large, max-video-preview:-1\" \/>\n<link rel=\"canonical\" href=\"https:\/\/afiliapub.com\/fr\/affilies-debutants\/\" \/>\n<meta property=\"og:locale\" content=\"fr_FR\" \/>\n<meta property=\"og:type\" content=\"article\" \/>\n<meta property=\"og:title\" content=\"Affili\u00e9s D\u00e9butants\" \/>\n<meta property=\"og:description\" content=\"Si est\u00e1s buscando una forma lucrativa de ganar dinero en l\u00ednea, has venido al lugar correcto. Programa de afiliaci\u00f3n para principantes\" \/>\n<meta property=\"og:url\" content=\"https:\/\/afiliapub.com\/fr\/affilies-debutants\/\" \/>\n<meta property=\"og:site_name\" content=\"Afiliapub\" \/>\n<meta property=\"article:modified_time\" content=\"2024-03-05T16:12:47+00:00\" \/>\n<meta property=\"og:image\" content=\"https:\/\/afiliapub.com\/wp-content\/uploads\/2024\/03\/logo-afiliapub-1200-630.png\" \/>\n\t<meta property=\"og:image:width\" content=\"1200\" \/>\n\t<meta property=\"og:image:height\" content=\"630\" \/>\n\t<meta property=\"og:image:type\" content=\"image\/png\" \/>\n<meta name=\"twitter:card\" content=\"summary_large_image\" \/>\n<meta name=\"twitter:label1\" content=\"Dur\u00e9e de lecture estim\u00e9e\" \/>\n\t<meta name=\"twitter:data1\" content=\"1 minute\" \/>\n<script type=\"application\/ld+json\" class=\"yoast-schema-graph\">{\"@context\":\"https:\/\/schema.org\",\"@graph\":[{\"@type\":\"WebPage\",\"@id\":\"https:\/\/afiliapub.com\/fr\/affilies-debutants\/\",\"url\":\"https:\/\/afiliapub.com\/fr\/affilies-debutants\/\",\"name\":\"Blog de programa de afiliaci\u00f3n principiante\",\"isPartOf\":{\"@id\":\"https:\/\/afiliapub.com\/#website\"},\"datePublished\":\"2024-03-04T12:34:24+00:00\",\"dateModified\":\"2024-03-05T16:12:47+00:00\",\"description\":\"Si est\u00e1s buscando una forma lucrativa de ganar dinero en l\u00ednea, has venido al lugar correcto. Programa de afiliaci\u00f3n para principantes\",\"breadcrumb\":{\"@id\":\"https:\/\/afiliapub.com\/fr\/affilies-debutants\/#breadcrumb\"},\"inLanguage\":\"fr-FR\",\"potentialAction\":[{\"@type\":\"ReadAction\",\"target\":[\"https:\/\/afiliapub.com\/fr\/affilies-debutants\/\"]}]},{\"@type\":\"BreadcrumbList\",\"@id\":\"https:\/\/afiliapub.com\/fr\/affilies-debutants\/#breadcrumb\",\"itemListElement\":[{\"@type\":\"ListItem\",\"position\":1,\"name\":\"Accueil\",\"item\":\"https:\/\/afiliapub.com\/pt-br\/\"},{\"@type\":\"ListItem\",\"position\":2,\"name\":\"Affili\u00e9s D\u00e9butants\"}]},{\"@type\":\"WebSite\",\"@id\":\"https:\/\/afiliapub.com\/#website\",\"url\":\"https:\/\/afiliapub.com\/\",\"name\":\"Afiliapub\",\"description\":\"The Affiliate Network for Spain, Portugal, Brazil and South America\",\"publisher\":{\"@id\":\"https:\/\/afiliapub.com\/#organization\"},\"potentialAction\":[{\"@type\":\"SearchAction\",\"target\":{\"@type\":\"EntryPoint\",\"urlTemplate\":\"https:\/\/afiliapub.com\/?s={search_term_string}\"},\"query-input\":{\"@type\":\"PropertyValueSpecification\",\"valueRequired\":true,\"valueName\":\"search_term_string\"}}],\"inLanguage\":\"fr-FR\"},{\"@type\":\"Organization\",\"@id\":\"https:\/\/afiliapub.com\/#organization\",\"name\":\"Afiliapub\",\"url\":\"https:\/\/afiliapub.com\/\",\"logo\":{\"@type\":\"ImageObject\",\"inLanguage\":\"fr-FR\",\"@id\":\"https:\/\/afiliapub.com\/#\/schema\/logo\/image\/\",\"url\":\"https:\/\/afiliapub.com\/wp-content\/uploads\/2024\/03\/logo-afiliapub-1200-630.png\",\"contentUrl\":\"https:\/\/afiliapub.com\/wp-content\/uploads\/2024\/03\/logo-afiliapub-1200-630.png\",\"width\":1200,\"height\":630,\"caption\":\"Afiliapub\"},\"image\":{\"@id\":\"https:\/\/afiliapub.com\/#\/schema\/logo\/image\/\"}}]}<\/script>\n<!-- \/ Yoast SEO Premium plugin. -->","yoast_head_json":{"title":"Blog de programa de afiliaci\u00f3n principiante","description":"Si est\u00e1s buscando una forma lucrativa de ganar dinero en l\u00ednea, has venido al lugar correcto. Programa de afiliaci\u00f3n para principantes","robots":{"index":"index","follow":"follow","max-snippet":"max-snippet:-1","max-image-preview":"max-image-preview:large","max-video-preview":"max-video-preview:-1"},"canonical":"https:\/\/afiliapub.com\/fr\/affilies-debutants\/","og_locale":"fr_FR","og_type":"article","og_title":"Affili\u00e9s D\u00e9butants","og_description":"Si est\u00e1s buscando una forma lucrativa de ganar dinero en l\u00ednea, has venido al lugar correcto. Programa de afiliaci\u00f3n para principantes","og_url":"https:\/\/afiliapub.com\/fr\/affilies-debutants\/","og_site_name":"Afiliapub","article_modified_time":"2024-03-05T16:12:47+00:00","og_image":[{"width":1200,"height":630,"url":"https:\/\/afiliapub.com\/wp-content\/uploads\/2024\/03\/logo-afiliapub-1200-630.png","type":"image\/png"}],"twitter_card":"summary_large_image","twitter_misc":{"Dur\u00e9e de lecture estim\u00e9e":"1 minute"},"schema":{"@context":"https:\/\/schema.org","@graph":[{"@type":"WebPage","@id":"https:\/\/afiliapub.com\/fr\/affilies-debutants\/","url":"https:\/\/afiliapub.com\/fr\/affilies-debutants\/","name":"Blog de programa de afiliaci\u00f3n principiante","isPartOf":{"@id":"https:\/\/afiliapub.com\/#website"},"datePublished":"2024-03-04T12:34:24+00:00","dateModified":"2024-03-05T16:12:47+00:00","description":"Si est\u00e1s buscando una forma lucrativa de ganar dinero en l\u00ednea, has venido al lugar correcto. Programa de afiliaci\u00f3n para principantes","breadcrumb":{"@id":"https:\/\/afiliapub.com\/fr\/affilies-debutants\/#breadcrumb"},"inLanguage":"fr-FR","potentialAction":[{"@type":"ReadAction","target":["https:\/\/afiliapub.com\/fr\/affilies-debutants\/"]}]},{"@type":"BreadcrumbList","@id":"https:\/\/afiliapub.com\/fr\/affilies-debutants\/#breadcrumb","itemListElement":[{"@type":"ListItem","position":1,"name":"Accueil","item":"https:\/\/afiliapub.com\/pt-br\/"},{"@type":"ListItem","position":2,"name":"Affili\u00e9s D\u00e9butants"}]},{"@type":"WebSite","@id":"https:\/\/afiliapub.com\/#website","url":"https:\/\/afiliapub.com\/","name":"Afiliapub","description":"The Affiliate Network for Spain, Portugal, Brazil and South America","publisher":{"@id":"https:\/\/afiliapub.com\/#organization"},"potentialAction":[{"@type":"SearchAction","target":{"@type":"EntryPoint","urlTemplate":"https:\/\/afiliapub.com\/?s={search_term_string}"},"query-input":{"@type":"PropertyValueSpecification","valueRequired":true,"valueName":"search_term_string"}}],"inLanguage":"fr-FR"},{"@type":"Organization","@id":"https:\/\/afiliapub.com\/#organization","name":"Afiliapub","url":"https:\/\/afiliapub.com\/","logo":{"@type":"ImageObject","inLanguage":"fr-FR","@id":"https:\/\/afiliapub.com\/#\/schema\/logo\/image\/","url":"https:\/\/afiliapub.com\/wp-content\/uploads\/2024\/03\/logo-afiliapub-1200-630.png","contentUrl":"https:\/\/afiliapub.com\/wp-content\/uploads\/2024\/03\/logo-afiliapub-1200-630.png","width":1200,"height":630,"caption":"Afiliapub"},"image":{"@id":"https:\/\/afiliapub.com\/#\/schema\/logo\/image\/"}}]}},"_links":{"self":[{"href":"https:\/\/afiliapub.com\/fr\/wp-json\/wp\/v2\/pages\/35160","targetHints":{"allow":["GET"]}}],"collection":[{"href":"https:\/\/afiliapub.com\/fr\/wp-json\/wp\/v2\/pages"}],"about":[{"href":"https:\/\/afiliapub.com\/fr\/wp-json\/wp\/v2\/types\/page"}],"author":[{"embeddable":true,"href":"https:\/\/afiliapub.com\/fr\/wp-json\/wp\/v2\/users\/4306"}],"replies":[{"embeddable":true,"href":"https:\/\/afiliapub.com\/fr\/wp-json\/wp\/v2\/comments?post=35160"}],"version-history":[{"count":5,"href":"https:\/\/afiliapub.com\/fr\/wp-json\/wp\/v2\/pages\/35160\/revisions"}],"predecessor-version":[{"id":37116,"href":"https:\/\/afiliapub.com\/fr\/wp-json\/wp\/v2\/pages\/35160\/revisions\/37116"}],"wp:attachment":[{"href":"https:\/\/afiliapub.com\/fr\/wp-json\/wp\/v2\/media?parent=35160"}],"curies":[{"name":"wp","href":"https:\/\/api.w.org\/{rel}","templated":true}]}}