{"id":35159,"date":"2024-03-04T12:34:24","date_gmt":"2024-03-04T12:34:24","guid":{"rendered":"https:\/\/afiliapub.com\/afiliados-intermedios\/"},"modified":"2024-03-05T16:14:07","modified_gmt":"2024-03-05T16:14:07","slug":"affilies-intermediaires","status":"publish","type":"page","link":"https:\/\/afiliapub.com\/fr\/affilies-intermediaires\/","title":{"rendered":"Affili\u00e9s Interm\u00e9diaires"},"content":{"rendered":"\t\t<div data-elementor-type=\"wp-page\" data-elementor-id=\"35159\" class=\"elementor elementor-35159\">\n\t\t\t\t\t\t<section class=\"elementor-section elementor-top-section elementor-element elementor-element-b947c91 elementor-section-boxed elementor-section-height-default elementor-section-height-default\" data-id=\"b947c91\" data-element_type=\"section\" data-e-type=\"section\">\n\t\t\t\t\t\t<div class=\"elementor-container elementor-column-gap-default\">\n\t\t\t\t\t<div class=\"elementor-column elementor-col-100 elementor-top-column elementor-element elementor-element-69f29c9\" data-id=\"69f29c9\" data-element_type=\"column\" data-e-type=\"column\">\n\t\t\t<div class=\"elementor-widget-wrap elementor-element-populated\">\n\t\t\t\t\t\t<div class=\"elementor-element elementor-element-391259d elementor-widget elementor-widget-spacer\" data-id=\"391259d\" data-element_type=\"widget\" data-e-type=\"widget\" data-widget_type=\"spacer.default\">\n\t\t\t\t<div class=\"elementor-widget-container\">\n\t\t\t\t\t\t\t<div class=\"elementor-spacer\">\n\t\t\t<div class=\"elementor-spacer-inner\"><\/div>\n\t\t<\/div>\n\t\t\t\t\t\t<\/div>\n\t\t\t\t<\/div>\n\t\t\t\t<div class=\"elementor-element elementor-element-364fe6c animate-charcter elementor-widget elementor-widget-heading\" data-id=\"364fe6c\" data-element_type=\"widget\" data-e-type=\"widget\" data-widget_type=\"heading.default\">\n\t\t\t\t<div class=\"elementor-widget-container\">\n\t\t\t\t\t<h1 class=\"elementor-heading-title elementor-size-default\">Blog affili\u00e9 interm\u00e9diaire<\/h1>\t\t\t\t<\/div>\n\t\t\t\t<\/div>\n\t\t\t\t<div class=\"elementor-element elementor-element-609084d elementor-widget elementor-widget-text-editor\" data-id=\"609084d\" data-element_type=\"widget\" data-e-type=\"widget\" data-widget_type=\"text-editor.default\">\n\t\t\t\t<div class=\"elementor-widget-container\">\n\t\t\t\t\t\t\t\t\t<p>Si vous avez acquis de l&rsquo;exp\u00e9rience dans le monde de l&rsquo;affiliation et que vous cherchez \u00e0 perfectionner vos comp\u00e9tences, vous \u00eates au bon endroit. Dans ces blogs, vous plongerez dans des strat\u00e9gies plus avanc\u00e9es et d\u00e9couvrirez des techniques pour maximiser vos gains en tant qu&rsquo;affili\u00e9.<\/p><p>Vous apprendrez comment affiner et optimiser vos tactiques pour obtenir des r\u00e9sultats encore plus impressionnants, explorer des sujets tels que l&rsquo;analyse de donn\u00e9es, la segmentation de l&rsquo;audience, la cr\u00e9ation d&rsquo;entonnoirs de vente efficaces, parmi de nombreux autres th\u00e8mes.<\/p>\t\t\t\t\t\t\t\t<\/div>\n\t\t\t\t<\/div>\n\t\t\t\t<div class=\"elementor-element elementor-element-cae4773 elementor-hidden-mobile elementor-widget elementor-widget-spacer\" data-id=\"cae4773\" data-element_type=\"widget\" data-e-type=\"widget\" data-widget_type=\"spacer.default\">\n\t\t\t\t<div class=\"elementor-widget-container\">\n\t\t\t\t\t\t\t<div class=\"elementor-spacer\">\n\t\t\t<div class=\"elementor-spacer-inner\"><\/div>\n\t\t<\/div>\n\t\t\t\t\t\t<\/div>\n\t\t\t\t<\/div>\n\t\t\t\t\t<\/div>\n\t\t<\/div>\n\t\t\t\t\t<\/div>\n\t\t<\/section>\n\t\t\t\t<section class=\"elementor-section elementor-top-section elementor-element elementor-element-c5a3bab elementor-section-boxed elementor-section-height-default elementor-section-height-default\" data-id=\"c5a3bab\" data-element_type=\"section\" data-e-type=\"section\">\n\t\t\t\t\t\t<div class=\"elementor-container elementor-column-gap-default\">\n\t\t\t\t\t<div class=\"elementor-column elementor-col-100 elementor-top-column elementor-element elementor-element-df05b29\" data-id=\"df05b29\" data-element_type=\"column\" data-e-type=\"column\">\n\t\t\t<div class=\"elementor-widget-wrap elementor-element-populated\">\n\t\t\t\t\t\t<div class=\"elementor-element elementor-element-60e662f elementor-hidden-mobile elementor-widget elementor-widget-spacer\" data-id=\"60e662f\" data-element_type=\"widget\" data-e-type=\"widget\" data-widget_type=\"spacer.default\">\n\t\t\t\t<div class=\"elementor-widget-container\">\n\t\t\t\t\t\t\t<div class=\"elementor-spacer\">\n\t\t\t<div class=\"elementor-spacer-inner\"><\/div>\n\t\t<\/div>\n\t\t\t\t\t\t<\/div>\n\t\t\t\t<\/div>\n\t\t\t\t<div class=\"elementor-element elementor-element-10ed155 elementor-hidden-desktop elementor-hidden-tablet elementor-hidden-mobile elementor-widget elementor-widget-elementskit-blog-posts\" data-id=\"10ed155\" data-element_type=\"widget\" data-e-type=\"widget\" data-widget_type=\"elementskit-blog-posts.default\">\n\t\t\t\t<div class=\"elementor-widget-container\">\n\t\t\t\t\t<div class=\"ekit-wid-con\" >        <div id=\"post-items--10ed155\" class=\"row post-items\">\n                <\/div>\n       <\/div>\t\t\t\t<\/div>\n\t\t\t\t<\/div>\n\t\t\t\t<div class=\"elementor-element elementor-element-5952bef elementor-widget elementor-widget-spacer\" data-id=\"5952bef\" data-element_type=\"widget\" data-e-type=\"widget\" data-widget_type=\"spacer.default\">\n\t\t\t\t<div class=\"elementor-widget-container\">\n\t\t\t\t\t\t\t<div class=\"elementor-spacer\">\n\t\t\t<div class=\"elementor-spacer-inner\"><\/div>\n\t\t<\/div>\n\t\t\t\t\t\t<\/div>\n\t\t\t\t<\/div>\n\t\t\t\t\t<\/div>\n\t\t<\/div>\n\t\t\t\t\t<\/div>\n\t\t<\/section>\n\t\t\t\t<\/div>\n\t\t","protected":false},"excerpt":{"rendered":"<p>Blog affili\u00e9 interm\u00e9diaire Si vous avez acquis de l&rsquo;exp\u00e9rience dans le monde de l&rsquo;affiliation et que vous cherchez \u00e0 perfectionner vos comp\u00e9tences, vous \u00eates au bon endroit. Dans ces blogs, vous plongerez dans des strat\u00e9gies plus avanc\u00e9es et d\u00e9couvrirez des techniques pour maximiser vos gains en tant qu&rsquo;affili\u00e9. Vous apprendrez comment affiner et optimiser vos [&hellip;]<\/p>\n","protected":false},"author":4306,"featured_media":0,"parent":0,"menu_order":0,"comment_status":"closed","ping_status":"closed","template":"","meta":{"footnotes":""},"class_list":["post-35159","page","type-page","status-publish","hentry"],"yoast_head":"<!-- This site is optimized with the Yoast SEO Premium plugin v18.1 (Yoast SEO v27.0) - https:\/\/yoast.com\/product\/yoast-seo-premium-wordpress\/ -->\n<title>Affili\u00e9s Interm\u00e9diaires | Afiliapub<\/title>\n<meta name=\"description\" content=\"Si has adquirido experiencia en el mundo de los afiliados y buscas llevar tus habilidades al siguiente nivel, est\u00e1s en el lugar correcto.\" \/>\n<meta name=\"robots\" content=\"index, follow, max-snippet:-1, max-image-preview:large, max-video-preview:-1\" \/>\n<link rel=\"canonical\" href=\"https:\/\/afiliapub.com\/fr\/affilies-intermediaires\/\" \/>\n<meta property=\"og:locale\" content=\"fr_FR\" \/>\n<meta property=\"og:type\" content=\"article\" \/>\n<meta property=\"og:title\" content=\"Affili\u00e9s Interm\u00e9diaires\" \/>\n<meta property=\"og:description\" content=\"Si has adquirido experiencia en el mundo de los afiliados y buscas llevar tus habilidades al siguiente nivel, est\u00e1s en el lugar correcto.\" \/>\n<meta property=\"og:url\" content=\"https:\/\/afiliapub.com\/fr\/affilies-intermediaires\/\" \/>\n<meta property=\"og:site_name\" content=\"Afiliapub\" \/>\n<meta property=\"article:modified_time\" content=\"2024-03-05T16:14:07+00:00\" \/>\n<meta property=\"og:image\" content=\"https:\/\/afiliapub.com\/wp-content\/uploads\/2024\/03\/logo-afiliapub-1200-630.png\" \/>\n\t<meta property=\"og:image:width\" content=\"1200\" \/>\n\t<meta property=\"og:image:height\" content=\"630\" \/>\n\t<meta property=\"og:image:type\" content=\"image\/png\" \/>\n<meta name=\"twitter:card\" content=\"summary_large_image\" \/>\n<meta name=\"twitter:label1\" content=\"Dur\u00e9e de lecture estim\u00e9e\" \/>\n\t<meta name=\"twitter:data1\" content=\"1 minute\" \/>\n<script type=\"application\/ld+json\" class=\"yoast-schema-graph\">{\"@context\":\"https:\/\/schema.org\",\"@graph\":[{\"@type\":\"WebPage\",\"@id\":\"https:\/\/afiliapub.com\/fr\/affilies-intermediaires\/\",\"url\":\"https:\/\/afiliapub.com\/fr\/affilies-intermediaires\/\",\"name\":\"Affili\u00e9s Interm\u00e9diaires | Afiliapub\",\"isPartOf\":{\"@id\":\"https:\/\/afiliapub.com\/#website\"},\"datePublished\":\"2024-03-04T12:34:24+00:00\",\"dateModified\":\"2024-03-05T16:14:07+00:00\",\"description\":\"Si has adquirido experiencia en el mundo de los afiliados y buscas llevar tus habilidades al siguiente nivel, est\u00e1s en el lugar correcto.\",\"breadcrumb\":{\"@id\":\"https:\/\/afiliapub.com\/fr\/affilies-intermediaires\/#breadcrumb\"},\"inLanguage\":\"fr-FR\",\"potentialAction\":[{\"@type\":\"ReadAction\",\"target\":[\"https:\/\/afiliapub.com\/fr\/affilies-intermediaires\/\"]}]},{\"@type\":\"BreadcrumbList\",\"@id\":\"https:\/\/afiliapub.com\/fr\/affilies-intermediaires\/#breadcrumb\",\"itemListElement\":[{\"@type\":\"ListItem\",\"position\":1,\"name\":\"Accueil\",\"item\":\"https:\/\/afiliapub.com\/fr\/\"},{\"@type\":\"ListItem\",\"position\":2,\"name\":\"Affili\u00e9s Interm\u00e9diaires\"}]},{\"@type\":\"WebSite\",\"@id\":\"https:\/\/afiliapub.com\/#website\",\"url\":\"https:\/\/afiliapub.com\/\",\"name\":\"Afiliapub\",\"description\":\"The Affiliate Network for Spain, Portugal, Brazil and South America\",\"publisher\":{\"@id\":\"https:\/\/afiliapub.com\/#organization\"},\"potentialAction\":[{\"@type\":\"SearchAction\",\"target\":{\"@type\":\"EntryPoint\",\"urlTemplate\":\"https:\/\/afiliapub.com\/?s={search_term_string}\"},\"query-input\":{\"@type\":\"PropertyValueSpecification\",\"valueRequired\":true,\"valueName\":\"search_term_string\"}}],\"inLanguage\":\"fr-FR\"},{\"@type\":\"Organization\",\"@id\":\"https:\/\/afiliapub.com\/#organization\",\"name\":\"Afiliapub\",\"url\":\"https:\/\/afiliapub.com\/\",\"logo\":{\"@type\":\"ImageObject\",\"inLanguage\":\"fr-FR\",\"@id\":\"https:\/\/afiliapub.com\/#\/schema\/logo\/image\/\",\"url\":\"https:\/\/afiliapub.com\/wp-content\/uploads\/2024\/03\/logo-afiliapub-1200-630.png\",\"contentUrl\":\"https:\/\/afiliapub.com\/wp-content\/uploads\/2024\/03\/logo-afiliapub-1200-630.png\",\"width\":1200,\"height\":630,\"caption\":\"Afiliapub\"},\"image\":{\"@id\":\"https:\/\/afiliapub.com\/#\/schema\/logo\/image\/\"}}]}<\/script>\n<!-- \/ Yoast SEO Premium plugin. -->","yoast_head_json":{"title":"Affili\u00e9s Interm\u00e9diaires | Afiliapub","description":"Si has adquirido experiencia en el mundo de los afiliados y buscas llevar tus habilidades al siguiente nivel, est\u00e1s en el lugar correcto.","robots":{"index":"index","follow":"follow","max-snippet":"max-snippet:-1","max-image-preview":"max-image-preview:large","max-video-preview":"max-video-preview:-1"},"canonical":"https:\/\/afiliapub.com\/fr\/affilies-intermediaires\/","og_locale":"fr_FR","og_type":"article","og_title":"Affili\u00e9s Interm\u00e9diaires","og_description":"Si has adquirido experiencia en el mundo de los afiliados y buscas llevar tus habilidades al siguiente nivel, est\u00e1s en el lugar correcto.","og_url":"https:\/\/afiliapub.com\/fr\/affilies-intermediaires\/","og_site_name":"Afiliapub","article_modified_time":"2024-03-05T16:14:07+00:00","og_image":[{"width":1200,"height":630,"url":"https:\/\/afiliapub.com\/wp-content\/uploads\/2024\/03\/logo-afiliapub-1200-630.png","type":"image\/png"}],"twitter_card":"summary_large_image","twitter_misc":{"Dur\u00e9e de lecture estim\u00e9e":"1 minute"},"schema":{"@context":"https:\/\/schema.org","@graph":[{"@type":"WebPage","@id":"https:\/\/afiliapub.com\/fr\/affilies-intermediaires\/","url":"https:\/\/afiliapub.com\/fr\/affilies-intermediaires\/","name":"Affili\u00e9s Interm\u00e9diaires | Afiliapub","isPartOf":{"@id":"https:\/\/afiliapub.com\/#website"},"datePublished":"2024-03-04T12:34:24+00:00","dateModified":"2024-03-05T16:14:07+00:00","description":"Si has adquirido experiencia en el mundo de los afiliados y buscas llevar tus habilidades al siguiente nivel, est\u00e1s en el lugar correcto.","breadcrumb":{"@id":"https:\/\/afiliapub.com\/fr\/affilies-intermediaires\/#breadcrumb"},"inLanguage":"fr-FR","potentialAction":[{"@type":"ReadAction","target":["https:\/\/afiliapub.com\/fr\/affilies-intermediaires\/"]}]},{"@type":"BreadcrumbList","@id":"https:\/\/afiliapub.com\/fr\/affilies-intermediaires\/#breadcrumb","itemListElement":[{"@type":"ListItem","position":1,"name":"Accueil","item":"https:\/\/afiliapub.com\/fr\/"},{"@type":"ListItem","position":2,"name":"Affili\u00e9s Interm\u00e9diaires"}]},{"@type":"WebSite","@id":"https:\/\/afiliapub.com\/#website","url":"https:\/\/afiliapub.com\/","name":"Afiliapub","description":"The Affiliate Network for Spain, Portugal, Brazil and South America","publisher":{"@id":"https:\/\/afiliapub.com\/#organization"},"potentialAction":[{"@type":"SearchAction","target":{"@type":"EntryPoint","urlTemplate":"https:\/\/afiliapub.com\/?s={search_term_string}"},"query-input":{"@type":"PropertyValueSpecification","valueRequired":true,"valueName":"search_term_string"}}],"inLanguage":"fr-FR"},{"@type":"Organization","@id":"https:\/\/afiliapub.com\/#organization","name":"Afiliapub","url":"https:\/\/afiliapub.com\/","logo":{"@type":"ImageObject","inLanguage":"fr-FR","@id":"https:\/\/afiliapub.com\/#\/schema\/logo\/image\/","url":"https:\/\/afiliapub.com\/wp-content\/uploads\/2024\/03\/logo-afiliapub-1200-630.png","contentUrl":"https:\/\/afiliapub.com\/wp-content\/uploads\/2024\/03\/logo-afiliapub-1200-630.png","width":1200,"height":630,"caption":"Afiliapub"},"image":{"@id":"https:\/\/afiliapub.com\/#\/schema\/logo\/image\/"}}]}},"_links":{"self":[{"href":"https:\/\/afiliapub.com\/fr\/wp-json\/wp\/v2\/pages\/35159","targetHints":{"allow":["GET"]}}],"collection":[{"href":"https:\/\/afiliapub.com\/fr\/wp-json\/wp\/v2\/pages"}],"about":[{"href":"https:\/\/afiliapub.com\/fr\/wp-json\/wp\/v2\/types\/page"}],"author":[{"embeddable":true,"href":"https:\/\/afiliapub.com\/fr\/wp-json\/wp\/v2\/users\/4306"}],"replies":[{"embeddable":true,"href":"https:\/\/afiliapub.com\/fr\/wp-json\/wp\/v2\/comments?post=35159"}],"version-history":[{"count":5,"href":"https:\/\/afiliapub.com\/fr\/wp-json\/wp\/v2\/pages\/35159\/revisions"}],"predecessor-version":[{"id":37118,"href":"https:\/\/afiliapub.com\/fr\/wp-json\/wp\/v2\/pages\/35159\/revisions\/37118"}],"wp:attachment":[{"href":"https:\/\/afiliapub.com\/fr\/wp-json\/wp\/v2\/media?parent=35159"}],"curies":[{"name":"wp","href":"https:\/\/api.w.org\/{rel}","templated":true}]}}