{"id":35158,"date":"2024-03-04T12:34:12","date_gmt":"2024-03-04T12:34:12","guid":{"rendered":"https:\/\/afiliapub.com\/afiliados-avanzados\/"},"modified":"2024-03-05T16:14:52","modified_gmt":"2024-03-05T16:14:52","slug":"affilies-avances","status":"publish","type":"page","link":"https:\/\/afiliapub.com\/fr\/affilies-avances\/","title":{"rendered":"Affili\u00e9s Avanc\u00e9s"},"content":{"rendered":"\t\t<div data-elementor-type=\"wp-page\" data-elementor-id=\"35158\" class=\"elementor elementor-35158 elementor-29964\">\n\t\t\t\t\t\t<section class=\"elementor-section elementor-top-section elementor-element elementor-element-394e0d8 elementor-section-boxed elementor-section-height-default elementor-section-height-default\" data-id=\"394e0d8\" data-element_type=\"section\" data-e-type=\"section\">\n\t\t\t\t\t\t<div class=\"elementor-container elementor-column-gap-default\">\n\t\t\t\t\t<div class=\"elementor-column elementor-col-100 elementor-top-column elementor-element elementor-element-1532cf7\" data-id=\"1532cf7\" data-element_type=\"column\" data-e-type=\"column\">\n\t\t\t<div class=\"elementor-widget-wrap elementor-element-populated\">\n\t\t\t\t\t\t<div class=\"elementor-element elementor-element-06db745 elementor-widget elementor-widget-spacer\" data-id=\"06db745\" data-element_type=\"widget\" data-e-type=\"widget\" data-widget_type=\"spacer.default\">\n\t\t\t\t<div class=\"elementor-widget-container\">\n\t\t\t\t\t\t\t<div class=\"elementor-spacer\">\n\t\t\t<div class=\"elementor-spacer-inner\"><\/div>\n\t\t<\/div>\n\t\t\t\t\t\t<\/div>\n\t\t\t\t<\/div>\n\t\t\t\t<div class=\"elementor-element elementor-element-a8e6df7 animate-charcter elementor-widget elementor-widget-heading\" data-id=\"a8e6df7\" data-element_type=\"widget\" data-e-type=\"widget\" data-widget_type=\"heading.default\">\n\t\t\t\t<div class=\"elementor-widget-container\">\n\t\t\t\t\t<h1 class=\"elementor-heading-title elementor-size-default\">Blog affili\u00e9 de niveau avanc\u00e9<\/h1>\t\t\t\t<\/div>\n\t\t\t\t<\/div>\n\t\t\t\t<div class=\"elementor-element elementor-element-3ae12f2 elementor-widget elementor-widget-text-editor\" data-id=\"3ae12f2\" data-element_type=\"widget\" data-e-type=\"widget\" data-widget_type=\"text-editor.default\">\n\t\t\t\t<div class=\"elementor-widget-container\">\n\t\t\t\t\t\t\t\t\t<p>Si vous recherchez un moyen int\u00e9ressant et lucratif de gagner de l&rsquo;argent en ligne, vous \u00eates au bon endroit. Dans cet espace, nous vous fournirons toutes les informations et outils n\u00e9cessaires pour que vous puissiez commencer avec succ\u00e8s votre parcours dans le monde des affili\u00e9s, m\u00eame si vous \u00eates un d\u00e9butant absolu. Vous d\u00e9couvrirez les concepts fondamentaux, des strat\u00e9gies \u00e9prouv\u00e9es et des conseils pratiques qui vous aideront \u00e0 construire une entreprise solide et rentable.<\/p>\t\t\t\t\t\t\t\t<\/div>\n\t\t\t\t<\/div>\n\t\t\t\t<div class=\"elementor-element elementor-element-dce4769 elementor-hidden-mobile elementor-widget elementor-widget-spacer\" data-id=\"dce4769\" data-element_type=\"widget\" data-e-type=\"widget\" data-widget_type=\"spacer.default\">\n\t\t\t\t<div class=\"elementor-widget-container\">\n\t\t\t\t\t\t\t<div class=\"elementor-spacer\">\n\t\t\t<div class=\"elementor-spacer-inner\"><\/div>\n\t\t<\/div>\n\t\t\t\t\t\t<\/div>\n\t\t\t\t<\/div>\n\t\t\t\t\t<\/div>\n\t\t<\/div>\n\t\t\t\t\t<\/div>\n\t\t<\/section>\n\t\t\t\t<section class=\"elementor-section elementor-top-section elementor-element elementor-element-9fcde39 elementor-section-boxed elementor-section-height-default elementor-section-height-default\" data-id=\"9fcde39\" data-element_type=\"section\" data-e-type=\"section\">\n\t\t\t\t\t\t<div class=\"elementor-container elementor-column-gap-default\">\n\t\t\t\t\t<div class=\"elementor-column elementor-col-100 elementor-top-column elementor-element elementor-element-7c5e86d\" data-id=\"7c5e86d\" data-element_type=\"column\" data-e-type=\"column\">\n\t\t\t<div class=\"elementor-widget-wrap elementor-element-populated\">\n\t\t\t\t\t\t<div class=\"elementor-element elementor-element-d011706 elementor-hidden-mobile elementor-widget elementor-widget-spacer\" data-id=\"d011706\" data-element_type=\"widget\" data-e-type=\"widget\" data-widget_type=\"spacer.default\">\n\t\t\t\t<div class=\"elementor-widget-container\">\n\t\t\t\t\t\t\t<div class=\"elementor-spacer\">\n\t\t\t<div class=\"elementor-spacer-inner\"><\/div>\n\t\t<\/div>\n\t\t\t\t\t\t<\/div>\n\t\t\t\t<\/div>\n\t\t\t\t<div class=\"elementor-element elementor-element-d34d74f elementor-hidden-desktop elementor-hidden-tablet elementor-hidden-mobile elementor-widget elementor-widget-elementskit-blog-posts\" data-id=\"d34d74f\" data-element_type=\"widget\" data-e-type=\"widget\" data-widget_type=\"elementskit-blog-posts.default\">\n\t\t\t\t<div class=\"elementor-widget-container\">\n\t\t\t\t\t<div class=\"ekit-wid-con\" >        <div id=\"post-items--d34d74f\" class=\"row post-items\">\n                <\/div>\n       <\/div>\t\t\t\t<\/div>\n\t\t\t\t<\/div>\n\t\t\t\t<div class=\"elementor-element elementor-element-5dfe62d elementor-widget elementor-widget-spacer\" data-id=\"5dfe62d\" data-element_type=\"widget\" data-e-type=\"widget\" data-widget_type=\"spacer.default\">\n\t\t\t\t<div class=\"elementor-widget-container\">\n\t\t\t\t\t\t\t<div class=\"elementor-spacer\">\n\t\t\t<div class=\"elementor-spacer-inner\"><\/div>\n\t\t<\/div>\n\t\t\t\t\t\t<\/div>\n\t\t\t\t<\/div>\n\t\t\t\t\t<\/div>\n\t\t<\/div>\n\t\t\t\t\t<\/div>\n\t\t<\/section>\n\t\t\t\t<\/div>\n\t\t","protected":false},"excerpt":{"rendered":"<p>Blog affili\u00e9 de niveau avanc\u00e9 Si vous recherchez un moyen int\u00e9ressant et lucratif de gagner de l&rsquo;argent en ligne, vous \u00eates au bon endroit. Dans cet espace, nous vous fournirons toutes les informations et outils n\u00e9cessaires pour que vous puissiez commencer avec succ\u00e8s votre parcours dans le monde des affili\u00e9s, m\u00eame si vous \u00eates un [&hellip;]<\/p>\n","protected":false},"author":4306,"featured_media":0,"parent":0,"menu_order":0,"comment_status":"closed","ping_status":"closed","template":"","meta":{"footnotes":""},"class_list":["post-35158","page","type-page","status-publish","hentry"],"yoast_head":"<!-- This site is optimized with the Yoast SEO Premium plugin v18.1 (Yoast SEO v27.0) - https:\/\/yoast.com\/product\/yoast-seo-premium-wordpress\/ -->\n<title>Affili\u00e9s Avanc\u00e9s | Afiliapub<\/title>\n<meta name=\"description\" content=\"Te proporcionaremos informaci\u00f3n y herramientas necesarias para que puedas comenzar exitosamente tu camino en el mundo de los afiliados\" \/>\n<meta name=\"robots\" content=\"index, follow, max-snippet:-1, max-image-preview:large, max-video-preview:-1\" \/>\n<link rel=\"canonical\" href=\"https:\/\/afiliapub.com\/fr\/affilies-avances\/\" \/>\n<meta property=\"og:locale\" content=\"fr_FR\" \/>\n<meta property=\"og:type\" content=\"article\" \/>\n<meta property=\"og:title\" content=\"Affili\u00e9s Avanc\u00e9s\" \/>\n<meta property=\"og:description\" content=\"Te proporcionaremos informaci\u00f3n y herramientas necesarias para que puedas comenzar exitosamente tu camino en el mundo de los afiliados\" \/>\n<meta property=\"og:url\" content=\"https:\/\/afiliapub.com\/fr\/affilies-avances\/\" \/>\n<meta property=\"og:site_name\" content=\"Afiliapub\" \/>\n<meta property=\"article:modified_time\" content=\"2024-03-05T16:14:52+00:00\" \/>\n<meta property=\"og:image\" content=\"https:\/\/afiliapub.com\/wp-content\/uploads\/2024\/03\/logo-afiliapub-1200-630.png\" \/>\n\t<meta property=\"og:image:width\" content=\"1200\" \/>\n\t<meta property=\"og:image:height\" content=\"630\" \/>\n\t<meta property=\"og:image:type\" content=\"image\/png\" \/>\n<meta name=\"twitter:card\" content=\"summary_large_image\" \/>\n<meta name=\"twitter:label1\" content=\"Dur\u00e9e de lecture estim\u00e9e\" \/>\n\t<meta name=\"twitter:data1\" content=\"1 minute\" \/>\n<script type=\"application\/ld+json\" class=\"yoast-schema-graph\">{\"@context\":\"https:\/\/schema.org\",\"@graph\":[{\"@type\":\"WebPage\",\"@id\":\"https:\/\/afiliapub.com\/fr\/affilies-avances\/\",\"url\":\"https:\/\/afiliapub.com\/fr\/affilies-avances\/\",\"name\":\"Affili\u00e9s Avanc\u00e9s | Afiliapub\",\"isPartOf\":{\"@id\":\"https:\/\/afiliapub.com\/#website\"},\"datePublished\":\"2024-03-04T12:34:12+00:00\",\"dateModified\":\"2024-03-05T16:14:52+00:00\",\"description\":\"Te proporcionaremos informaci\u00f3n y herramientas necesarias para que puedas comenzar exitosamente tu camino en el mundo de los afiliados\",\"breadcrumb\":{\"@id\":\"https:\/\/afiliapub.com\/fr\/affilies-avances\/#breadcrumb\"},\"inLanguage\":\"fr-FR\",\"potentialAction\":[{\"@type\":\"ReadAction\",\"target\":[\"https:\/\/afiliapub.com\/fr\/affilies-avances\/\"]}]},{\"@type\":\"BreadcrumbList\",\"@id\":\"https:\/\/afiliapub.com\/fr\/affilies-avances\/#breadcrumb\",\"itemListElement\":[{\"@type\":\"ListItem\",\"position\":1,\"name\":\"Accueil\",\"item\":\"https:\/\/afiliapub.com\/fr\/\"},{\"@type\":\"ListItem\",\"position\":2,\"name\":\"Affili\u00e9s Avanc\u00e9s\"}]},{\"@type\":\"WebSite\",\"@id\":\"https:\/\/afiliapub.com\/#website\",\"url\":\"https:\/\/afiliapub.com\/\",\"name\":\"Afiliapub\",\"description\":\"The Affiliate Network for Spain, Portugal, Brazil and South America\",\"publisher\":{\"@id\":\"https:\/\/afiliapub.com\/#organization\"},\"potentialAction\":[{\"@type\":\"SearchAction\",\"target\":{\"@type\":\"EntryPoint\",\"urlTemplate\":\"https:\/\/afiliapub.com\/?s={search_term_string}\"},\"query-input\":{\"@type\":\"PropertyValueSpecification\",\"valueRequired\":true,\"valueName\":\"search_term_string\"}}],\"inLanguage\":\"fr-FR\"},{\"@type\":\"Organization\",\"@id\":\"https:\/\/afiliapub.com\/#organization\",\"name\":\"Afiliapub\",\"url\":\"https:\/\/afiliapub.com\/\",\"logo\":{\"@type\":\"ImageObject\",\"inLanguage\":\"fr-FR\",\"@id\":\"https:\/\/afiliapub.com\/#\/schema\/logo\/image\/\",\"url\":\"https:\/\/afiliapub.com\/wp-content\/uploads\/2024\/03\/logo-afiliapub-1200-630.png\",\"contentUrl\":\"https:\/\/afiliapub.com\/wp-content\/uploads\/2024\/03\/logo-afiliapub-1200-630.png\",\"width\":1200,\"height\":630,\"caption\":\"Afiliapub\"},\"image\":{\"@id\":\"https:\/\/afiliapub.com\/#\/schema\/logo\/image\/\"}}]}<\/script>\n<!-- \/ Yoast SEO Premium plugin. -->","yoast_head_json":{"title":"Affili\u00e9s Avanc\u00e9s | Afiliapub","description":"Te proporcionaremos informaci\u00f3n y herramientas necesarias para que puedas comenzar exitosamente tu camino en el mundo de los afiliados","robots":{"index":"index","follow":"follow","max-snippet":"max-snippet:-1","max-image-preview":"max-image-preview:large","max-video-preview":"max-video-preview:-1"},"canonical":"https:\/\/afiliapub.com\/fr\/affilies-avances\/","og_locale":"fr_FR","og_type":"article","og_title":"Affili\u00e9s Avanc\u00e9s","og_description":"Te proporcionaremos informaci\u00f3n y herramientas necesarias para que puedas comenzar exitosamente tu camino en el mundo de los afiliados","og_url":"https:\/\/afiliapub.com\/fr\/affilies-avances\/","og_site_name":"Afiliapub","article_modified_time":"2024-03-05T16:14:52+00:00","og_image":[{"width":1200,"height":630,"url":"https:\/\/afiliapub.com\/wp-content\/uploads\/2024\/03\/logo-afiliapub-1200-630.png","type":"image\/png"}],"twitter_card":"summary_large_image","twitter_misc":{"Dur\u00e9e de lecture estim\u00e9e":"1 minute"},"schema":{"@context":"https:\/\/schema.org","@graph":[{"@type":"WebPage","@id":"https:\/\/afiliapub.com\/fr\/affilies-avances\/","url":"https:\/\/afiliapub.com\/fr\/affilies-avances\/","name":"Affili\u00e9s Avanc\u00e9s | Afiliapub","isPartOf":{"@id":"https:\/\/afiliapub.com\/#website"},"datePublished":"2024-03-04T12:34:12+00:00","dateModified":"2024-03-05T16:14:52+00:00","description":"Te proporcionaremos informaci\u00f3n y herramientas necesarias para que puedas comenzar exitosamente tu camino en el mundo de los afiliados","breadcrumb":{"@id":"https:\/\/afiliapub.com\/fr\/affilies-avances\/#breadcrumb"},"inLanguage":"fr-FR","potentialAction":[{"@type":"ReadAction","target":["https:\/\/afiliapub.com\/fr\/affilies-avances\/"]}]},{"@type":"BreadcrumbList","@id":"https:\/\/afiliapub.com\/fr\/affilies-avances\/#breadcrumb","itemListElement":[{"@type":"ListItem","position":1,"name":"Accueil","item":"https:\/\/afiliapub.com\/fr\/"},{"@type":"ListItem","position":2,"name":"Affili\u00e9s Avanc\u00e9s"}]},{"@type":"WebSite","@id":"https:\/\/afiliapub.com\/#website","url":"https:\/\/afiliapub.com\/","name":"Afiliapub","description":"The Affiliate Network for Spain, Portugal, Brazil and South America","publisher":{"@id":"https:\/\/afiliapub.com\/#organization"},"potentialAction":[{"@type":"SearchAction","target":{"@type":"EntryPoint","urlTemplate":"https:\/\/afiliapub.com\/?s={search_term_string}"},"query-input":{"@type":"PropertyValueSpecification","valueRequired":true,"valueName":"search_term_string"}}],"inLanguage":"fr-FR"},{"@type":"Organization","@id":"https:\/\/afiliapub.com\/#organization","name":"Afiliapub","url":"https:\/\/afiliapub.com\/","logo":{"@type":"ImageObject","inLanguage":"fr-FR","@id":"https:\/\/afiliapub.com\/#\/schema\/logo\/image\/","url":"https:\/\/afiliapub.com\/wp-content\/uploads\/2024\/03\/logo-afiliapub-1200-630.png","contentUrl":"https:\/\/afiliapub.com\/wp-content\/uploads\/2024\/03\/logo-afiliapub-1200-630.png","width":1200,"height":630,"caption":"Afiliapub"},"image":{"@id":"https:\/\/afiliapub.com\/#\/schema\/logo\/image\/"}}]}},"_links":{"self":[{"href":"https:\/\/afiliapub.com\/fr\/wp-json\/wp\/v2\/pages\/35158","targetHints":{"allow":["GET"]}}],"collection":[{"href":"https:\/\/afiliapub.com\/fr\/wp-json\/wp\/v2\/pages"}],"about":[{"href":"https:\/\/afiliapub.com\/fr\/wp-json\/wp\/v2\/types\/page"}],"author":[{"embeddable":true,"href":"https:\/\/afiliapub.com\/fr\/wp-json\/wp\/v2\/users\/4306"}],"replies":[{"embeddable":true,"href":"https:\/\/afiliapub.com\/fr\/wp-json\/wp\/v2\/comments?post=35158"}],"version-history":[{"count":6,"href":"https:\/\/afiliapub.com\/fr\/wp-json\/wp\/v2\/pages\/35158\/revisions"}],"predecessor-version":[{"id":37119,"href":"https:\/\/afiliapub.com\/fr\/wp-json\/wp\/v2\/pages\/35158\/revisions\/37119"}],"wp:attachment":[{"href":"https:\/\/afiliapub.com\/fr\/wp-json\/wp\/v2\/media?parent=35158"}],"curies":[{"name":"wp","href":"https:\/\/api.w.org\/{rel}","templated":true}]}}