{"id":26216,"date":"2022-12-14T08:59:29","date_gmt":"2022-12-14T08:59:29","guid":{"rendered":"https:\/\/www.afiliapub.com\/?page_id=26216"},"modified":"2022-12-14T09:00:08","modified_gmt":"2022-12-14T09:00:08","slug":"afiliados-casa-de-apuestas","status":"publish","type":"page","link":"https:\/\/afiliapub.com\/en\/afiliados-casa-de-apuestas\/","title":{"rendered":"Afiliados Betsson"},"content":{"rendered":"\t\t<div data-elementor-type=\"wp-page\" data-elementor-id=\"26216\" class=\"elementor elementor-26216\">\n\t\t\t\t\t\t<section class=\"elementor-section elementor-top-section elementor-element elementor-element-70956cc5 elementor-section-boxed elementor-section-height-default elementor-section-height-default\" data-id=\"70956cc5\" data-element_type=\"section\" data-e-type=\"section\">\n\t\t\t\t\t\t<div class=\"elementor-container elementor-column-gap-default\">\n\t\t\t\t\t<div class=\"elementor-column elementor-col-100 elementor-top-column elementor-element elementor-element-1c1d477e\" data-id=\"1c1d477e\" data-element_type=\"column\" data-e-type=\"column\">\n\t\t\t<div class=\"elementor-widget-wrap elementor-element-populated\">\n\t\t\t\t\t\t<div class=\"elementor-element elementor-element-4b53a670 elementor-widget elementor-widget-heading\" data-id=\"4b53a670\" data-element_type=\"widget\" data-e-type=\"widget\" data-widget_type=\"heading.default\">\n\t\t\t\t<div class=\"elementor-widget-container\">\n\t\t\t\t\t<h1 class=\"elementor-heading-title elementor-size-default\">Afiliados Luckia<\/h1>\t\t\t\t<\/div>\n\t\t\t\t<\/div>\n\t\t\t\t<div class=\"elementor-element elementor-element-6f6ee26e elementor-widget elementor-widget-image\" data-id=\"6f6ee26e\" data-element_type=\"widget\" data-e-type=\"widget\" data-widget_type=\"image.default\">\n\t\t\t\t<div class=\"elementor-widget-container\">\n\t\t\t\t\t\t\t\t\t\t\t\t\t\t\t<img decoding=\"async\" src=\"https:\/\/afiliapub.com\/wp-content\/uploads\/elementor\/thumbs\/luckia-2-prbgz6ov1sr329wylzj5gedb7aghcbu62p61egve34.gif\" title=\"luckia\" alt=\"afiliados luckia\" loading=\"lazy\" \/>\t\t\t\t\t\t\t\t\t\t\t\t\t\t\t<\/div>\n\t\t\t\t<\/div>\n\t\t\t\t<div class=\"elementor-element elementor-element-254b51de elementor-widget elementor-widget-text-editor\" data-id=\"254b51de\" data-element_type=\"widget\" data-e-type=\"widget\" data-widget_type=\"text-editor.default\">\n\t\t\t\t<div class=\"elementor-widget-container\">\n\t\t\t\t\t\t\t\t\t<p class=\"MsoNormal\">Por medio de Afiliapub y con nuestro programa de <b>afiliados Luckia,<\/b> puedes promocionar una de las casas de apuestas con mejor reputaci\u00f3n en Europa y Am\u00e9rica Latina. Comparte tu enlace personal de <b>Luckia apuestas deportivas<\/b> <b>o casino <\/b>y gana dinero por cada usuario que se registre y apueste dinero.<\/p><p class=\"MsoNormal\"><b>\u00bfC\u00f3mo funciona el programa de afiliados Luckia?<\/b> La respuesta es muy simple. El Primer paso es entrar y crear un perfil en nuestra plataforma. Luego, ingresa en la pesta\u00f1a de campa\u00f1as y filtra por Luckia. Finalmente, ver\u00e1s las m\u00faltiples opciones que tienes para promocionar a Luckia por a trav\u00e9s de todos tus canales: Telegram, redes sociales, p\u00e1ginas web, entre otros.<\/p><p class=\"MsoNormal\">Te proporcionamos creativos banners, links \u00fanicos y personales, adem\u00e1s de una <b>asistencia personalizada por si tienes alguna pregunta o inconveniente<\/b>. Cont\u00e1ctanos en caso de cualquier no poder realizar la gesti\u00f3n, pero aqu\u00ed, en tres pasos, te explicamos c\u00f3mo hacer uso de tu link Luckia en Afiliapub:<\/p><p>Te proporcionamos creativos banners, links \u00fanicos y personales, adem\u00e1s de una <strong>asistencia personalizada por si tienes alguna pregunta o inconveniente<\/strong>. Cont\u00e1ctanos en caso de cualquier no poder realizar la gesti\u00f3n, pero aqu\u00ed, en tres pasos, te explicamos c\u00f3mo hacer uso de tu link Luckia en Afiliapub:<\/p><ol><li>Despu\u00e9s de registrate en Afiliapub, ve a campa\u00f1as y busca el programa de afiliaci\u00f3n Luckia<\/li><li>Aprieta donde dice obtener c\u00f3digo para obtener el link o banner en cuesti\u00f3n<\/li><li>Finalmente copia y pega tu enlace \u00fanico por donde quieras promocionando tu campa\u00f1a de afiliados Luckia<\/li><\/ol><div><p class=\"MsoNormal\">De esta forma, puedes empezar ya a <b>promocionar tu campa\u00f1a de Luckia<\/b>. Comparte tu c\u00f3digo a trav\u00e9s de todos los canales, para que tengas m\u00e1s oportunidad de generar comisiones, por medio de la plataforma de Afiliapub.\u00a0<\/p><\/div>\t\t\t\t\t\t\t\t<\/div>\n\t\t\t\t<\/div>\n\t\t\t\t<div class=\"elementor-element elementor-element-28b63ae3 elementor-widget elementor-widget-heading\" data-id=\"28b63ae3\" data-element_type=\"widget\" data-e-type=\"widget\" data-widget_type=\"heading.default\">\n\t\t\t\t<div class=\"elementor-widget-container\">\n\t\t\t\t\t<h2 class=\"elementor-heading-title elementor-size-default\">Luckia apuestas deportivas afiliados<\/h2>\t\t\t\t<\/div>\n\t\t\t\t<\/div>\n\t\t\t\t<div class=\"elementor-element elementor-element-210098f8 elementor-widget elementor-widget-text-editor\" data-id=\"210098f8\" data-element_type=\"widget\" data-e-type=\"widget\" data-widget_type=\"text-editor.default\">\n\t\t\t\t<div class=\"elementor-widget-container\">\n\t\t\t\t\t\t\t\t\t<p>Mediante <strong>Luckia apuestas deportivas, <\/strong>consigue aumentar tus ganancias gracias a todos los eventos deportivos. Encuentra diversos eventos deportivos para promocionar; desde los m\u00e1s tops hasta aquellos que son de nicho<\/p><p>Entre los deportes m\u00e1s visitados por los usuarios podemos distinguir: el f\u00fatbol, rugby, basquetbol, v\u00f3leibol, carrera de caballos y golf. Adem\u00e1s, puedes <strong>promocionar apuestas deportivas en vivo, <\/strong>para que sepas que tus links \u00fanicos y personales funcionan para cada ocasi\u00f3n.<\/p>\t\t\t\t\t\t\t\t<\/div>\n\t\t\t\t<\/div>\n\t\t\t\t<div class=\"elementor-element elementor-element-5229e70 elementor-widget elementor-widget-heading\" data-id=\"5229e70\" data-element_type=\"widget\" data-e-type=\"widget\" data-widget_type=\"heading.default\">\n\t\t\t\t<div class=\"elementor-widget-container\">\n\t\t\t\t\t<h2 class=\"elementor-heading-title elementor-size-default\">Luckia casino afiliados<\/h2>\t\t\t\t<\/div>\n\t\t\t\t<\/div>\n\t\t\t\t<div class=\"elementor-element elementor-element-bc65809 elementor-widget elementor-widget-text-editor\" data-id=\"bc65809\" data-element_type=\"widget\" data-e-type=\"widget\" data-widget_type=\"text-editor.default\">\n\t\t\t\t<div class=\"elementor-widget-container\">\n\t\t\t\t\t\t\t\t\t<p>Gracias al <strong>programa de afiliaci\u00f3n casino Luckia<\/strong> puedes pegar tu enlace personal de Afiliapub y generar dinero. Encuentra los mejores juegos de casino en l\u00ednea para dar a conocer: ruleta, tragamonedas, apuestas de cartas, entre muchos otros.<\/p><p>Una de las formas de ser persuasivo para que los usuarios se registren a trav\u00e9s de tu enlace personal de Afiliapub en Luckia es hacer referencia a las mejores tragaperras, anunciar cu\u00e1ndo se producen los campeonatos de p\u00f3ker, etc.<\/p>\t\t\t\t\t\t\t\t<\/div>\n\t\t\t\t<\/div>\n\t\t\t\t<div class=\"elementor-element elementor-element-5563a277 elementor-widget elementor-widget-heading\" data-id=\"5563a277\" data-element_type=\"widget\" data-e-type=\"widget\" data-widget_type=\"heading.default\">\n\t\t\t\t<div class=\"elementor-widget-container\">\n\t\t\t\t\t<h2 class=\"elementor-heading-title elementor-size-default\">Luckia Bonos<\/h2>\t\t\t\t<\/div>\n\t\t\t\t<\/div>\n\t\t\t\t<div class=\"elementor-element elementor-element-ac267b2 elementor-widget elementor-widget-text-editor\" data-id=\"ac267b2\" data-element_type=\"widget\" data-e-type=\"widget\" data-widget_type=\"text-editor.default\">\n\t\t\t\t<div class=\"elementor-widget-container\">\n\t\t\t\t\t\t\t\t\t<p><strong>Luckia bonos son beneficiosos premios<\/strong> para los jugadores. Por lo tanto, te recomendamos que cuando des a conocer tus campa\u00f1as hacer referencia a este punto. Es decir, para que un jugador se registre por medio de tu link personal haz referencia en este punto, menciona c\u00f3mo sacar provecho de estos bonos, de c\u00f3mo tambi\u00e9n cobrar cuando se gana dinero y de lo genial que es estar apostando dinero obsequiado por la casa de apuesta Luckia.<\/p><p>Nuestra plataforma ofrece diversos contenidos gratuitos, m\u00faltiples herramientas para promocionar y rastreo de las conversiones de tus links. Genera comisiones desde cualquier lugar con Afiliapub. Crea una cuenta, ll\u00e9vate un bono de bienvenida y gana comisiones al instante.<\/p>\t\t\t\t\t\t\t\t<\/div>\n\t\t\t\t<\/div>\n\t\t\t\t\t<\/div>\n\t\t<\/div>\n\t\t\t\t\t<\/div>\n\t\t<\/section>\n\t\t\t\t<section class=\"elementor-section elementor-top-section elementor-element elementor-element-6e4c6d96 elementor-section-boxed elementor-section-height-default elementor-section-height-default\" data-id=\"6e4c6d96\" data-element_type=\"section\" data-e-type=\"section\">\n\t\t\t\t\t\t<div class=\"elementor-container elementor-column-gap-default\">\n\t\t\t\t\t<div class=\"elementor-column elementor-col-100 elementor-top-column elementor-element elementor-element-5c00d7b\" data-id=\"5c00d7b\" data-element_type=\"column\" data-e-type=\"column\">\n\t\t\t<div class=\"elementor-widget-wrap elementor-element-populated\">\n\t\t\t\t\t\t<div class=\"elementor-element elementor-element-28b5c742 elementor-align-center elementor-widget elementor-widget-button\" data-id=\"28b5c742\" data-element_type=\"widget\" data-e-type=\"widget\" data-widget_type=\"button.default\">\n\t\t\t\t<div class=\"elementor-widget-container\">\n\t\t\t\t\t\t\t\t\t<div class=\"elementor-button-wrapper\">\n\t\t\t\t\t<a class=\"elementor-button elementor-button-link elementor-size-sm\" href=\"https:\/\/afiliapub.com\/affiliates\/affiliates\/signup.php?a_aid=84351723\">\n\t\t\t\t\t\t<span class=\"elementor-button-content-wrapper\">\n\t\t\t\t\t\t\t\t\t<span class=\"elementor-button-text\">Convertirme en afiliado<\/span>\n\t\t\t\t\t<\/span>\n\t\t\t\t\t<\/a>\n\t\t\t\t<\/div>\n\t\t\t\t\t\t\t\t<\/div>\n\t\t\t\t<\/div>\n\t\t\t\t\t<\/div>\n\t\t<\/div>\n\t\t\t\t\t<\/div>\n\t\t<\/section>\n\t\t\t\t<\/div>\n\t\t","protected":false},"excerpt":{"rendered":"<p>Afiliados Luckia Por medio de Afiliapub y con nuestro programa de afiliados Luckia, puedes promocionar una de las casas de apuestas con mejor reputaci\u00f3n en Europa y Am\u00e9rica Latina. Comparte tu enlace personal de Luckia apuestas deportivas o casino y gana dinero por cada usuario que se registre y apueste dinero. \u00bfC\u00f3mo funciona el programa [&hellip;]<\/p>\n","protected":false},"author":4313,"featured_media":0,"parent":0,"menu_order":0,"comment_status":"closed","ping_status":"closed","template":"","meta":{"footnotes":""},"class_list":["post-26216","page","type-page","status-publish","hentry"],"yoast_head":"<!-- This site is optimized with the Yoast SEO Premium plugin v18.1 (Yoast SEO v27.0) - https:\/\/yoast.com\/product\/yoast-seo-premium-wordpress\/ -->\n<title>Afiliados Betsson | Afiliapub<\/title>\n<meta name=\"robots\" content=\"index, follow, max-snippet:-1, max-image-preview:large, max-video-preview:-1\" \/>\n<link rel=\"canonical\" href=\"https:\/\/afiliapub.com\/latam\/afiliados-casa-de-apuestas\/\" \/>\n<meta property=\"og:locale\" content=\"en_US\" \/>\n<meta property=\"og:type\" content=\"article\" \/>\n<meta property=\"og:title\" content=\"Afiliados Betsson\" \/>\n<meta property=\"og:description\" content=\"Afiliados Luckia Por medio de Afiliapub y con nuestro programa de afiliados Luckia, puedes promocionar una de las casas de apuestas con mejor reputaci\u00f3n en Europa y Am\u00e9rica Latina. Comparte tu enlace personal de Luckia apuestas deportivas o casino y gana dinero por cada usuario que se registre y apueste dinero. \u00bfC\u00f3mo funciona el programa [&hellip;]\" \/>\n<meta property=\"og:url\" content=\"https:\/\/afiliapub.com\/latam\/afiliados-casa-de-apuestas\/\" \/>\n<meta property=\"og:site_name\" content=\"Afiliapub\" \/>\n<meta property=\"article:modified_time\" content=\"2022-12-14T09:00:08+00:00\" \/>\n<meta property=\"og:image\" content=\"https:\/\/www.afiliapub.com\/wp-content\/uploads\/2022\/07\/luckia-2-120x57.gif\" \/>\n<meta name=\"twitter:card\" content=\"summary_large_image\" \/>\n<meta name=\"twitter:label1\" content=\"Est. reading time\" \/>\n\t<meta name=\"twitter:data1\" content=\"3 minutes\" \/>\n<script type=\"application\/ld+json\" class=\"yoast-schema-graph\">{\"@context\":\"https:\/\/schema.org\",\"@graph\":[{\"@type\":\"WebPage\",\"@id\":\"https:\/\/afiliapub.com\/latam\/afiliados-casa-de-apuestas\/\",\"url\":\"https:\/\/afiliapub.com\/latam\/afiliados-casa-de-apuestas\/\",\"name\":\"Afiliados Betsson | Afiliapub\",\"isPartOf\":{\"@id\":\"https:\/\/afiliapub.com\/#website\"},\"primaryImageOfPage\":{\"@id\":\"https:\/\/afiliapub.com\/latam\/afiliados-casa-de-apuestas\/#primaryimage\"},\"image\":{\"@id\":\"https:\/\/afiliapub.com\/latam\/afiliados-casa-de-apuestas\/#primaryimage\"},\"thumbnailUrl\":\"https:\/\/www.afiliapub.com\/wp-content\/uploads\/2022\/07\/luckia-2-120x57.gif\",\"datePublished\":\"2022-12-14T08:59:29+00:00\",\"dateModified\":\"2022-12-14T09:00:08+00:00\",\"breadcrumb\":{\"@id\":\"https:\/\/afiliapub.com\/latam\/afiliados-casa-de-apuestas\/#breadcrumb\"},\"inLanguage\":\"en-US\",\"potentialAction\":[{\"@type\":\"ReadAction\",\"target\":[\"https:\/\/afiliapub.com\/latam\/afiliados-casa-de-apuestas\/\"]}]},{\"@type\":\"ImageObject\",\"inLanguage\":\"en-US\",\"@id\":\"https:\/\/afiliapub.com\/latam\/afiliados-casa-de-apuestas\/#primaryimage\",\"url\":\"https:\/\/www.afiliapub.com\/wp-content\/uploads\/2022\/07\/luckia-2-120x57.gif\",\"contentUrl\":\"https:\/\/www.afiliapub.com\/wp-content\/uploads\/2022\/07\/luckia-2-120x57.gif\"},{\"@type\":\"BreadcrumbList\",\"@id\":\"https:\/\/afiliapub.com\/latam\/afiliados-casa-de-apuestas\/#breadcrumb\",\"itemListElement\":[{\"@type\":\"ListItem\",\"position\":1,\"name\":\"Accueil\",\"item\":\"https:\/\/afiliapub.com\/\"},{\"@type\":\"ListItem\",\"position\":2,\"name\":\"Afiliados Betsson\"}]},{\"@type\":\"WebSite\",\"@id\":\"https:\/\/afiliapub.com\/#website\",\"url\":\"https:\/\/afiliapub.com\/\",\"name\":\"Afiliapub\",\"description\":\"Os principais afiliados na rede dedicada aos paises de lingua portuguesa e espanhola: Brasil, Portugal, Espanha e todos os paises da America Latina\",\"publisher\":{\"@id\":\"https:\/\/afiliapub.com\/#organization\"},\"potentialAction\":[{\"@type\":\"SearchAction\",\"target\":{\"@type\":\"EntryPoint\",\"urlTemplate\":\"https:\/\/afiliapub.com\/?s={search_term_string}\"},\"query-input\":{\"@type\":\"PropertyValueSpecification\",\"valueRequired\":true,\"valueName\":\"search_term_string\"}}],\"inLanguage\":\"en-US\"},{\"@type\":\"Organization\",\"@id\":\"https:\/\/afiliapub.com\/#organization\",\"name\":\"Afiliapub\",\"url\":\"https:\/\/afiliapub.com\/\",\"logo\":{\"@type\":\"ImageObject\",\"inLanguage\":\"en-US\",\"@id\":\"https:\/\/afiliapub.com\/#\/schema\/logo\/image\/\",\"url\":\"https:\/\/afiliapub.com\/wp-content\/uploads\/2024\/03\/logo-afiliapub-1200-630.png\",\"contentUrl\":\"https:\/\/afiliapub.com\/wp-content\/uploads\/2024\/03\/logo-afiliapub-1200-630.png\",\"width\":1200,\"height\":630,\"caption\":\"Afiliapub\"},\"image\":{\"@id\":\"https:\/\/afiliapub.com\/#\/schema\/logo\/image\/\"}}]}<\/script>\n<!-- \/ Yoast SEO Premium plugin. -->","yoast_head_json":{"title":"Afiliados Betsson | Afiliapub","robots":{"index":"index","follow":"follow","max-snippet":"max-snippet:-1","max-image-preview":"max-image-preview:large","max-video-preview":"max-video-preview:-1"},"canonical":"https:\/\/afiliapub.com\/latam\/afiliados-casa-de-apuestas\/","og_locale":"en_US","og_type":"article","og_title":"Afiliados Betsson","og_description":"Afiliados Luckia Por medio de Afiliapub y con nuestro programa de afiliados Luckia, puedes promocionar una de las casas de apuestas con mejor reputaci\u00f3n en Europa y Am\u00e9rica Latina. Comparte tu enlace personal de Luckia apuestas deportivas o casino y gana dinero por cada usuario que se registre y apueste dinero. \u00bfC\u00f3mo funciona el programa [&hellip;]","og_url":"https:\/\/afiliapub.com\/latam\/afiliados-casa-de-apuestas\/","og_site_name":"Afiliapub","article_modified_time":"2022-12-14T09:00:08+00:00","og_image":[{"url":"https:\/\/www.afiliapub.com\/wp-content\/uploads\/2022\/07\/luckia-2-120x57.gif","type":"","width":"","height":""}],"twitter_card":"summary_large_image","twitter_misc":{"Est. reading time":"3 minutes"},"schema":{"@context":"https:\/\/schema.org","@graph":[{"@type":"WebPage","@id":"https:\/\/afiliapub.com\/latam\/afiliados-casa-de-apuestas\/","url":"https:\/\/afiliapub.com\/latam\/afiliados-casa-de-apuestas\/","name":"Afiliados Betsson | Afiliapub","isPartOf":{"@id":"https:\/\/afiliapub.com\/#website"},"primaryImageOfPage":{"@id":"https:\/\/afiliapub.com\/latam\/afiliados-casa-de-apuestas\/#primaryimage"},"image":{"@id":"https:\/\/afiliapub.com\/latam\/afiliados-casa-de-apuestas\/#primaryimage"},"thumbnailUrl":"https:\/\/www.afiliapub.com\/wp-content\/uploads\/2022\/07\/luckia-2-120x57.gif","datePublished":"2022-12-14T08:59:29+00:00","dateModified":"2022-12-14T09:00:08+00:00","breadcrumb":{"@id":"https:\/\/afiliapub.com\/latam\/afiliados-casa-de-apuestas\/#breadcrumb"},"inLanguage":"en-US","potentialAction":[{"@type":"ReadAction","target":["https:\/\/afiliapub.com\/latam\/afiliados-casa-de-apuestas\/"]}]},{"@type":"ImageObject","inLanguage":"en-US","@id":"https:\/\/afiliapub.com\/latam\/afiliados-casa-de-apuestas\/#primaryimage","url":"https:\/\/www.afiliapub.com\/wp-content\/uploads\/2022\/07\/luckia-2-120x57.gif","contentUrl":"https:\/\/www.afiliapub.com\/wp-content\/uploads\/2022\/07\/luckia-2-120x57.gif"},{"@type":"BreadcrumbList","@id":"https:\/\/afiliapub.com\/latam\/afiliados-casa-de-apuestas\/#breadcrumb","itemListElement":[{"@type":"ListItem","position":1,"name":"Accueil","item":"https:\/\/afiliapub.com\/"},{"@type":"ListItem","position":2,"name":"Afiliados Betsson"}]},{"@type":"WebSite","@id":"https:\/\/afiliapub.com\/#website","url":"https:\/\/afiliapub.com\/","name":"Afiliapub","description":"Os principais afiliados na rede dedicada aos paises de lingua portuguesa e espanhola: Brasil, Portugal, Espanha e todos os paises da America Latina","publisher":{"@id":"https:\/\/afiliapub.com\/#organization"},"potentialAction":[{"@type":"SearchAction","target":{"@type":"EntryPoint","urlTemplate":"https:\/\/afiliapub.com\/?s={search_term_string}"},"query-input":{"@type":"PropertyValueSpecification","valueRequired":true,"valueName":"search_term_string"}}],"inLanguage":"en-US"},{"@type":"Organization","@id":"https:\/\/afiliapub.com\/#organization","name":"Afiliapub","url":"https:\/\/afiliapub.com\/","logo":{"@type":"ImageObject","inLanguage":"en-US","@id":"https:\/\/afiliapub.com\/#\/schema\/logo\/image\/","url":"https:\/\/afiliapub.com\/wp-content\/uploads\/2024\/03\/logo-afiliapub-1200-630.png","contentUrl":"https:\/\/afiliapub.com\/wp-content\/uploads\/2024\/03\/logo-afiliapub-1200-630.png","width":1200,"height":630,"caption":"Afiliapub"},"image":{"@id":"https:\/\/afiliapub.com\/#\/schema\/logo\/image\/"}}]}},"_links":{"self":[{"href":"https:\/\/afiliapub.com\/en\/wp-json\/wp\/v2\/pages\/26216","targetHints":{"allow":["GET"]}}],"collection":[{"href":"https:\/\/afiliapub.com\/en\/wp-json\/wp\/v2\/pages"}],"about":[{"href":"https:\/\/afiliapub.com\/en\/wp-json\/wp\/v2\/types\/page"}],"author":[{"embeddable":true,"href":"https:\/\/afiliapub.com\/en\/wp-json\/wp\/v2\/users\/4313"}],"replies":[{"embeddable":true,"href":"https:\/\/afiliapub.com\/en\/wp-json\/wp\/v2\/comments?post=26216"}],"version-history":[{"count":5,"href":"https:\/\/afiliapub.com\/en\/wp-json\/wp\/v2\/pages\/26216\/revisions"}],"predecessor-version":[{"id":26665,"href":"https:\/\/afiliapub.com\/en\/wp-json\/wp\/v2\/pages\/26216\/revisions\/26665"}],"wp:attachment":[{"href":"https:\/\/afiliapub.com\/en\/wp-json\/wp\/v2\/media?parent=26216"}],"curies":[{"name":"wp","href":"https:\/\/api.w.org\/{rel}","templated":true}]}}